{"id":727212,"date":"2025-08-27T20:18:31","date_gmt":"2025-08-27T17:18:31","guid":{"rendered":"https:\/\/roveyayinevi.com.tr\/index.php\/urun\/satis-101-2\/"},"modified":"2026-04-16T02:34:55","modified_gmt":"2026-04-15T23:34:55","slug":"satis-101-2","status":"publish","type":"product","link":"https:\/\/roveyayinevi.com.tr\/index.php\/urun\/satis-101-2\/","title":{"rendered":"Sat\u0131\u015f 101"},"content":{"rendered":"<p>Bazen \u00f6zellikle kariyeriniz i\u00e7in gerekli olan yeni bir beceriyi edinmek \u00e7ok zor gelir: Bir taraftan i\u015finize konsantre olup sizden beklenenleri yapman\u0131z, di\u011fer taraftan ise bolca okuyarak, hatta kurslara kat\u0131larak kendinizi geli\u015ftirmeniz gerekir. Oysa zaman\u0131n\u0131z da enerjiniz de bu\u0308tu\u0308n bunlara yetmeyebilir. Sat\u0131\u015f 101, sat\u0131\u015f alan\u0131nda \u00e7al\u0131\u015fmak isteyen ya da halihaz\u0131rda bu alanda bir kariyer yolunda ilerleyenlere zamanlar\u0131n\u0131 ve enerjilerini en verimli \u015fekilde kullanarak i\u015flerinde nas\u0131l daha ba\u015far\u0131l\u0131 olabileceklerini g\u00f6stermek i\u00e7in haz\u0131rland\u0131. Sat\u0131\u015f\u0131n temel kurallar\u0131ndan sat\u0131\u015f kapama tekniklerine, mu\u0308\u015fterileri elinizde tutmaktan iyi bir sat\u0131\u015f y\u00f6neticisi olmaya kadar merak etti\u011finiz her \u015fey bu kapsaml\u0131 kitapta sizi bekliyor. <\/p>\n","protected":false},"excerpt":{"rendered":"<p>Bazen \u00f6zellikle kariyeriniz i\u00e7in gerekli olan yeni bir beceriyi edinmek \u00e7ok zor gelir: Bir taraftan i\u015finize konsantre olup sizden beklenenleri yapman\u0131z, di\u011fer taraftan ise bolca okuyarak,<span class=\"excerpt-hellip\"> [\u2026]<\/span><\/p>\n","protected":false},"featured_media":0,"template":"","meta":{"_monsterinsights_skip_tracking":false,"_monsterinsights_sitenote_active":false,"_monsterinsights_sitenote_note":"","_monsterinsights_sitenote_category":0},"product_brand":[],"product_cat":[13043,17492],"product_tag":[],"class_list":{"0":"post-727212","1":"product","2":"type-product","3":"status-publish","5":"product_cat-ekonomi","6":"product_cat-pazarlama-satis-reklam","7":"pa_cilt-ciltsiz","8":"pa_tur-kitap","9":"pa_yayinevi-say-yayinlari","10":"pa_yazar-wendy-connick","12":"first","13":"instock","14":"sale","15":"shipping-taxable","16":"purchasable","17":"product-type-simple"},"_links":{"self":[{"href":"https:\/\/roveyayinevi.com.tr\/index.php\/wp-json\/wp\/v2\/product\/727212","targetHints":{"allow":["GET"]}}],"collection":[{"href":"https:\/\/roveyayinevi.com.tr\/index.php\/wp-json\/wp\/v2\/product"}],"about":[{"href":"https:\/\/roveyayinevi.com.tr\/index.php\/wp-json\/wp\/v2\/types\/product"}],"wp:attachment":[{"href":"https:\/\/roveyayinevi.com.tr\/index.php\/wp-json\/wp\/v2\/media?parent=727212"}],"wp:term":[{"taxonomy":"product_brand","embeddable":true,"href":"https:\/\/roveyayinevi.com.tr\/index.php\/wp-json\/wp\/v2\/product_brand?post=727212"},{"taxonomy":"product_cat","embeddable":true,"href":"https:\/\/roveyayinevi.com.tr\/index.php\/wp-json\/wp\/v2\/product_cat?post=727212"},{"taxonomy":"product_tag","embeddable":true,"href":"https:\/\/roveyayinevi.com.tr\/index.php\/wp-json\/wp\/v2\/product_tag?post=727212"}],"curies":[{"name":"wp","href":"https:\/\/api.w.org\/{rel}","templated":true}]}}