{"id":727211,"date":"2025-08-27T20:18:30","date_gmt":"2025-08-27T17:18:30","guid":{"rendered":"https:\/\/roveyayinevi.com.tr\/index.php\/urun\/kisilik-ve-politika\/"},"modified":"2025-11-21T06:24:02","modified_gmt":"2025-11-21T03:24:02","slug":"kisilik-ve-politika","status":"publish","type":"product","link":"https:\/\/roveyayinevi.com.tr\/index.php\/urun\/kisilik-ve-politika\/","title":{"rendered":"Ki\u015filik ve Politika"},"content":{"rendered":"<p>D\u00fcnyay\u0131 de\u011fi\u015ftirme iddias\u0131yla yola \u00e7\u0131kan devrimciler, kendilerini ne kadar de\u011fi\u015ftirebildiler? Yeni bir insan yaratma \u00e7abas\u0131 i\u00e7indeki devrimci militanlar\u0131n kendi kimlikleri, savunduklar\u0131 ideolojiyle ne kadar uyumlu? Devrimci bir kimli\u011fe sahip olmayanlar\u0131n devrimci bir politikalar\u0131 olabilir mi? Kimlik ve politika aras\u0131ndaki diyalektik ba\u011f\u0131, T\u00fcrk ve K\u00fcrt Solu nezdinde ele alan bu kitap, yukar\u0131daki sorular\u0131 samimiyetle yan\u0131tl\u0131yor\u2026 <\/p>\n","protected":false},"excerpt":{"rendered":"<p>D\u00fcnyay\u0131 de\u011fi\u015ftirme iddias\u0131yla yola \u00e7\u0131kan devrimciler, kendilerini ne kadar de\u011fi\u015ftirebildiler? Yeni bir insan yaratma \u00e7abas\u0131 i\u00e7indeki devrimci militanlar\u0131n kendi kimlikleri, savunduklar\u0131 ideolojiyle ne kadar uyumlu? Devrimci<span class=\"excerpt-hellip\"> [\u2026]<\/span><\/p>\n","protected":false},"featured_media":0,"template":"","meta":{"_monsterinsights_skip_tracking":false,"_monsterinsights_sitenote_active":false,"_monsterinsights_sitenote_note":"","_monsterinsights_sitenote_category":0},"product_brand":[],"product_cat":[12777,12291],"product_tag":[],"class_list":{"0":"post-727211","1":"product","2":"type-product","3":"status-publish","5":"product_cat-deneme","6":"product_cat-edebiyat","7":"pa_cilt-ciltsiz","8":"pa_tur-kitap","9":"pa_yayinevi-favori-yayinlari","10":"pa_yazar-hamit-baldemir","12":"first","13":"instock","14":"sale","15":"shipping-taxable","16":"purchasable","17":"product-type-simple"},"_links":{"self":[{"href":"https:\/\/roveyayinevi.com.tr\/index.php\/wp-json\/wp\/v2\/product\/727211","targetHints":{"allow":["GET"]}}],"collection":[{"href":"https:\/\/roveyayinevi.com.tr\/index.php\/wp-json\/wp\/v2\/product"}],"about":[{"href":"https:\/\/roveyayinevi.com.tr\/index.php\/wp-json\/wp\/v2\/types\/product"}],"wp:attachment":[{"href":"https:\/\/roveyayinevi.com.tr\/index.php\/wp-json\/wp\/v2\/media?parent=727211"}],"wp:term":[{"taxonomy":"product_brand","embeddable":true,"href":"https:\/\/roveyayinevi.com.tr\/index.php\/wp-json\/wp\/v2\/product_brand?post=727211"},{"taxonomy":"product_cat","embeddable":true,"href":"https:\/\/roveyayinevi.com.tr\/index.php\/wp-json\/wp\/v2\/product_cat?post=727211"},{"taxonomy":"product_tag","embeddable":true,"href":"https:\/\/roveyayinevi.com.tr\/index.php\/wp-json\/wp\/v2\/product_tag?post=727211"}],"curies":[{"name":"wp","href":"https:\/\/api.w.org\/{rel}","templated":true}]}}