{"id":727208,"date":"2025-08-27T20:18:28","date_gmt":"2025-08-27T17:18:28","guid":{"rendered":"https:\/\/roveyayinevi.com.tr\/index.php\/urun\/daha-da-kucukler-icin-su-acayip-salyangozlar\/"},"modified":"2026-04-16T02:34:55","modified_gmt":"2026-04-15T23:34:55","slug":"daha-da-kucukler-icin-su-acayip-salyangozlar","status":"publish","type":"product","link":"https:\/\/roveyayinevi.com.tr\/index.php\/urun\/daha-da-kucukler-icin-su-acayip-salyangozlar\/","title":{"rendered":"Daha da K\u00fc\u00e7\u00fckler \u0130\u00e7in \u015eu Acayip Salyangozlar"},"content":{"rendered":"<p>Bir Salyangozu bir s\u00fcm\u00fckl\u00fcb\u00f6cekten ilk bak\u0131\u015fta nas\u0131l ay\u0131rabilirsin?Kabu\u011fu olan salyangoz, kabu\u011fu olmayan s\u00fcm\u00fckl\u00fc b\u00f6cektir!Peki bir salyangozu kabu\u011fundan \u00e7\u0131kar\u0131rsak, o bir s\u00fcm\u00fckl\u00fcb\u00f6cek mi olur?Hay\u0131r, \u00f6l\u00fc bir salyangoz olur!O zaman kabuk \u00e7ok \u00f6nemli desene!Kabuk \u00f6nemli evet! Hem de \u00e7ok!Herkesin bir evi olmal\u0131! Ay\u0131lar\u0131n inleri, ku\u015flar\u0131n yuvalar\u0131, y\u0131lanlar\u0131n delikleri, \u00f6r\u00fcmceklerin a\u011flar\u0131, ineklerin ah\u0131rlar\u0131, koyunlar\u0131n a\u011f\u0131llar\u0131&#8230;Ve ev, istedi\u011fin zaman \u00e7\u0131k\u0131p gidebilece\u011fin, geri d\u00f6nd\u00fc\u011f\u00fcnde de yerinde s\u0131ms\u0131cak bulabilece\u011fin bir yer olmal\u0131.Ya da gitti\u011fin her yere g\u00f6t\u00fcrebilece\u011fin!O zaman, kendine bir karavan almal\u0131s\u0131n! \u00c7\u00fcnk\u00fc sen bir salyangoz de\u011filsin!Salyangozlar, t\u0131pk\u0131 kaplumba\u011falar gibi d\u00fcnyaya evleri ile gelirler. Daha do\u011frusu yumurtadan evleri ile birlikte \u00e7\u0131karlar. B\u00f6ylece hayatlar\u0131 boyunca, bar\u0131nak sorunu ya\u015famazlar.Bir salyangozun kabu\u011funa hi\u00e7 yak\u0131ndan bakt\u0131n m\u0131? Yeti\u015fkin bir salyangozun kabu\u011funun en ortas\u0131nda kalan, yumurtadan ilk \u00e7\u0131kt\u0131\u011f\u0131 halidir. Oradan ba\u015flay\u0131p, halkalar\u0131n\u0131 sayarsan, ya\u015f\u0131n\u0131 a\u015fa\u011f\u0131 yukar\u0131 \u00f6\u011frenmi\u015f olursun.Tam olarak \u00f6\u011frenemem yani?A\u015fa\u011f\u0131 yukar\u0131 i\u015fte!H\u0131mm&#8230;San\u0131r\u0131m bu kadar\u0131 da yeter.E\u011fer salyangozuna do\u011fum g\u00fcn\u00fc partisid\u00fczenlemeyeceksen elbette yeter!<\/p>\n","protected":false},"excerpt":{"rendered":"<p>Bir Salyangozu bir s\u00fcm\u00fckl\u00fcb\u00f6cekten ilk bak\u0131\u015fta nas\u0131l ay\u0131rabilirsin?Kabu\u011fu olan salyangoz, kabu\u011fu olmayan s\u00fcm\u00fckl\u00fc b\u00f6cektir!Peki bir salyangozu kabu\u011fundan \u00e7\u0131kar\u0131rsak, o bir s\u00fcm\u00fckl\u00fcb\u00f6cek mi olur?Hay\u0131r, \u00f6l\u00fc bir salyangoz<span class=\"excerpt-hellip\"> [\u2026]<\/span><\/p>\n","protected":false},"featured_media":0,"template":"","meta":{"_monsterinsights_skip_tracking":false,"_monsterinsights_sitenote_active":false,"_monsterinsights_sitenote_note":"","_monsterinsights_sitenote_category":0},"product_brand":[],"product_cat":[13829,12274],"product_tag":[],"class_list":{"0":"post-727208","1":"product","2":"type-product","3":"status-publish","5":"product_cat-bilimsel-kitaplar","6":"product_cat-cocuk-ve-genclik-kitaplari","7":"pa_cilt-ciltsiz","8":"pa_tur-kitap","9":"pa_yayinevi-ugurbocegi-yayinlari","10":"pa_yazar-tarik-uslu","12":"first","13":"instock","14":"sale","15":"shipping-taxable","16":"purchasable","17":"product-type-simple"},"_links":{"self":[{"href":"https:\/\/roveyayinevi.com.tr\/index.php\/wp-json\/wp\/v2\/product\/727208","targetHints":{"allow":["GET"]}}],"collection":[{"href":"https:\/\/roveyayinevi.com.tr\/index.php\/wp-json\/wp\/v2\/product"}],"about":[{"href":"https:\/\/roveyayinevi.com.tr\/index.php\/wp-json\/wp\/v2\/types\/product"}],"wp:attachment":[{"href":"https:\/\/roveyayinevi.com.tr\/index.php\/wp-json\/wp\/v2\/media?parent=727208"}],"wp:term":[{"taxonomy":"product_brand","embeddable":true,"href":"https:\/\/roveyayinevi.com.tr\/index.php\/wp-json\/wp\/v2\/product_brand?post=727208"},{"taxonomy":"product_cat","embeddable":true,"href":"https:\/\/roveyayinevi.com.tr\/index.php\/wp-json\/wp\/v2\/product_cat?post=727208"},{"taxonomy":"product_tag","embeddable":true,"href":"https:\/\/roveyayinevi.com.tr\/index.php\/wp-json\/wp\/v2\/product_tag?post=727208"}],"curies":[{"name":"wp","href":"https:\/\/api.w.org\/{rel}","templated":true}]}}