{"id":727206,"date":"2025-08-27T20:18:27","date_gmt":"2025-08-27T17:18:27","guid":{"rendered":"https:\/\/roveyayinevi.com.tr\/index.php\/urun\/savci-dogan-ozu-vurdular\/"},"modified":"2026-04-16T02:34:55","modified_gmt":"2026-04-15T23:34:55","slug":"savci-dogan-ozu-vurdular","status":"publish","type":"product","link":"https:\/\/roveyayinevi.com.tr\/index.php\/urun\/savci-dogan-ozu-vurdular\/","title":{"rendered":"Savc\u0131 Do\u011fan \u00d6z&#8217;\u00fc Vurdular"},"content":{"rendered":"<p>\u201cElimizdeki bilgiler, belgeler ve tan\u0131k ifadeleri cinayeti \u0130brahim \u00c7ift\u00e7i\u2019nin i\u015fledi\u011fini g\u00f6sterirken ve vicdani kanaatimiz de bu y\u00f6nde olu\u015fmu\u015ftur. Ancak  (\u2026) Askeri Yarg\u0131tay Daireler Kurulu kararlar\u0131 da mahkememizi ba\u011flay\u0131c\u0131 nitelikte bulundu\u011fundan, bu nedenle Askeri Yarg\u0131tay Daireler Kurulu\u2019nun san\u0131k \u0130brahim \u00c7ift\u00e7i hakk\u0131ndaki sekizde yedilik oy \u00e7oklu\u011funa dayanan bozma ilam\u0131na uyularak s\u0131rf bu hukuki zorunluluk nedeniyle san\u0131k \u0130brahim \u00c7ift\u00e7i\u2019nin beraat\u0131na karar verilmi\u015ftir.\u201d   Savc\u0131 Do\u011fan \u00d6z, 24 Mart 1978\u2019de, arac\u0131n\u0131n i\u00e7inde \u00fczerine yedi kez ate\u015f edilerek katledildi. 1 May\u0131s 1977 katliam\u0131ndan sonra, Mara\u015f katliam\u0131ndan \u00f6nceydi. Do\u011fan \u00d6z cinayeti, 12 Eyl\u00fcl 1980 darbesine giden yolu olu\u015fturmak i\u00e7in yap\u0131lan yasa d\u0131\u015f\u0131 eylemlerden biri gibi g\u00f6r\u00fcn\u00fcyordu. Oysa bu cinayeti di\u011fer sald\u0131r\u0131lardan ay\u0131ran \u00f6nemli bir fark vard\u0131. Savc\u0131 Do\u011fan \u00d6z, o d\u00f6nemde devletin en \u00fcst basamaklar\u0131nda olanlar\u0131n bile ad\u0131n\u0131 bilmedi\u011fi bir \u00f6rg\u00fct\u00fc ortaya \u00e7\u0131karm\u0131\u015ft\u0131: Kontrgerilla!   Gazeteci Berivan Tapan, b\u00fct\u00fcn y\u00f6nleriyle, \u00f6ncesi ve sonras\u0131yla ara\u015ft\u0131rd\u0131\u011f\u0131, belgelere, tan\u0131k ifadelerine dayanan \u00e7al\u0131\u015fmas\u0131yla bu cinayetin bilinmeyen, unutulmaya y\u00fcz tutan noktalar\u0131n\u0131 Savc\u0131 Do\u011fan \u00d6z\u2019\u00fc Vurdular- Bir Kontrgerilla Cinayeti\u2019nde bir araya getiriyor, \u00fcst\u00fc \u00f6rt\u00fclmeye \u00e7al\u0131\u015f\u0131lan bu olay\u0131 toplumsal haf\u0131zaya bir kez daha hat\u0131rlat\u0131yor. <\/p>\n","protected":false},"excerpt":{"rendered":"<p>\u201cElimizdeki bilgiler, belgeler ve tan\u0131k ifadeleri cinayeti \u0130brahim \u00c7ift\u00e7i\u2019nin i\u015fledi\u011fini g\u00f6sterirken ve vicdani kanaatimiz de bu y\u00f6nde olu\u015fmu\u015ftur. Ancak (\u2026) Askeri Yarg\u0131tay Daireler Kurulu kararlar\u0131 da<span class=\"excerpt-hellip\"> [\u2026]<\/span><\/p>\n","protected":false},"featured_media":0,"template":"","meta":{"_monsterinsights_skip_tracking":false,"_monsterinsights_sitenote_active":false,"_monsterinsights_sitenote_note":"","_monsterinsights_sitenote_category":0},"product_brand":[],"product_cat":[13590,12337],"product_tag":[],"class_list":{"0":"post-727206","1":"product","2":"type-product","3":"status-publish","5":"product_cat-arastirma-inceleme-politika-siyaset","6":"product_cat-politika-siyaset","7":"pa_cilt-ciltsiz","8":"pa_tur-kitap","9":"pa_yayinevi-tekin-yayinevi","10":"pa_yazar-berivan-tapan","12":"first","13":"instock","14":"sale","15":"shipping-taxable","16":"purchasable","17":"product-type-simple"},"_links":{"self":[{"href":"https:\/\/roveyayinevi.com.tr\/index.php\/wp-json\/wp\/v2\/product\/727206","targetHints":{"allow":["GET"]}}],"collection":[{"href":"https:\/\/roveyayinevi.com.tr\/index.php\/wp-json\/wp\/v2\/product"}],"about":[{"href":"https:\/\/roveyayinevi.com.tr\/index.php\/wp-json\/wp\/v2\/types\/product"}],"wp:attachment":[{"href":"https:\/\/roveyayinevi.com.tr\/index.php\/wp-json\/wp\/v2\/media?parent=727206"}],"wp:term":[{"taxonomy":"product_brand","embeddable":true,"href":"https:\/\/roveyayinevi.com.tr\/index.php\/wp-json\/wp\/v2\/product_brand?post=727206"},{"taxonomy":"product_cat","embeddable":true,"href":"https:\/\/roveyayinevi.com.tr\/index.php\/wp-json\/wp\/v2\/product_cat?post=727206"},{"taxonomy":"product_tag","embeddable":true,"href":"https:\/\/roveyayinevi.com.tr\/index.php\/wp-json\/wp\/v2\/product_tag?post=727206"}],"curies":[{"name":"wp","href":"https:\/\/api.w.org\/{rel}","templated":true}]}}