{"id":727205,"date":"2025-08-27T20:18:26","date_gmt":"2025-08-27T17:18:26","guid":{"rendered":"https:\/\/roveyayinevi.com.tr\/index.php\/urun\/daha-da-kucukler-icin-acayip-seyler-dizisi-set-5-kitap-takim\/"},"modified":"2026-04-16T02:34:55","modified_gmt":"2026-04-15T23:34:55","slug":"daha-da-kucukler-icin-acayip-seyler-dizisi-set-5-kitap-takim","status":"publish","type":"product","link":"https:\/\/roveyayinevi.com.tr\/index.php\/urun\/daha-da-kucukler-icin-acayip-seyler-dizisi-set-5-kitap-takim\/","title":{"rendered":"Daha da K\u00fc\u00e7\u00fckler \u0130\u00e7in Acayip \u015eeyler Dizisi Set &#8211; 5 Kitap Tak\u0131m"},"content":{"rendered":"<p>1) Daha da K\u00fc\u00e7\u00fckler \u0130\u00e7in \u015eu Acayip Kediler 2) Daha da K\u00fc\u00e7\u00fckler \u0130\u00e7in \u015eu Acayip Dinozorlar 3) Daha da K\u00fc\u00e7\u00fckler \u0130\u00e7in \u015eu Acayip Kurba\u011falar 4) Daha da K\u00fc\u00e7\u00fckler \u0130\u00e7in \u015eu Acayip Balinalar 5) Daha da K\u00fc\u00e7\u00fckler \u0130\u00e7in \u015eu Acayip Salyangozlar<\/p>\n","protected":false},"excerpt":{"rendered":"<p>1) Daha da K\u00fc\u00e7\u00fckler \u0130\u00e7in \u015eu Acayip Kediler 2) Daha da K\u00fc\u00e7\u00fckler \u0130\u00e7in \u015eu Acayip Dinozorlar 3) Daha da K\u00fc\u00e7\u00fckler \u0130\u00e7in \u015eu Acayip Kurba\u011falar 4) Daha<span class=\"excerpt-hellip\"> [\u2026]<\/span><\/p>\n","protected":false},"featured_media":0,"template":"","meta":{"_monsterinsights_skip_tracking":false,"_monsterinsights_sitenote_active":false,"_monsterinsights_sitenote_note":"","_monsterinsights_sitenote_category":0},"product_brand":[],"product_cat":[13829,12274],"product_tag":[],"class_list":{"0":"post-727205","1":"product","2":"type-product","3":"status-publish","5":"product_cat-bilimsel-kitaplar","6":"product_cat-cocuk-ve-genclik-kitaplari","7":"pa_cilt-set","8":"pa_tur-kitap","9":"pa_yayinevi-ugurbocegi-yayinlari","10":"pa_yazar-tarik-uslu","12":"first","13":"instock","14":"sale","15":"shipping-taxable","16":"purchasable","17":"product-type-simple"},"_links":{"self":[{"href":"https:\/\/roveyayinevi.com.tr\/index.php\/wp-json\/wp\/v2\/product\/727205","targetHints":{"allow":["GET"]}}],"collection":[{"href":"https:\/\/roveyayinevi.com.tr\/index.php\/wp-json\/wp\/v2\/product"}],"about":[{"href":"https:\/\/roveyayinevi.com.tr\/index.php\/wp-json\/wp\/v2\/types\/product"}],"wp:attachment":[{"href":"https:\/\/roveyayinevi.com.tr\/index.php\/wp-json\/wp\/v2\/media?parent=727205"}],"wp:term":[{"taxonomy":"product_brand","embeddable":true,"href":"https:\/\/roveyayinevi.com.tr\/index.php\/wp-json\/wp\/v2\/product_brand?post=727205"},{"taxonomy":"product_cat","embeddable":true,"href":"https:\/\/roveyayinevi.com.tr\/index.php\/wp-json\/wp\/v2\/product_cat?post=727205"},{"taxonomy":"product_tag","embeddable":true,"href":"https:\/\/roveyayinevi.com.tr\/index.php\/wp-json\/wp\/v2\/product_tag?post=727205"}],"curies":[{"name":"wp","href":"https:\/\/api.w.org\/{rel}","templated":true}]}}