{"id":727203,"date":"2025-08-27T20:18:24","date_gmt":"2025-08-27T17:18:24","guid":{"rendered":"https:\/\/roveyayinevi.com.tr\/index.php\/urun\/devletle-kalkinma\/"},"modified":"2026-04-16T02:34:55","modified_gmt":"2026-04-15T23:34:55","slug":"devletle-kalkinma","status":"publish","type":"product","link":"https:\/\/roveyayinevi.com.tr\/index.php\/urun\/devletle-kalkinma\/","title":{"rendered":"Devletle Kalk\u0131nma"},"content":{"rendered":"<p>Devletle Kalk\u0131nma, devletlerin iktisadi kalk\u0131nma s\u00fcre\u00e7lerindeki rollerinin yeniden g\u00fcndeme geldi\u011fi g\u00fcn\u00fcm\u00fczde T\u00fcrkiye \u00f6rne\u011fini merkeze al\u0131yor ve farkl\u0131 \u00fclke deneyimleriyle zenginle\u015ftirerek \u00e7ok boyutlu bir yakla\u015f\u0131m sunuyor.\u201cDe\u011ferli bir yazar grubunun katk\u0131lar\u0131yla, devletin kalk\u0131nma s\u00fcre\u00e7lerindeki rol\u00fcn\u00fc farkl\u0131 boyutlar\u0131yla ve \u00fclke \u00f6rnekleriyle inceleyen \u00f6nemli bir \u00e7al\u0131\u015fma. Bu alanda T\u00fcrk\u00e7e yaz\u0131na \u00f6nc\u00fc nitelikte bir katk\u0131 oldu\u011funu d\u00fc\u015f\u00fcn\u00fcyorum. Kitab\u0131n Fikret \u015eenses\u2019e arma\u011fan edilmi\u015f olmas\u0131 ayr\u0131 bir anlam ta\u015f\u0131yor.\u201dZiya \u00d6ni\u015f, Ko\u00e7 \u00dcniversitesi\u201cT\u00fcrkiye\u2019nin yeti\u015ftirdi\u011fi en de\u011ferli iktisat\u00e7\u0131lar\u0131ndan Fikret \u015eenses\u2019e arma\u011fan olarak haz\u0131rlanan bu zengin derleme, de\u011fi\u015fik boyutlar\u0131yla devlet-ekonomi ili\u015fkisini irdeliyor. Sosyal politikalardan k\u00fcreselle\u015fmeye, teknolojik geli\u015fmeden b\u00f6lgesel kalk\u0131nmaya, para politikas\u0131ndan tar\u0131m politikalar\u0131na, T\u00fcrkiye\u2019nin yak\u0131n ge\u00e7mi\u015finden Japonya, G\u00fcney Kore, \u00c7in \u00f6rneklerine uzanan bu \u00e7al\u0131\u015fmalar, devletin de\u011fi\u015fen fakat \u00f6nemini yitirmeyen rol\u00fcn\u00fc g\u00f6zler \u00f6n\u00fcne seriyor. Bu kitaptan siyasal ekonomi ile ilgilenen herkesin faydalanabilece\u011fini d\u00fc\u015f\u00fcn\u00fcyorum.\u201dDani Rodrik, Harvard \u00dcniversitesi\u201c\u2018Bir \u00fclkenin ticaret stratejisi, ayn\u0131 zamanda sanayi stratejisidir\u2019 g\u00f6r\u00fc\u015f\u00fcn\u00fc kalk\u0131nma iktisad\u0131 yaz\u0131n\u0131na bayrak edinen Fikret \u015eenses hocaya adanm\u0131\u015f on iki se\u00e7ki. Devletin iktisadi kalk\u0131nmadaki olmazsa olmaz rol\u00fc; k\u00fcresel ticaret, yeni normal ve kalk\u0131nmac\u0131 devlet, \u00e7arp\u0131c\u0131 \u00f6rnekler, dersler\u2026 Her sayfas\u0131nda Fikret hocan\u0131n sesi, solu\u011fu, ad\u0131mlar\u0131\u2026\u201dA. Erin\u00e7 Yeldan, Kadir Has \u00dcniversitesi<\/p>\n","protected":false},"excerpt":{"rendered":"<p>Devletle Kalk\u0131nma, devletlerin iktisadi kalk\u0131nma s\u00fcre\u00e7lerindeki rollerinin yeniden g\u00fcndeme geldi\u011fi g\u00fcn\u00fcm\u00fczde T\u00fcrkiye \u00f6rne\u011fini merkeze al\u0131yor ve farkl\u0131 \u00fclke deneyimleriyle zenginle\u015ftirerek \u00e7ok boyutlu bir yakla\u015f\u0131m sunuyor.\u201cDe\u011ferli bir<span class=\"excerpt-hellip\"> [\u2026]<\/span><\/p>\n","protected":false},"featured_media":0,"template":"","meta":{"_monsterinsights_skip_tracking":false,"_monsterinsights_sitenote_active":false,"_monsterinsights_sitenote_note":"","_monsterinsights_sitenote_category":0},"product_brand":[],"product_cat":[13590,12337],"product_tag":[],"class_list":{"0":"post-727203","1":"product","2":"type-product","3":"status-publish","5":"product_cat-arastirma-inceleme-politika-siyaset","6":"product_cat-politika-siyaset","7":"pa_cilt-ciltsiz","8":"pa_tur-kitap","9":"pa_yayinevi-iletisim-yayinlari","10":"pa_yazar-murad-tiryakioglu","12":"first","13":"instock","14":"sale","15":"shipping-taxable","16":"purchasable","17":"product-type-simple"},"_links":{"self":[{"href":"https:\/\/roveyayinevi.com.tr\/index.php\/wp-json\/wp\/v2\/product\/727203","targetHints":{"allow":["GET"]}}],"collection":[{"href":"https:\/\/roveyayinevi.com.tr\/index.php\/wp-json\/wp\/v2\/product"}],"about":[{"href":"https:\/\/roveyayinevi.com.tr\/index.php\/wp-json\/wp\/v2\/types\/product"}],"wp:attachment":[{"href":"https:\/\/roveyayinevi.com.tr\/index.php\/wp-json\/wp\/v2\/media?parent=727203"}],"wp:term":[{"taxonomy":"product_brand","embeddable":true,"href":"https:\/\/roveyayinevi.com.tr\/index.php\/wp-json\/wp\/v2\/product_brand?post=727203"},{"taxonomy":"product_cat","embeddable":true,"href":"https:\/\/roveyayinevi.com.tr\/index.php\/wp-json\/wp\/v2\/product_cat?post=727203"},{"taxonomy":"product_tag","embeddable":true,"href":"https:\/\/roveyayinevi.com.tr\/index.php\/wp-json\/wp\/v2\/product_tag?post=727203"}],"curies":[{"name":"wp","href":"https:\/\/api.w.org\/{rel}","templated":true}]}}