{"id":727202,"date":"2025-08-27T20:18:23","date_gmt":"2025-08-27T17:18:23","guid":{"rendered":"https:\/\/roveyayinevi.com.tr\/index.php\/urun\/iki-deli-dervis-yazyalnizi\/"},"modified":"2026-04-16T02:34:55","modified_gmt":"2026-04-15T23:34:55","slug":"iki-deli-dervis-yazyalnizi","status":"publish","type":"product","link":"https:\/\/roveyayinevi.com.tr\/index.php\/urun\/iki-deli-dervis-yazyalnizi\/","title":{"rendered":"\u0130ki Deli Dervi\u015f &#8211; Yazyaln\u0131z\u0131"},"content":{"rendered":"<p>\u201cBir ara k\u0131y\u0131ya tak\u0131ld\u0131 g\u00f6z\u00fcm. \u00c7\u0131r\u0131l\u00e7\u0131plak bir \u00e7ocuk vard\u0131. Yan yan y\u00fcr\u00fcyordu, yere bakarak. Bir yenge\u00e7 olmal\u0131yd\u0131 yerde. Bak\u0131p \u00f6yk\u00fcnd\u00fc\u011f\u00fc. Ba\u015f\u0131m\u0131 \u00e7evirmi\u015f iskambil oynamaya gidenlere bakm\u0131\u015ft\u0131m. D\u00fcmd\u00fcz y\u00fcr\u00fcyorlard\u0131. \u2018Bilmesem sizin de bir zamanlar yan yan, d\u00fc\u015fe kalka, yalan yanl\u0131\u015f y\u00fcr\u00fcd\u00fc\u011f\u00fcn\u00fcz\u00fc&#8230;\u2019 diye s\u00f6ylenmi\u015f, ufakl\u0131k gibi y\u00fcr\u00fcyerek yan\u0131na gitmi\u015ftim. \u015eimdi de bu kalabal\u0131k caddede yan yan y\u00fcr\u00fcsem yenge\u00e7 gibi, o \u00e7\u0131plak ufakl\u0131k gibi. Sonra da olacaklar\u0131, dostlar\u0131mla gitti\u011fim tatl\u0131c\u0131da oturup, G\u00f6zleri Gece\u2019ye yazsam.\u201d    Beh\u00e7et \u00c7elik, ilk iki \u00f6yk\u00fc kitab\u0131n\u0131n bir araya getirilmesiyle olu\u015fan bu kitapta yaln\u0131zl\u0131\u011f\u0131yla ba\u015f etmeye \u00e7al\u0131\u015fanlar\u0131n, uzaktan uza\u011fa \u00e2\u015f\u0131k olup d\u00fc\u015f kuranlar\u0131n, kendinden bir nebze uzakla\u015fmak isteyenlerin, ya\u015fam\u0131n \u00e7\u0131ld\u0131rtan tekd\u00fczeli\u011finden bunalanlar\u0131n, i\u015fsizli\u011fin ve belirsiz gelece\u011fin yaratt\u0131\u011f\u0131 bo\u015flukta kaybolanlar\u0131n, dost sohbetlerindeki samimiyeti arayanlar\u0131n hik\u00e2yelerine k\u00e2h ince bir keder k\u00e2h ince bir ironi i\u00e7eren \u00fcslubuyla hayat veriyor. \u0130ki Deli Dervi\u015f \/ Yazyaln\u0131z\u0131, ustal\u0131kla \u00f6r\u00fcl\u00fc \u00f6zg\u00fcn bir edebi evreni m\u00fcjdeleyen ilk \u00f6yk\u00fclerin s\u0131cac\u0131k bulu\u015fmas\u0131. <\/p>\n","protected":false},"excerpt":{"rendered":"<p>\u201cBir ara k\u0131y\u0131ya tak\u0131ld\u0131 g\u00f6z\u00fcm. \u00c7\u0131r\u0131l\u00e7\u0131plak bir \u00e7ocuk vard\u0131. Yan yan y\u00fcr\u00fcyordu, yere bakarak. Bir yenge\u00e7 olmal\u0131yd\u0131 yerde. Bak\u0131p \u00f6yk\u00fcnd\u00fc\u011f\u00fc. Ba\u015f\u0131m\u0131 \u00e7evirmi\u015f iskambil oynamaya gidenlere bakm\u0131\u015ft\u0131m.<span class=\"excerpt-hellip\"> [\u2026]<\/span><\/p>\n","protected":false},"featured_media":0,"template":"","meta":{"_monsterinsights_skip_tracking":false,"_monsterinsights_sitenote_active":false,"_monsterinsights_sitenote_note":"","_monsterinsights_sitenote_category":0},"product_brand":[],"product_cat":[12291,12711],"product_tag":[],"class_list":{"0":"post-727202","1":"product","2":"type-product","3":"status-publish","5":"product_cat-edebiyat","6":"product_cat-roman-oyku","7":"pa_cilt-ciltsiz","8":"pa_tur-kitap","9":"pa_yayinevi-iletisim-yayinlari","10":"pa_yazar-behcet-celik","12":"first","13":"instock","14":"sale","15":"shipping-taxable","16":"purchasable","17":"product-type-simple"},"_links":{"self":[{"href":"https:\/\/roveyayinevi.com.tr\/index.php\/wp-json\/wp\/v2\/product\/727202","targetHints":{"allow":["GET"]}}],"collection":[{"href":"https:\/\/roveyayinevi.com.tr\/index.php\/wp-json\/wp\/v2\/product"}],"about":[{"href":"https:\/\/roveyayinevi.com.tr\/index.php\/wp-json\/wp\/v2\/types\/product"}],"wp:attachment":[{"href":"https:\/\/roveyayinevi.com.tr\/index.php\/wp-json\/wp\/v2\/media?parent=727202"}],"wp:term":[{"taxonomy":"product_brand","embeddable":true,"href":"https:\/\/roveyayinevi.com.tr\/index.php\/wp-json\/wp\/v2\/product_brand?post=727202"},{"taxonomy":"product_cat","embeddable":true,"href":"https:\/\/roveyayinevi.com.tr\/index.php\/wp-json\/wp\/v2\/product_cat?post=727202"},{"taxonomy":"product_tag","embeddable":true,"href":"https:\/\/roveyayinevi.com.tr\/index.php\/wp-json\/wp\/v2\/product_tag?post=727202"}],"curies":[{"name":"wp","href":"https:\/\/api.w.org\/{rel}","templated":true}]}}