{"id":727201,"date":"2025-08-27T20:18:23","date_gmt":"2025-08-27T17:18:23","guid":{"rendered":"https:\/\/roveyayinevi.com.tr\/index.php\/urun\/kurmacanin-insasi\/"},"modified":"2026-04-16T02:34:55","modified_gmt":"2026-04-15T23:34:55","slug":"kurmacanin-insasi","status":"publish","type":"product","link":"https:\/\/roveyayinevi.com.tr\/index.php\/urun\/kurmacanin-insasi\/","title":{"rendered":"Kurmacan\u0131n \u0130n\u015fas\u0131"},"content":{"rendered":"<p>\u201cDo\u011fu\u015ftan yetenek\u201d diye bir \u015fey var m\u0131? Oyun yazarl\u0131\u011f\u0131 i\u00e7in do\u011fu\u015ftan yetenekli mi olmak gerekir? Yoksa herkes e\u011fitim yoluyla oyun yazar\u0131 olabilir mi? Yarat\u0131c\u0131l\u0131\u011f\u0131n, hayal g\u00fcc\u00fcn\u00fcn, yazma becerisinin do\u011fu\u015ftan gelen bir yetenek oldu\u011funu d\u00fc\u015f\u00fcn\u00fcyor olabilirsiniz. Fakat kimse do\u011fdu\u011funda herhangi bir sanat yetene\u011fiyle do\u011fmuyor. Kendindeki yetene\u011fi zamanla fark ediyor, \u00fczerine gidiyor, fazlas\u0131yla \u00e7al\u0131\u015farak, yetene\u011finin bir esere d\u00f6n\u00fc\u015fmesi i\u00e7in zaman ve emek harc\u0131yor. Do\u011fu\u015ftan gelen yetenek -e\u011fer varsa- tek ba\u015f\u0131na yeterli de de\u011fildir zaten. S\u00f6z konusu alanda bilgi birikimi, teknik e\u011fitim ve gerekli \u00e7aba g\u00f6sterilmezse tesad\u00fcfler d\u0131\u015f\u0131nda ortaya iyi bir eser koymak pek m\u00fcmk\u00fcn de\u011fildir. E\u011fer bir konuda yeteri kadar istek duyuyorsan\u0131z ve iste\u011finizi elde etmek i\u00e7in sab\u0131rla ve haz alarak \u00e7al\u0131\u015f\u0131yorsan\u0131z \u201cyetene\u011finiz\u201d var demektir. Kurmacan\u0131n \u0130n\u015fas\u0131, oyun yazarl\u0131\u011f\u0131 i\u00e7in bu yetene\u011finizi ke\u015ffetmeye, prati\u011fe d\u00f6kmeye d\u00f6n\u00fck ipu\u00e7lar\u0131 ta\u015f\u0131yan sistematik bir yazma ve okuma y\u00f6ntemidir.<\/p>\n","protected":false},"excerpt":{"rendered":"<p>\u201cDo\u011fu\u015ftan yetenek\u201d diye bir \u015fey var m\u0131? Oyun yazarl\u0131\u011f\u0131 i\u00e7in do\u011fu\u015ftan yetenekli mi olmak gerekir? Yoksa herkes e\u011fitim yoluyla oyun yazar\u0131 olabilir mi? Yarat\u0131c\u0131l\u0131\u011f\u0131n, hayal g\u00fcc\u00fcn\u00fcn,<span class=\"excerpt-hellip\"> [\u2026]<\/span><\/p>\n","protected":false},"featured_media":0,"template":"","meta":{"_monsterinsights_skip_tracking":false,"_monsterinsights_sitenote_active":false,"_monsterinsights_sitenote_note":"","_monsterinsights_sitenote_category":0},"product_brand":[],"product_cat":[12409,12408],"product_tag":[],"class_list":{"0":"post-727201","1":"product","2":"type-product","3":"status-publish","5":"product_cat-fotograf-sinema-tiyatro","6":"product_cat-sanat","7":"pa_cilt-ciltsiz","8":"pa_tur-kitap","9":"pa_yayinevi-habitus-yayinlari","10":"pa_yazar-oguz-arici","12":"first","13":"instock","14":"sale","15":"shipping-taxable","16":"purchasable","17":"product-type-simple"},"_links":{"self":[{"href":"https:\/\/roveyayinevi.com.tr\/index.php\/wp-json\/wp\/v2\/product\/727201","targetHints":{"allow":["GET"]}}],"collection":[{"href":"https:\/\/roveyayinevi.com.tr\/index.php\/wp-json\/wp\/v2\/product"}],"about":[{"href":"https:\/\/roveyayinevi.com.tr\/index.php\/wp-json\/wp\/v2\/types\/product"}],"wp:attachment":[{"href":"https:\/\/roveyayinevi.com.tr\/index.php\/wp-json\/wp\/v2\/media?parent=727201"}],"wp:term":[{"taxonomy":"product_brand","embeddable":true,"href":"https:\/\/roveyayinevi.com.tr\/index.php\/wp-json\/wp\/v2\/product_brand?post=727201"},{"taxonomy":"product_cat","embeddable":true,"href":"https:\/\/roveyayinevi.com.tr\/index.php\/wp-json\/wp\/v2\/product_cat?post=727201"},{"taxonomy":"product_tag","embeddable":true,"href":"https:\/\/roveyayinevi.com.tr\/index.php\/wp-json\/wp\/v2\/product_tag?post=727201"}],"curies":[{"name":"wp","href":"https:\/\/api.w.org\/{rel}","templated":true}]}}