{"id":727199,"date":"2025-08-27T20:18:21","date_gmt":"2025-08-27T17:18:21","guid":{"rendered":"https:\/\/roveyayinevi.com.tr\/index.php\/urun\/cocuklar-0-18-icin-kulturel-miras-calismalari-calistayi-bildiriler\/"},"modified":"2026-04-16T02:34:55","modified_gmt":"2026-04-15T23:34:55","slug":"cocuklar-0-18-icin-kulturel-miras-calismalari-calistayi-bildiriler","status":"publish","type":"product","link":"https:\/\/roveyayinevi.com.tr\/index.php\/urun\/cocuklar-0-18-icin-kulturel-miras-calismalari-calistayi-bildiriler\/","title":{"rendered":"\u00c7ocuklar (0-18) \u0130\u00e7in K\u00fclt\u00fcrel Miras \u00c7al\u0131\u015fmalar\u0131 \u00c7al\u0131\u015ftay\u0131, Bildiriler"},"content":{"rendered":"<p>\u00c7i\u011fdem Maner ve \u00d6zlem Dengiz U\u011fur taraf\u0131ndan yay\u0131na haz\u0131rlanan kitap, k\u00fclt\u00fcrel miras konusunda hem T\u00fcrkiye\u2019den hem de d\u00fcnyadan \u00f6rnekler sunularak, T\u00fcrkiye\u2019de bu konuda \u00e7al\u0131\u015fanlar i\u00e7in yeni fikirlerin olu\u015fmas\u0131 ve s\u00fcrd\u00fcrebilir k\u00fclt\u00fcrel miras e\u011fitiminin desteklenmesi amac\u0131yla 14-15 Kas\u0131m 2019\u2019da VEKAM taraf\u0131ndan ger\u00e7ekle\u015ftirilen \u00c7ocuklar i\u00e7in K\u00fclt\u00fcrel Miras \u00c7al\u0131\u015fmalar\u0131 \u00c7al\u0131\u015ftay\u0131\u2019nda sunulan bildiriler ve at\u00f6lye metinlerinden olu\u015fmaktad\u0131r. \u00dclkemizde ve d\u00fcnyada \u00e7ocuk ve gen\u00e7lere y\u00f6nelik k\u00fclt\u00fcrel miras e\u011fitimlerinin ele al\u0131nd\u0131\u011f\u0131 bildirileri kaleme alan ara\u015ft\u0131rmac\u0131lar\u0131n d\u00fczenledi\u011fi at\u00f6lyeler, farkl\u0131 platformlarda y\u00fcr\u00fct\u00fclen k\u00fclt\u00fcrel miras \u00e7al\u0131\u015fmalar\u0131n\u0131n \u00e7e\u015fitlili\u011finin ve zenginli\u011finin, sunumlar\u0131n temalar\u0131yla paralel i\u00e7eriklerle deneyimlenmesini sa\u011flam\u0131\u015ft\u0131r. \u00c7ocuklara y\u00f6nelik k\u00fclt\u00fcrel miras e\u011fitimi \u00e7al\u0131\u015fmalar\u0131 y\u00fcr\u00fctenler i\u00e7in y\u00f6ntem a\u00e7\u0131s\u0131ndan ba\u015fvuru kayna\u011f\u0131 niteli\u011fi ta\u015f\u0131yan bu kitab\u0131n ayn\u0131 zamanda bu alanda \u00f6zg\u00fcn \u00f6rneklerin g\u00f6r\u00fclebilece\u011fi bir rehber olarak kullan\u0131lmas\u0131 hedeflenmektedir.<\/p>\n","protected":false},"excerpt":{"rendered":"<p>\u00c7i\u011fdem Maner ve \u00d6zlem Dengiz U\u011fur taraf\u0131ndan yay\u0131na haz\u0131rlanan kitap, k\u00fclt\u00fcrel miras konusunda hem T\u00fcrkiye\u2019den hem de d\u00fcnyadan \u00f6rnekler sunularak, T\u00fcrkiye\u2019de bu konuda \u00e7al\u0131\u015fanlar i\u00e7in yeni<span class=\"excerpt-hellip\"> [\u2026]<\/span><\/p>\n","protected":false},"featured_media":0,"template":"","meta":{"_monsterinsights_skip_tracking":false,"_monsterinsights_sitenote_active":false,"_monsterinsights_sitenote_note":"","_monsterinsights_sitenote_category":0},"product_brand":[],"product_cat":[15563,24020],"product_tag":[],"class_list":{"0":"post-727199","1":"product","2":"type-product","3":"status-publish","5":"product_cat-hobi","6":"product_cat-kultur","7":"pa_cilt-ciltsiz","8":"pa_tur-kitap","9":"pa_yayinevi-vekam-koc-universitesi-vehbi-koc-ankara-arastirmalari-uygulama-ve-arastirma-merkezi","10":"pa_yazar-cigdem-maner-ozlem-deniz-ugur","12":"first","13":"instock","14":"sale","15":"shipping-taxable","16":"purchasable","17":"product-type-simple"},"_links":{"self":[{"href":"https:\/\/roveyayinevi.com.tr\/index.php\/wp-json\/wp\/v2\/product\/727199","targetHints":{"allow":["GET"]}}],"collection":[{"href":"https:\/\/roveyayinevi.com.tr\/index.php\/wp-json\/wp\/v2\/product"}],"about":[{"href":"https:\/\/roveyayinevi.com.tr\/index.php\/wp-json\/wp\/v2\/types\/product"}],"wp:attachment":[{"href":"https:\/\/roveyayinevi.com.tr\/index.php\/wp-json\/wp\/v2\/media?parent=727199"}],"wp:term":[{"taxonomy":"product_brand","embeddable":true,"href":"https:\/\/roveyayinevi.com.tr\/index.php\/wp-json\/wp\/v2\/product_brand?post=727199"},{"taxonomy":"product_cat","embeddable":true,"href":"https:\/\/roveyayinevi.com.tr\/index.php\/wp-json\/wp\/v2\/product_cat?post=727199"},{"taxonomy":"product_tag","embeddable":true,"href":"https:\/\/roveyayinevi.com.tr\/index.php\/wp-json\/wp\/v2\/product_tag?post=727199"}],"curies":[{"name":"wp","href":"https:\/\/api.w.org\/{rel}","templated":true}]}}