{"id":727197,"date":"2025-08-27T20:18:20","date_gmt":"2025-08-27T17:18:20","guid":{"rendered":"https:\/\/roveyayinevi.com.tr\/index.php\/urun\/buyuk-sorular-kitabim-hayvanlar-ciltli\/"},"modified":"2026-04-16T02:34:54","modified_gmt":"2026-04-15T23:34:54","slug":"buyuk-sorular-kitabim-hayvanlar-ciltli","status":"publish","type":"product","link":"https:\/\/roveyayinevi.com.tr\/index.php\/urun\/buyuk-sorular-kitabim-hayvanlar-ciltli\/","title":{"rendered":"B\u00fcy\u00fck Sorular Kitab\u0131m &#8211; Hayvanlar (Ciltli)"},"content":{"rendered":"<p>B\u00fcy\u00fck Sorular Kitab\u0131m serisi B\u00fcy\u00fck Sorular Kitab\u0131m &#8211; Hayvanlar kitab\u0131yla devam ediyor. Bu yepyeni kitap hayvanlar \u00e2lemi \u00fczerine 8 konuya ayr\u0131lm\u0131\u015f resimli sorular ve bunlar\u0131n resimli yan\u0131tlar\u0131yla, okuma ser\u00fcveninde emeklemeye ba\u015flayan merakl\u0131lara hem bilgilenecekleri hem e\u011flenecekleri reng\u00e2renk g\u00f6rsel bir \u015f\u00f6len sunuyor. Sorulara ve yan\u0131tlara e\u015flik eden 150\u2019yi a\u015fk\u0131n sevimli resim miniklerin hayvanlarla ilgili merak ettiklerini \u00f6\u011frenmesine yard\u0131m edecek\u2026 Evde, Bah\u00e7ede, Denizde, \u00c7iftlikte, Ormanda, Savanada, Buzullarda Ola\u011fan\u00fcst\u00fc hayvanlar! <\/p>\n","protected":false},"excerpt":{"rendered":"<p>B\u00fcy\u00fck Sorular Kitab\u0131m serisi B\u00fcy\u00fck Sorular Kitab\u0131m &#8211; Hayvanlar kitab\u0131yla devam ediyor. Bu yepyeni kitap hayvanlar \u00e2lemi \u00fczerine 8 konuya ayr\u0131lm\u0131\u015f resimli sorular ve bunlar\u0131n resimli<span class=\"excerpt-hellip\"> [\u2026]<\/span><\/p>\n","protected":false},"featured_media":0,"template":"","meta":{"_monsterinsights_skip_tracking":false,"_monsterinsights_sitenote_active":false,"_monsterinsights_sitenote_note":"","_monsterinsights_sitenote_category":0},"product_brand":[],"product_cat":[15192,12274],"product_tag":[],"class_list":{"0":"post-727197","1":"product","2":"type-product","3":"status-publish","5":"product_cat-1-3-yas-kitaplari","6":"product_cat-cocuk-ve-genclik-kitaplari","7":"pa_cilt-ciltli","8":"pa_tur-kitap","9":"pa_yayinevi-yapi-kredi-yayinlari-kultur","10":"pa_yazar-yapi-kredi-yayinlari-kolektif","12":"first","13":"instock","14":"sale","15":"shipping-taxable","16":"purchasable","17":"product-type-simple"},"_links":{"self":[{"href":"https:\/\/roveyayinevi.com.tr\/index.php\/wp-json\/wp\/v2\/product\/727197","targetHints":{"allow":["GET"]}}],"collection":[{"href":"https:\/\/roveyayinevi.com.tr\/index.php\/wp-json\/wp\/v2\/product"}],"about":[{"href":"https:\/\/roveyayinevi.com.tr\/index.php\/wp-json\/wp\/v2\/types\/product"}],"wp:attachment":[{"href":"https:\/\/roveyayinevi.com.tr\/index.php\/wp-json\/wp\/v2\/media?parent=727197"}],"wp:term":[{"taxonomy":"product_brand","embeddable":true,"href":"https:\/\/roveyayinevi.com.tr\/index.php\/wp-json\/wp\/v2\/product_brand?post=727197"},{"taxonomy":"product_cat","embeddable":true,"href":"https:\/\/roveyayinevi.com.tr\/index.php\/wp-json\/wp\/v2\/product_cat?post=727197"},{"taxonomy":"product_tag","embeddable":true,"href":"https:\/\/roveyayinevi.com.tr\/index.php\/wp-json\/wp\/v2\/product_tag?post=727197"}],"curies":[{"name":"wp","href":"https:\/\/api.w.org\/{rel}","templated":true}]}}