{"id":727195,"date":"2025-08-27T20:18:19","date_gmt":"2025-08-27T17:18:19","guid":{"rendered":"https:\/\/roveyayinevi.com.tr\/index.php\/urun\/dalgic-meslekleri-ogreniyorum-5\/"},"modified":"2026-04-16T02:34:54","modified_gmt":"2026-04-15T23:34:54","slug":"dalgic-meslekleri-ogreniyorum-5","status":"publish","type":"product","link":"https:\/\/roveyayinevi.com.tr\/index.php\/urun\/dalgic-meslekleri-ogreniyorum-5\/","title":{"rendered":"Dalg\u0131\u00e7- Meslekleri \u00d6\u011freniyorum 5"},"content":{"rendered":"<p>Evde \u00e7ok s\u0131k\u0131lan bir \u00e7ocuk, babas\u0131yla limana gidiyor. Aa, o da ne? Ayaklar\u0131nda palet olan biri var, bal\u0131klar\u0131n foto\u011fraf\u0131n\u0131 \u00e7ekiyor. Ad\u0131na dalg\u0131\u00e7 denilen bu insanlar denizin i\u00e7inde nas\u0131l nefes al\u0131yor? Sevilen yazar Koray Avc\u0131 \u00c7akman, Meslekleri \u00d6\u011freniyorum Serisi\u2019nin be\u015finci kitab\u0131nda \u00e7ocuklar\u0131 denizin derinliklerine davet ediyor. Sualt\u0131 ya\u015fam\u0131 inceleyen \u00e7ocuklar, dalg\u0131\u00e7 nedir, ne i\u015f yapar \u00f6\u011freniyor. <\/p>\n","protected":false},"excerpt":{"rendered":"<p>Evde \u00e7ok s\u0131k\u0131lan bir \u00e7ocuk, babas\u0131yla limana gidiyor. Aa, o da ne? Ayaklar\u0131nda palet olan biri var, bal\u0131klar\u0131n foto\u011fraf\u0131n\u0131 \u00e7ekiyor. Ad\u0131na dalg\u0131\u00e7 denilen bu insanlar denizin<span class=\"excerpt-hellip\"> [\u2026]<\/span><\/p>\n","protected":false},"featured_media":0,"template":"","meta":{"_monsterinsights_skip_tracking":false,"_monsterinsights_sitenote_active":false,"_monsterinsights_sitenote_note":"","_monsterinsights_sitenote_category":0},"product_brand":[],"product_cat":[12274,15842],"product_tag":[],"class_list":{"0":"post-727195","1":"product","2":"type-product","3":"status-publish","5":"product_cat-cocuk-ve-genclik-kitaplari","6":"product_cat-egitici-kitaplar","7":"pa_cilt-ciltsiz","8":"pa_tur-kitap","9":"pa_yayinevi-kirmizi-kedi-yayinevi","10":"pa_yazar-koray-avci-cakman","12":"first","13":"instock","14":"sale","15":"shipping-taxable","16":"purchasable","17":"product-type-simple"},"_links":{"self":[{"href":"https:\/\/roveyayinevi.com.tr\/index.php\/wp-json\/wp\/v2\/product\/727195","targetHints":{"allow":["GET"]}}],"collection":[{"href":"https:\/\/roveyayinevi.com.tr\/index.php\/wp-json\/wp\/v2\/product"}],"about":[{"href":"https:\/\/roveyayinevi.com.tr\/index.php\/wp-json\/wp\/v2\/types\/product"}],"wp:attachment":[{"href":"https:\/\/roveyayinevi.com.tr\/index.php\/wp-json\/wp\/v2\/media?parent=727195"}],"wp:term":[{"taxonomy":"product_brand","embeddable":true,"href":"https:\/\/roveyayinevi.com.tr\/index.php\/wp-json\/wp\/v2\/product_brand?post=727195"},{"taxonomy":"product_cat","embeddable":true,"href":"https:\/\/roveyayinevi.com.tr\/index.php\/wp-json\/wp\/v2\/product_cat?post=727195"},{"taxonomy":"product_tag","embeddable":true,"href":"https:\/\/roveyayinevi.com.tr\/index.php\/wp-json\/wp\/v2\/product_tag?post=727195"}],"curies":[{"name":"wp","href":"https:\/\/api.w.org\/{rel}","templated":true}]}}