{"id":727194,"date":"2025-08-27T20:18:18","date_gmt":"2025-08-27T17:18:18","guid":{"rendered":"https:\/\/roveyayinevi.com.tr\/index.php\/urun\/gizemli-tarih-oyunu-2-0-gobeklitepenin-heykeli\/"},"modified":"2026-04-16T02:34:54","modified_gmt":"2026-04-15T23:34:54","slug":"gizemli-tarih-oyunu-2-0-gobeklitepenin-heykeli","status":"publish","type":"product","link":"https:\/\/roveyayinevi.com.tr\/index.php\/urun\/gizemli-tarih-oyunu-2-0-gobeklitepenin-heykeli\/","title":{"rendered":"Gizemli Tarih Oyunu 2.0 &#8211; G\u00f6beklitepe&#8217;nin Heykeli"},"content":{"rendered":"<p>Ufuk ve G\u00f6k\u00e7e\u2019yi unutamayacaklar\u0131 bir yaz tatili beklemektedir. Arkeolog anne babalar\u0131yla birlikte G\u00f6beklitepe\u2019ye giden iki arkada\u015f, UNESCO D\u00fcnya Miras Listesi\u2019nde yer alan ve 12 bin y\u0131ll\u0131k ge\u00e7mi\u015fiyle herkesi b\u00fcy\u00fcleyen bu gizemli tarihi alan\u0131 birlikte ke\u015ffedecektir. Ufuk\u2019un bilgisayar oyunu Neolitik D\u00f6nem ve \u00c7atalh\u00f6y\u00fck maceralar\u0131n\u0131n kap\u0131s\u0131n\u0131 aralarken, iki kafadar acaba kay\u0131p heykelin izini bulabilecek midir? Gizemli Tarih Oyunu dizisinin ikinci kitab\u0131 G\u00f6beklitepe\u2019nin Kay\u0131p Heykeli, arkeoloji, tarih ve do\u011fayla i\u00e7 i\u00e7e bir maceraya davet ediyor.<\/p>\n","protected":false},"excerpt":{"rendered":"<p>Ufuk ve G\u00f6k\u00e7e\u2019yi unutamayacaklar\u0131 bir yaz tatili beklemektedir. Arkeolog anne babalar\u0131yla birlikte G\u00f6beklitepe\u2019ye giden iki arkada\u015f, UNESCO D\u00fcnya Miras Listesi\u2019nde yer alan ve 12 bin y\u0131ll\u0131k<span class=\"excerpt-hellip\"> [\u2026]<\/span><\/p>\n","protected":false},"featured_media":0,"template":"","meta":{"_monsterinsights_skip_tracking":false,"_monsterinsights_sitenote_active":false,"_monsterinsights_sitenote_note":"","_monsterinsights_sitenote_category":0},"product_brand":[],"product_cat":[12275,12274],"product_tag":[],"class_list":{"0":"post-727194","1":"product","2":"type-product","3":"status-publish","5":"product_cat-6-12-yas-kitaplari","6":"product_cat-cocuk-ve-genclik-kitaplari","7":"pa_cilt-ciltsiz","8":"pa_tur-kitap","9":"pa_yayinevi-kirmizi-kedi-yayinevi","10":"pa_yazar-demet-ekmekcioglu","12":"first","13":"instock","14":"sale","15":"shipping-taxable","16":"purchasable","17":"product-type-simple"},"_links":{"self":[{"href":"https:\/\/roveyayinevi.com.tr\/index.php\/wp-json\/wp\/v2\/product\/727194","targetHints":{"allow":["GET"]}}],"collection":[{"href":"https:\/\/roveyayinevi.com.tr\/index.php\/wp-json\/wp\/v2\/product"}],"about":[{"href":"https:\/\/roveyayinevi.com.tr\/index.php\/wp-json\/wp\/v2\/types\/product"}],"wp:attachment":[{"href":"https:\/\/roveyayinevi.com.tr\/index.php\/wp-json\/wp\/v2\/media?parent=727194"}],"wp:term":[{"taxonomy":"product_brand","embeddable":true,"href":"https:\/\/roveyayinevi.com.tr\/index.php\/wp-json\/wp\/v2\/product_brand?post=727194"},{"taxonomy":"product_cat","embeddable":true,"href":"https:\/\/roveyayinevi.com.tr\/index.php\/wp-json\/wp\/v2\/product_cat?post=727194"},{"taxonomy":"product_tag","embeddable":true,"href":"https:\/\/roveyayinevi.com.tr\/index.php\/wp-json\/wp\/v2\/product_tag?post=727194"}],"curies":[{"name":"wp","href":"https:\/\/api.w.org\/{rel}","templated":true}]}}