{"id":727193,"date":"2025-08-27T20:18:17","date_gmt":"2025-08-27T17:18:17","guid":{"rendered":"https:\/\/roveyayinevi.com.tr\/index.php\/urun\/uc-tarz-i-siyaset-4\/"},"modified":"2026-04-16T02:34:54","modified_gmt":"2026-04-15T23:34:54","slug":"uc-tarz-i-siyaset-4","status":"publish","type":"product","link":"https:\/\/roveyayinevi.com.tr\/index.php\/urun\/uc-tarz-i-siyaset-4\/","title":{"rendered":"\u00dc\u00e7 Tarz-\u0131 Siyaset"},"content":{"rendered":"<p>20. y\u00fczy\u0131l ba\u015f\u0131nda imparatorlu\u011fun kurtulu\u015fu i\u00e7in d\u00f6nemin ayd\u0131nlar\u0131 bir\u00e7ok re\u00e7ete sunarlarken yine ayn\u0131 d\u00f6nemde siyasi ve k\u00fclt\u00fcrel alanda \u00f6nem kazanan fikirlerin ba\u015f\u0131nda T\u00fcrk\u00e7\u00fcl\u00fck gelir. Tarihsel olarak T\u00fcrk d\u00fc\u015f\u00fcnce ve siyaset tarihinin \u00f6nemli fig\u00fcrleri aras\u0131nda yer alan Yusuf Ak\u00e7ura, ilk olarak Kahire\u2019de \u00e7\u0131kan T\u00fcrk gazetesinde yay\u0131nlad\u0131\u011f\u0131 \u201c\u00dc\u00e7 Tarz-\u0131 Siyaset\u201d adl\u0131 makalesiyle bu fikre b\u00fcy\u00fck bir ivme kazand\u0131r\u0131r. Bu sayede Ak\u00e7ura bir\u00e7oklar\u0131 i\u00e7in \u201cPant\u00fcrkizm\u201din babas\u0131 olarak adland\u0131r\u0131l\u0131r. T\u00fcrk\u00e7\u00fcl\u00fc\u011f\u00fcn manifestosu olarak kabul edilebilecek \u00dc\u00e7 Tarz-\u0131 Siyaset\u2019te Ak\u00e7ura, d\u00f6nemin \u00fc\u00e7 \u00f6nemli siyasi ak\u0131m\u0131n\u0131 (Osmanl\u0131c\u0131l\u0131k, \u0130slamc\u0131l\u0131k ve T\u00fcrk\u00e7\u00fcl\u00fck) ele al\u0131r ve bu ak\u0131mlar\u0131n olumlu-olumsuz yanlar\u0131n\u0131, ayr\u0131ca ne kadar uygulanabilir olduklar\u0131n\u0131 yine \u00f6rneklerle tart\u0131\u015f\u0131r. Kahire ve \u0130stanbul\u2019da yap\u0131lm\u0131\u015f bask\u0131lar\u0131 kar\u015f\u0131la\u015ft\u0131r\u0131larak, a\u00e7\u0131klama ve notlarla haz\u0131rlad\u0131\u011f\u0131m\u0131z \u00dc\u00e7 Tarz-\u0131 Siyaset, T\u00fcrk Ayd\u0131nlanmas\u0131 dizimizin de ilk kitab\u0131 olma \u00f6zelli\u011fini ta\u015f\u0131yor. <\/p>\n","protected":false},"excerpt":{"rendered":"<p>20. y\u00fczy\u0131l ba\u015f\u0131nda imparatorlu\u011fun kurtulu\u015fu i\u00e7in d\u00f6nemin ayd\u0131nlar\u0131 bir\u00e7ok re\u00e7ete sunarlarken yine ayn\u0131 d\u00f6nemde siyasi ve k\u00fclt\u00fcrel alanda \u00f6nem kazanan fikirlerin ba\u015f\u0131nda T\u00fcrk\u00e7\u00fcl\u00fck gelir. Tarihsel olarak<span class=\"excerpt-hellip\"> [\u2026]<\/span><\/p>\n","protected":false},"featured_media":0,"template":"","meta":{"_monsterinsights_skip_tracking":false,"_monsterinsights_sitenote_active":false,"_monsterinsights_sitenote_note":"","_monsterinsights_sitenote_category":0},"product_brand":[],"product_cat":[12312,12304],"product_tag":[],"class_list":{"0":"post-727193","1":"product","2":"type-product","3":"status-publish","5":"product_cat-diger","6":"product_cat-tarih","7":"pa_cilt-ciltsiz","8":"pa_tur-kitap","9":"pa_yayinevi-kirmizi-kedi-yayinevi","10":"pa_yazar-yusuf-akcura","12":"first","13":"instock","14":"sale","15":"shipping-taxable","16":"purchasable","17":"product-type-simple"},"_links":{"self":[{"href":"https:\/\/roveyayinevi.com.tr\/index.php\/wp-json\/wp\/v2\/product\/727193","targetHints":{"allow":["GET"]}}],"collection":[{"href":"https:\/\/roveyayinevi.com.tr\/index.php\/wp-json\/wp\/v2\/product"}],"about":[{"href":"https:\/\/roveyayinevi.com.tr\/index.php\/wp-json\/wp\/v2\/types\/product"}],"wp:attachment":[{"href":"https:\/\/roveyayinevi.com.tr\/index.php\/wp-json\/wp\/v2\/media?parent=727193"}],"wp:term":[{"taxonomy":"product_brand","embeddable":true,"href":"https:\/\/roveyayinevi.com.tr\/index.php\/wp-json\/wp\/v2\/product_brand?post=727193"},{"taxonomy":"product_cat","embeddable":true,"href":"https:\/\/roveyayinevi.com.tr\/index.php\/wp-json\/wp\/v2\/product_cat?post=727193"},{"taxonomy":"product_tag","embeddable":true,"href":"https:\/\/roveyayinevi.com.tr\/index.php\/wp-json\/wp\/v2\/product_tag?post=727193"}],"curies":[{"name":"wp","href":"https:\/\/api.w.org\/{rel}","templated":true}]}}