{"id":727192,"date":"2025-08-27T20:18:16","date_gmt":"2025-08-27T17:18:16","guid":{"rendered":"https:\/\/roveyayinevi.com.tr\/index.php\/urun\/kurtulus-savasi-kahramanlari-seti5-kitap\/"},"modified":"2026-04-16T02:34:54","modified_gmt":"2026-04-15T23:34:54","slug":"kurtulus-savasi-kahramanlari-seti5-kitap","status":"publish","type":"product","link":"https:\/\/roveyayinevi.com.tr\/index.php\/urun\/kurtulus-savasi-kahramanlari-seti5-kitap\/","title":{"rendered":"Kurtulu\u015f Sava\u015f\u0131 Kahramanlar\u0131 Seti(5 Kitap)"},"content":{"rendered":"<p>KURTULU\u015e SAVA\u015eI KAHRAMANLARI SET\u0130 (5 Kitap)1) \u00c7ete Ay\u015fe2) \u015eahin Bey3) Kara Fatma4) K\u00e2z\u0131m Karabekir5) Y\u00f6r\u00fck Ali Efe Hepimizin i\u00e7inde bir kahraman vard\u0131r. Bu kitap serisi, i\u00e7imizdeki kahramana sesleniyor.  \u00d6yk\u00fclerin diliyle \u0130nan\u00e7 Fedak\u00e2rl\u0131k Sab\u0131r Azim \u00dcmit Vefa duygular\u0131n\u0131 canland\u0131r\u0131p i\u00e7imizdeki kahraman\u0131 uyand\u0131r\u0131yor.  \u0130yi insanlar beyaz atlara binip gitti\u011finden beri i\u00e7imizde uyuyan kahraman\u0131n uyan\u0131p silkinme vakti gelmedi mi? \u00c7\u00fcnk\u00fc d\u00fcnyada \u00e7ok fazla k\u00f6t\u00fcl\u00fck var. \u0130simsiz kahramanlara, g\u00fczel insanlara ne kadar da muhtac\u0131z!<\/p>\n","protected":false},"excerpt":{"rendered":"<p>KURTULU\u015e SAVA\u015eI KAHRAMANLARI SET\u0130 (5 Kitap)1) \u00c7ete Ay\u015fe2) \u015eahin Bey3) Kara Fatma4) K\u00e2z\u0131m Karabekir5) Y\u00f6r\u00fck Ali Efe Hepimizin i\u00e7inde bir kahraman vard\u0131r. Bu kitap serisi, i\u00e7imizdeki<span class=\"excerpt-hellip\"> [\u2026]<\/span><\/p>\n","protected":false},"featured_media":0,"template":"","meta":{"_monsterinsights_skip_tracking":false,"_monsterinsights_sitenote_active":false,"_monsterinsights_sitenote_note":"","_monsterinsights_sitenote_category":0},"product_brand":[],"product_cat":[12275,12274],"product_tag":[],"class_list":{"0":"post-727192","1":"product","2":"type-product","3":"status-publish","5":"product_cat-6-12-yas-kitaplari","6":"product_cat-cocuk-ve-genclik-kitaplari","7":"pa_cilt-set","8":"pa_tur-kitap","9":"pa_yayinevi-ugurbocegi-yayinlari","10":"pa_yazar-zehra-aygul","12":"first","13":"instock","14":"sale","15":"shipping-taxable","16":"purchasable","17":"product-type-simple"},"_links":{"self":[{"href":"https:\/\/roveyayinevi.com.tr\/index.php\/wp-json\/wp\/v2\/product\/727192","targetHints":{"allow":["GET"]}}],"collection":[{"href":"https:\/\/roveyayinevi.com.tr\/index.php\/wp-json\/wp\/v2\/product"}],"about":[{"href":"https:\/\/roveyayinevi.com.tr\/index.php\/wp-json\/wp\/v2\/types\/product"}],"wp:attachment":[{"href":"https:\/\/roveyayinevi.com.tr\/index.php\/wp-json\/wp\/v2\/media?parent=727192"}],"wp:term":[{"taxonomy":"product_brand","embeddable":true,"href":"https:\/\/roveyayinevi.com.tr\/index.php\/wp-json\/wp\/v2\/product_brand?post=727192"},{"taxonomy":"product_cat","embeddable":true,"href":"https:\/\/roveyayinevi.com.tr\/index.php\/wp-json\/wp\/v2\/product_cat?post=727192"},{"taxonomy":"product_tag","embeddable":true,"href":"https:\/\/roveyayinevi.com.tr\/index.php\/wp-json\/wp\/v2\/product_tag?post=727192"}],"curies":[{"name":"wp","href":"https:\/\/api.w.org\/{rel}","templated":true}]}}