{"id":727189,"date":"2025-08-27T20:18:14","date_gmt":"2025-08-27T17:18:14","guid":{"rendered":"https:\/\/roveyayinevi.com.tr\/index.php\/urun\/herkes-evine-donmek-ister\/"},"modified":"2026-04-16T02:34:54","modified_gmt":"2026-04-15T23:34:54","slug":"herkes-evine-donmek-ister","status":"publish","type":"product","link":"https:\/\/roveyayinevi.com.tr\/index.php\/urun\/herkes-evine-donmek-ister\/","title":{"rendered":"Herkes Evine D\u00f6nmek \u0130ster"},"content":{"rendered":"<p>\u0130nsan\u0131n ilk yurdu anne kuca\u011f\u0131d\u0131r. Orada tutunamam\u0131\u015fsa bir daha hi\u00e7bir yere hi\u00e7 kimseye tutunamaz. Bu y\u00fczden baz\u0131lar\u0131n\u0131n bir yeri olsa da yurdu hi\u00e7 olmaz. Hayat\u0131 boyunca evim diyece\u011fi bir yer arar durur. Ne ya\u015fam\u0131\u015f olursa olsun iyile\u015fmek i\u00e7in d\u00f6nece\u011fi yer yine anne kuca\u011f\u0131, baba oca\u011f\u0131 olacakt\u0131r. \u00c7\u00fcnk\u00fc yara nerede a\u00e7\u0131lm\u0131\u015fsa iyile\u015fme de oradad\u0131r ve ne kadar uza\u011fa gitmi\u015f olursa olsun, g\u00fcn\u00fcn sonunda Herkes Evine D\u00f6nmek \u0130ster\u2026<\/p>\n","protected":false},"excerpt":{"rendered":"<p>\u0130nsan\u0131n ilk yurdu anne kuca\u011f\u0131d\u0131r. Orada tutunamam\u0131\u015fsa bir daha hi\u00e7bir yere hi\u00e7 kimseye tutunamaz. Bu y\u00fczden baz\u0131lar\u0131n\u0131n bir yeri olsa da yurdu hi\u00e7 olmaz. Hayat\u0131 boyunca<span class=\"excerpt-hellip\"> [\u2026]<\/span><\/p>\n","protected":false},"featured_media":0,"template":"","meta":{"_monsterinsights_skip_tracking":false,"_monsterinsights_sitenote_active":false,"_monsterinsights_sitenote_note":"","_monsterinsights_sitenote_category":0},"product_brand":[],"product_cat":[12358,12357],"product_tag":[],"class_list":{"0":"post-727189","1":"product","2":"type-product","3":"status-publish","5":"product_cat-genel-psikoloji","6":"product_cat-psikoloji","7":"pa_cilt-ciltsiz","8":"pa_tur-kitap","9":"pa_yayinevi-profil-kitap","10":"pa_yazar-tuba-karacan","12":"first","13":"instock","14":"sale","15":"shipping-taxable","16":"purchasable","17":"product-type-simple"},"_links":{"self":[{"href":"https:\/\/roveyayinevi.com.tr\/index.php\/wp-json\/wp\/v2\/product\/727189","targetHints":{"allow":["GET"]}}],"collection":[{"href":"https:\/\/roveyayinevi.com.tr\/index.php\/wp-json\/wp\/v2\/product"}],"about":[{"href":"https:\/\/roveyayinevi.com.tr\/index.php\/wp-json\/wp\/v2\/types\/product"}],"wp:attachment":[{"href":"https:\/\/roveyayinevi.com.tr\/index.php\/wp-json\/wp\/v2\/media?parent=727189"}],"wp:term":[{"taxonomy":"product_brand","embeddable":true,"href":"https:\/\/roveyayinevi.com.tr\/index.php\/wp-json\/wp\/v2\/product_brand?post=727189"},{"taxonomy":"product_cat","embeddable":true,"href":"https:\/\/roveyayinevi.com.tr\/index.php\/wp-json\/wp\/v2\/product_cat?post=727189"},{"taxonomy":"product_tag","embeddable":true,"href":"https:\/\/roveyayinevi.com.tr\/index.php\/wp-json\/wp\/v2\/product_tag?post=727189"}],"curies":[{"name":"wp","href":"https:\/\/api.w.org\/{rel}","templated":true}]}}