{"id":727188,"date":"2025-08-27T20:18:13","date_gmt":"2025-08-27T17:18:13","guid":{"rendered":"https:\/\/roveyayinevi.com.tr\/index.php\/urun\/kulak-asik-olurmus-gozden-evvel\/"},"modified":"2026-04-16T02:34:54","modified_gmt":"2026-04-15T23:34:54","slug":"kulak-asik-olurmus-gozden-evvel","status":"publish","type":"product","link":"https:\/\/roveyayinevi.com.tr\/index.php\/urun\/kulak-asik-olurmus-gozden-evvel\/","title":{"rendered":"Kulak A\u015f\u0131k Olurmu\u015f G\u00f6zden Evvel"},"content":{"rendered":"<p>Demi\u015flerdir gelenler bizden evvel : \u2018\u2019Kulak a\u015f\u0131k olurmu\u015f bizden evvel \u2026 \u2018\u2019 Hayat\u0131n i\u00e7inden kas\u0131n-erkek ili\u015fkilerini ak\u0131c\u0131 bir \u00fcslupla kaleme alan ve okuyuculara pratik \u00e7\u00f6z\u00fcm yollar\u0131 sunan Sema Mara\u015fl\u0131\u2019n\u0131n bu eseri de evlilik hayat\u0131nda mutlu olmak isteyenlere yepyeni ufuklar a\u00e7acak .   Kitapta yer alan yaz\u0131lardan baz\u0131lar\u0131n\u0131n ba\u015fl\u0131klar\u0131 \u015f\u00f6yle : \u2018\u2019Kulak A\u015f\u0131k Olurmu\u015f G\u00f6zden Evvel , Cennet Sevmeyi Bilenlerindir , \u00c7\u00f6p\u00fcn \u0130\u00e7inde G\u00fcl Yeti\u015fmez , Mutluluk Form\u00fclleri , K\u0131zlar Evlili\u011fe Haz\u0131r m\u0131 ? , G\u00f6n\u00fcls\u00fcz A\u015f , Kay\u0131nvalideler , Kad\u0131n\u0131n okuyan\u0131 Cad\u0131 m\u0131 olur ? , \u015eeytanla Al\u0131\u015fveri\u015f , S\u00fcsl\u00fc Yatak \u00d6rt\u00fcleri , Bitmeyen Ba\u015f A\u011fr\u0131alr\u0131 \u2026 \u2018\u2019    Keyif alarak okuyaca\u011f\u0131n\u0131z ve hayat\u0131n\u0131za sevgi katacak bir eser \u2026  Dilinizden , kula\u011f\u0131nz\u0131dan ,y\u00fcre\u011finizden sevgi hi\u00e7 eksik olmas\u0131n \u2026<\/p>\n","protected":false},"excerpt":{"rendered":"<p>Demi\u015flerdir gelenler bizden evvel : \u2018\u2019Kulak a\u015f\u0131k olurmu\u015f bizden evvel \u2026 \u2018\u2019 Hayat\u0131n i\u00e7inden kas\u0131n-erkek ili\u015fkilerini ak\u0131c\u0131 bir \u00fcslupla kaleme alan ve okuyuculara pratik \u00e7\u00f6z\u00fcm yollar\u0131<span class=\"excerpt-hellip\"> [\u2026]<\/span><\/p>\n","protected":false},"featured_media":0,"template":"","meta":{"_monsterinsights_skip_tracking":false,"_monsterinsights_sitenote_active":false,"_monsterinsights_sitenote_note":"","_monsterinsights_sitenote_category":0},"product_brand":[],"product_cat":[12831,12324],"product_tag":[],"class_list":{"0":"post-727188","1":"product","2":"type-product","3":"status-publish","5":"product_cat-aile-ve-cocuk","6":"product_cat-sosyoloji","7":"pa_cilt-ciltsiz","8":"pa_tur-kitap","9":"pa_yayinevi-profil-kitap","10":"pa_yazar-sema-marasli","12":"first","13":"instock","14":"sale","15":"shipping-taxable","16":"purchasable","17":"product-type-simple"},"_links":{"self":[{"href":"https:\/\/roveyayinevi.com.tr\/index.php\/wp-json\/wp\/v2\/product\/727188","targetHints":{"allow":["GET"]}}],"collection":[{"href":"https:\/\/roveyayinevi.com.tr\/index.php\/wp-json\/wp\/v2\/product"}],"about":[{"href":"https:\/\/roveyayinevi.com.tr\/index.php\/wp-json\/wp\/v2\/types\/product"}],"wp:attachment":[{"href":"https:\/\/roveyayinevi.com.tr\/index.php\/wp-json\/wp\/v2\/media?parent=727188"}],"wp:term":[{"taxonomy":"product_brand","embeddable":true,"href":"https:\/\/roveyayinevi.com.tr\/index.php\/wp-json\/wp\/v2\/product_brand?post=727188"},{"taxonomy":"product_cat","embeddable":true,"href":"https:\/\/roveyayinevi.com.tr\/index.php\/wp-json\/wp\/v2\/product_cat?post=727188"},{"taxonomy":"product_tag","embeddable":true,"href":"https:\/\/roveyayinevi.com.tr\/index.php\/wp-json\/wp\/v2\/product_tag?post=727188"}],"curies":[{"name":"wp","href":"https:\/\/api.w.org\/{rel}","templated":true}]}}