{"id":727187,"date":"2025-08-27T20:18:13","date_gmt":"2025-08-27T17:18:13","guid":{"rendered":"https:\/\/roveyayinevi.com.tr\/index.php\/urun\/esimle-tanismayi-unutmusuz\/"},"modified":"2026-04-16T02:34:54","modified_gmt":"2026-04-15T23:34:54","slug":"esimle-tanismayi-unutmusuz","status":"publish","type":"product","link":"https:\/\/roveyayinevi.com.tr\/index.php\/urun\/esimle-tanismayi-unutmusuz\/","title":{"rendered":"E\u015fimle Tan\u0131\u015fmay\u0131 Unutmu\u015fuz"},"content":{"rendered":"<p>Bug\u00fcn \u2018\u2019E\u015finizi Ne Kadar Tan\u0131yorsunuz ? \u2018\u2019 adl\u0131 bir televizyon program\u0131na davetlisiniz. Sizi d\u00fcr\u00fcstl\u00fck koltu\u011funa oturtacaklar.       Teredd\u00fct etmeden kat\u0131labilir misiniz ?       Ayn\u0131 evi ve ayn\u0131 yata\u011f\u0131 payla\u015ft\u0131\u011f\u0131n\u0131z ki\u015fiyi ne kadar tan\u0131yor sunuz ?       Sizinle ya\u015famak , onun dama\u011f\u0131nda nas\u0131l bir tat b\u0131rak\u0131yor ?      Tatl\u0131 , tuzlu ac\u0131 , ek\u015fi , kekremsi \u2026 Hangisi , biliyor musunuz ?      Kad\u0131nlar ve erkekler , birbirinden \u00e7ok farkl\u0131d\u0131rlar.      Bu farklar\u0131n keyfini mi \u00e7\u0131kart\u0131yorsunuz ?  Yoksa e\u015finizin can\u0131n\u0131 m\u0131 \u00e7\u0131kart\u0131yorsunuz ?      Farkl\u0131l\u0131klar\u0131n keyfini \u00e7\u0131kartmak isteyenler i\u00e7in \u2026      I\u015fte size \u0130PUCU H\u0130KAYELER\u0130 \u2026 <\/p>\n","protected":false},"excerpt":{"rendered":"<p>Bug\u00fcn \u2018\u2019E\u015finizi Ne Kadar Tan\u0131yorsunuz ? \u2018\u2019 adl\u0131 bir televizyon program\u0131na davetlisiniz. Sizi d\u00fcr\u00fcstl\u00fck koltu\u011funa oturtacaklar. Teredd\u00fct etmeden kat\u0131labilir misiniz ? Ayn\u0131 evi ve ayn\u0131 yata\u011f\u0131<span class=\"excerpt-hellip\"> [\u2026]<\/span><\/p>\n","protected":false},"featured_media":0,"template":"","meta":{"_monsterinsights_skip_tracking":false,"_monsterinsights_sitenote_active":false,"_monsterinsights_sitenote_note":"","_monsterinsights_sitenote_category":0},"product_brand":[],"product_cat":[12831,12324],"product_tag":[],"class_list":{"0":"post-727187","1":"product","2":"type-product","3":"status-publish","5":"product_cat-aile-ve-cocuk","6":"product_cat-sosyoloji","7":"pa_cilt-ciltsiz","8":"pa_tur-kitap","9":"pa_yayinevi-profil-kitap","10":"pa_yazar-sema-marasli","12":"first","13":"instock","14":"sale","15":"shipping-taxable","16":"purchasable","17":"product-type-simple"},"_links":{"self":[{"href":"https:\/\/roveyayinevi.com.tr\/index.php\/wp-json\/wp\/v2\/product\/727187","targetHints":{"allow":["GET"]}}],"collection":[{"href":"https:\/\/roveyayinevi.com.tr\/index.php\/wp-json\/wp\/v2\/product"}],"about":[{"href":"https:\/\/roveyayinevi.com.tr\/index.php\/wp-json\/wp\/v2\/types\/product"}],"wp:attachment":[{"href":"https:\/\/roveyayinevi.com.tr\/index.php\/wp-json\/wp\/v2\/media?parent=727187"}],"wp:term":[{"taxonomy":"product_brand","embeddable":true,"href":"https:\/\/roveyayinevi.com.tr\/index.php\/wp-json\/wp\/v2\/product_brand?post=727187"},{"taxonomy":"product_cat","embeddable":true,"href":"https:\/\/roveyayinevi.com.tr\/index.php\/wp-json\/wp\/v2\/product_cat?post=727187"},{"taxonomy":"product_tag","embeddable":true,"href":"https:\/\/roveyayinevi.com.tr\/index.php\/wp-json\/wp\/v2\/product_tag?post=727187"}],"curies":[{"name":"wp","href":"https:\/\/api.w.org\/{rel}","templated":true}]}}