{"id":727186,"date":"2025-08-27T20:18:12","date_gmt":"2025-08-27T17:18:12","guid":{"rendered":"https:\/\/roveyayinevi.com.tr\/index.php\/urun\/harfleri-ogreniyorum\/"},"modified":"2026-04-16T02:34:54","modified_gmt":"2026-04-15T23:34:54","slug":"harfleri-ogreniyorum","status":"publish","type":"product","link":"https:\/\/roveyayinevi.com.tr\/index.php\/urun\/harfleri-ogreniyorum\/","title":{"rendered":"Harfleri \u00d6\u011freniyorum"},"content":{"rendered":"<p>Okuma ve yazma su\u0308reci bir\u00e7ok bili\u015fsel becerinin \u00f6\u011frenildi\u011fi temel bir aland\u0131r. Bu nedenle temel ses fark\u0131ndal\u0131\u011f\u0131 \u00e7al\u0131\u015fmalar\u0131nda \u00e7ocuklar\u0131m\u0131za g\u00f6rsel-i\u015fitsel fark\u0131ndal\u0131k ve beceri kazand\u0131rman\u0131n yan\u0131nda ku\u0308\u00e7u\u0308k kas geli\u015fimi ile yazma becerisini de desteklemeye y\u00f6nelik \u00e7al\u0131\u015fmalar\u0131n bulundu\u011fu Harfleri \u00d6\u011freniyorum kitab\u0131m\u0131zdan, tu\u0308m anas\u0131n\u0131f\u0131 ile ilkokul birinci s\u0131n\u0131flarda uygulanacak s\u0131n\u0131f i\u00e7i ve ev \u00e7al\u0131\u015fmalar\u0131nda yararlanabilirsiniz. Birinci s\u0131n\u0131f, \u00f6\u011frenme yolculu\u011funda okuma yazma ile bir\u00e7ok alana ayn\u0131 anda ad\u0131m att\u0131\u011f\u0131m\u0131z uzun bir yolculu\u011fun ba\u015flang\u0131c\u0131d\u0131r. Bu yolculu\u011fa sa\u011flam ve gu\u0308venilir bir ba\u015flang\u0131\u00e7 yapabilmeleri i\u00e7in \u00f6\u011frencilerimizin okudu\u011funu anlamalar\u0131n\u0131 sa\u011flayan, g\u00f6rsel okumadan anlaml\u0131 okumaya ge\u00e7i\u015flerini h\u0131zland\u0131ran bir \u00e7al\u0131\u015fma ile ba\u015flamalar\u0131, Harfleri \u00d6\u011freniyorum kitab\u0131m\u0131za temel hedef olarak konulmu\u015ftur. <\/p>\n","protected":false},"excerpt":{"rendered":"<p>Okuma ve yazma su\u0308reci bir\u00e7ok bili\u015fsel becerinin \u00f6\u011frenildi\u011fi temel bir aland\u0131r. Bu nedenle temel ses fark\u0131ndal\u0131\u011f\u0131 \u00e7al\u0131\u015fmalar\u0131nda \u00e7ocuklar\u0131m\u0131za g\u00f6rsel-i\u015fitsel fark\u0131ndal\u0131k ve beceri kazand\u0131rman\u0131n yan\u0131nda ku\u0308\u00e7u\u0308k kas<span class=\"excerpt-hellip\"> [\u2026]<\/span><\/p>\n","protected":false},"featured_media":0,"template":"","meta":{"_monsterinsights_skip_tracking":false,"_monsterinsights_sitenote_active":false,"_monsterinsights_sitenote_note":"","_monsterinsights_sitenote_category":0},"product_brand":[],"product_cat":[12274,15842],"product_tag":[],"class_list":{"0":"post-727186","1":"product","2":"type-product","3":"status-publish","5":"product_cat-cocuk-ve-genclik-kitaplari","6":"product_cat-egitici-kitaplar","7":"pa_cilt-ciltsiz","8":"pa_tur-kitap","9":"pa_yayinevi-pia-cocuk-yayinlari","10":"pa_yazar-pia-cocuk-kolektif","12":"first","13":"instock","14":"sale","15":"shipping-taxable","16":"purchasable","17":"product-type-simple"},"_links":{"self":[{"href":"https:\/\/roveyayinevi.com.tr\/index.php\/wp-json\/wp\/v2\/product\/727186","targetHints":{"allow":["GET"]}}],"collection":[{"href":"https:\/\/roveyayinevi.com.tr\/index.php\/wp-json\/wp\/v2\/product"}],"about":[{"href":"https:\/\/roveyayinevi.com.tr\/index.php\/wp-json\/wp\/v2\/types\/product"}],"wp:attachment":[{"href":"https:\/\/roveyayinevi.com.tr\/index.php\/wp-json\/wp\/v2\/media?parent=727186"}],"wp:term":[{"taxonomy":"product_brand","embeddable":true,"href":"https:\/\/roveyayinevi.com.tr\/index.php\/wp-json\/wp\/v2\/product_brand?post=727186"},{"taxonomy":"product_cat","embeddable":true,"href":"https:\/\/roveyayinevi.com.tr\/index.php\/wp-json\/wp\/v2\/product_cat?post=727186"},{"taxonomy":"product_tag","embeddable":true,"href":"https:\/\/roveyayinevi.com.tr\/index.php\/wp-json\/wp\/v2\/product_tag?post=727186"}],"curies":[{"name":"wp","href":"https:\/\/api.w.org\/{rel}","templated":true}]}}