{"id":727185,"date":"2025-08-27T20:18:11","date_gmt":"2025-08-27T17:18:11","guid":{"rendered":"https:\/\/roveyayinevi.com.tr\/index.php\/urun\/acimasiz-sampiyon\/"},"modified":"2026-04-16T02:34:54","modified_gmt":"2026-04-15T23:34:54","slug":"acimasiz-sampiyon","status":"publish","type":"product","link":"https:\/\/roveyayinevi.com.tr\/index.php\/urun\/acimasiz-sampiyon\/","title":{"rendered":"Ac\u0131mas\u0131z \u015eampiyon"},"content":{"rendered":"<p>NBA daha \u00f6nce Kevin Durant gibi bir oyuncu g\u00f6rmemi\u015fti. Larry Bird onun kadar \u00e7abuk ve h\u0131zl\u0131 de\u011fildi; Magic Johnson\u2019\u0131n \u015fut menzili onunkiyle mukayese bile edilemezdi; Michael Jordan ise 2,10 metre boyunda de\u011fildi. Durant, topu Allen Iverson gibi kontrol edebilen, Dirk Nowitzki gibi \u015fut atabilen ve Kobe Bryant\u2019\u0131n skorerlik i\u00e7g\u00fcd\u00fclerini bar\u0131nd\u0131ran bir numuneydi. Ve bunlar\u0131n hepsini, Hakeem Olajuwon\u2019\u0131nki kadar b\u00fcy\u00fck bir c\u00fcsseye sahipken yap\u0131yordu. Bir pivotu and\u0131rsa bile, asl\u0131nda modern bir guard gibi oynuyor ve t\u0131pk\u0131 bu ekol\u00fcn \u00f6nc\u00fclerinden Kevin Garnett misali o da e\u015fsiz bir potansiyel vadediyordu. Fakat en nihayetinde Kevin Durant, kendinden ba\u015fka kimseye benzemiyordu. O, ligdeki her tak\u0131m\u0131n r\u00fcyalar\u0131nda bile g\u00f6remeyece\u011fi kadar k\u0131ymetli bir cevher ve t\u00fcm rakiplerin k\u00e2busu haline gelen durdurulamaz bir y\u0131ld\u0131z olmak i\u00e7in do\u011fmu\u015f ve t\u00fcm \u00f6mr\u00fcn\u00fc basketbola adam\u0131\u015ft\u0131.   Golden State ile ge\u00e7irdi\u011fi muhte\u015fem bir ilk sezonun sonunda Durant, herkesin g\u0131ptayla bakt\u0131\u011f\u0131 \u201cNBA Finalleri\u2019nin En De\u011ferli Oyuncusu \u00d6d\u00fcl\u00fc\u201dn\u00fc kazand\u0131; 2017 Final serisinin her ma\u00e7\u0131nda Warriors\u2019\u0131n en skorer ismi olup, tak\u0131m\u0131n\u0131n kupay\u0131 LeBron James\u2019ten ve ligin son \u015fampiyonu Cleveland Cavaliers\u2019dan s\u00f6k\u00fcp almas\u0131na yard\u0131m ederek murad\u0131na erdi. Yetmedi, b\u00f6ylesi ba\u015far\u0131lar\u0131 2018 Finalleri\u2019nde bir daha tekrarlad\u0131. Ama yapacaklar\u0131 hen\u00fcz bitmedi. \u201cAlt\u0131n Bilek\u201d kitab\u0131n\u0131n da yazar\u0131 olan Marcus Thompson, Durant\u2019in ilham verici maceras\u0131n\u0131 bu eserde sizler i\u00e7in kaleme ald\u0131. Durant\u2019in Washington D.C. mahallelerinde yoksulluk i\u00e7erisinde ge\u00e7en \u00e7ocuklu\u011funu, c\u0131l\u0131z ve uzun fizi\u011fi y\u00fcz\u00fcnden gen\u00e7li\u011finde maruz kald\u0131klar\u0131n\u0131, Oklahoma City i\u00e7in bir y\u0131ld\u0131za ve yerel kahramana d\u00f6n\u00fc\u015fmesini, tarihin en b\u00fcy\u00fck oyuncusu haline gelmek ve \u015fampiyonluk kazanmak u\u011fruna NBA\u2019deki ezeli rakiplerinden Golden State Warriors\u2019a transfer olup hem ligin hem de tarihin dengelerini de\u011fi\u015ftirme s\u00fcrecinde ya\u015fananlar\u0131 bu sat\u0131rlarda bulacak; NBA\u2019de imaj u\u011fruna feda edilenleri, b\u00fcy\u00fckl\u00fck ve ba\u015far\u0131 i\u00e7in nelerin g\u00f6ze al\u0131nabilece\u011fini ve bu u\u011furda \u00f6denen bedelleri okurken sizler de Durant\u2019in de\u011fi\u015fen psikolojik yolculu\u011funa tan\u0131kl\u0131k etme zevkine eri\u015feceksiniz. <\/p>\n","protected":false},"excerpt":{"rendered":"<p>NBA daha \u00f6nce Kevin Durant gibi bir oyuncu g\u00f6rmemi\u015fti. Larry Bird onun kadar \u00e7abuk ve h\u0131zl\u0131 de\u011fildi; Magic Johnson\u2019\u0131n \u015fut menzili onunkiyle mukayese bile edilemezdi; Michael<span class=\"excerpt-hellip\"> [\u2026]<\/span><\/p>\n","protected":false},"featured_media":0,"template":"","meta":{"_monsterinsights_skip_tracking":false,"_monsterinsights_sitenote_active":false,"_monsterinsights_sitenote_note":"","_monsterinsights_sitenote_category":0},"product_brand":[],"product_cat":[15563,15564],"product_tag":[],"class_list":{"0":"post-727185","1":"product","2":"type-product","3":"status-publish","5":"product_cat-hobi","6":"product_cat-spor","7":"pa_cilt-ciltsiz","8":"pa_tur-kitap","9":"pa_yayinevi-profil-kitap","10":"pa_yazar-marcus-thompson-ii","12":"first","13":"instock","14":"sale","15":"shipping-taxable","16":"purchasable","17":"product-type-simple"},"_links":{"self":[{"href":"https:\/\/roveyayinevi.com.tr\/index.php\/wp-json\/wp\/v2\/product\/727185","targetHints":{"allow":["GET"]}}],"collection":[{"href":"https:\/\/roveyayinevi.com.tr\/index.php\/wp-json\/wp\/v2\/product"}],"about":[{"href":"https:\/\/roveyayinevi.com.tr\/index.php\/wp-json\/wp\/v2\/types\/product"}],"wp:attachment":[{"href":"https:\/\/roveyayinevi.com.tr\/index.php\/wp-json\/wp\/v2\/media?parent=727185"}],"wp:term":[{"taxonomy":"product_brand","embeddable":true,"href":"https:\/\/roveyayinevi.com.tr\/index.php\/wp-json\/wp\/v2\/product_brand?post=727185"},{"taxonomy":"product_cat","embeddable":true,"href":"https:\/\/roveyayinevi.com.tr\/index.php\/wp-json\/wp\/v2\/product_cat?post=727185"},{"taxonomy":"product_tag","embeddable":true,"href":"https:\/\/roveyayinevi.com.tr\/index.php\/wp-json\/wp\/v2\/product_tag?post=727185"}],"curies":[{"name":"wp","href":"https:\/\/api.w.org\/{rel}","templated":true}]}}