{"id":727184,"date":"2025-08-27T20:18:11","date_gmt":"2025-08-27T17:18:11","guid":{"rendered":"https:\/\/roveyayinevi.com.tr\/index.php\/urun\/buyuk-kesiflerin-kucuk-kitabi\/"},"modified":"2026-04-16T02:34:54","modified_gmt":"2026-04-15T23:34:54","slug":"buyuk-kesiflerin-kucuk-kitabi","status":"publish","type":"product","link":"https:\/\/roveyayinevi.com.tr\/index.php\/urun\/buyuk-kesiflerin-kucuk-kitabi\/","title":{"rendered":"B\u00fcy\u00fck Ke\u015fiflerin K\u00fc\u00e7\u00fck Kitab\u0131"},"content":{"rendered":"<p>\u0130\u00e7inde ya\u015fad\u0131\u011f\u0131m\u0131z d\u00fcnyada, bizi bilinmeyen diyarlara g\u00f6t\u00fcren navigasyon ara\u00e7lar\u0131ndan, uzay\u0131n ve okyanuslar\u0131n derinliklerine g\u00f6t\u00fcren ileri m\u00fchendisli\u011fe kadar bilim ve macera her zaman birbirlerinin ayr\u0131lmaz par\u00e7alar\u0131 oldular.   D\u00fcnyan\u0131n \u015fekli hakk\u0131nda Descartes ve Newton aras\u0131nda s\u00fcregelen tart\u0131\u015fmalara son noktay\u0131 koyan 1735&#8217;teki deniz yolculu\u011fundan kozmik \u0131\u015f\u0131nlar\u0131n ke\u015ffedilmesini sa\u011flayan balon yolculu\u011funa kadar insano\u011flu hem bulutlar\u0131n \u00f6tesini hem de gezegenimizin s\u0131n\u0131rlar\u0131n\u0131 her zaman zorlam\u0131\u015ft\u0131r.Bitmek t\u00fckenmek bilmeyen merak\u0131m\u0131z ve ke\u015ffetmeye olan tutkumuz sayesinde y\u00fczy\u0131llar boyunca bir t\u00fcr olarak hayatta kal\u0131p varl\u0131\u011f\u0131m\u0131z\u0131 devam ettirebiliyoruz.   B\u00fcy\u00fck Ke\u015fiflerin K\u00fc\u00e7\u00fck Kitab\u0131, d\u00fcnyaya bak\u0131\u015f a\u00e7\u0131m\u0131z\u0131 de\u011fi\u015ftiren ke\u015fifleri, tarihteki en cesur ve ilham verici maceralar\u0131 bir araya getirerek bize h\u00e2l\u00e2 ke\u015ffedilecek bir d\u00fcnya sunuyor. <\/p>\n","protected":false},"excerpt":{"rendered":"<p>\u0130\u00e7inde ya\u015fad\u0131\u011f\u0131m\u0131z d\u00fcnyada, bizi bilinmeyen diyarlara g\u00f6t\u00fcren navigasyon ara\u00e7lar\u0131ndan, uzay\u0131n ve okyanuslar\u0131n derinliklerine g\u00f6t\u00fcren ileri m\u00fchendisli\u011fe kadar bilim ve macera her zaman birbirlerinin ayr\u0131lmaz par\u00e7alar\u0131 oldular.<span class=\"excerpt-hellip\"> [\u2026]<\/span><\/p>\n","protected":false},"featured_media":0,"template":"","meta":{"_monsterinsights_skip_tracking":false,"_monsterinsights_sitenote_active":false,"_monsterinsights_sitenote_note":"","_monsterinsights_sitenote_category":0},"product_brand":[],"product_cat":[13005,13006],"product_tag":[],"class_list":{"0":"post-727184","1":"product","2":"type-product","3":"status-publish","5":"product_cat-bilim-muhendislik","6":"product_cat-populer-bilim","7":"pa_cilt-ciltsiz","8":"pa_tur-kitap","9":"pa_yayinevi-profil-kitap","10":"pa_yazar-jheni-osman","12":"first","13":"instock","14":"sale","15":"shipping-taxable","16":"purchasable","17":"product-type-simple"},"_links":{"self":[{"href":"https:\/\/roveyayinevi.com.tr\/index.php\/wp-json\/wp\/v2\/product\/727184","targetHints":{"allow":["GET"]}}],"collection":[{"href":"https:\/\/roveyayinevi.com.tr\/index.php\/wp-json\/wp\/v2\/product"}],"about":[{"href":"https:\/\/roveyayinevi.com.tr\/index.php\/wp-json\/wp\/v2\/types\/product"}],"wp:attachment":[{"href":"https:\/\/roveyayinevi.com.tr\/index.php\/wp-json\/wp\/v2\/media?parent=727184"}],"wp:term":[{"taxonomy":"product_brand","embeddable":true,"href":"https:\/\/roveyayinevi.com.tr\/index.php\/wp-json\/wp\/v2\/product_brand?post=727184"},{"taxonomy":"product_cat","embeddable":true,"href":"https:\/\/roveyayinevi.com.tr\/index.php\/wp-json\/wp\/v2\/product_cat?post=727184"},{"taxonomy":"product_tag","embeddable":true,"href":"https:\/\/roveyayinevi.com.tr\/index.php\/wp-json\/wp\/v2\/product_tag?post=727184"}],"curies":[{"name":"wp","href":"https:\/\/api.w.org\/{rel}","templated":true}]}}