{"id":727183,"date":"2025-08-27T20:18:10","date_gmt":"2025-08-27T17:18:10","guid":{"rendered":"https:\/\/roveyayinevi.com.tr\/index.php\/urun\/ask-eski-bir-masal\/"},"modified":"2026-04-16T02:34:54","modified_gmt":"2026-04-15T23:34:54","slug":"ask-eski-bir-masal","status":"publish","type":"product","link":"https:\/\/roveyayinevi.com.tr\/index.php\/urun\/ask-eski-bir-masal\/","title":{"rendered":"A\u015fk Eski Bir Masal"},"content":{"rendered":"<p>Sevgili yokkad\u0131n\u0131m\u2026 Sana yine k\u0131sac\u0131k bir masal anlataca\u011f\u0131m. Y\u00fczy\u0131llard\u0131r anlat\u0131lan ama hi\u00e7 eskimeyen bir masal\u2026 Ruhunla dinle\u2026   Sevmenin unutuldu\u011fu, herkesin sadece sevilmeyi umursad\u0131\u011f\u0131 bu \u00e7a\u011fda, bir hat\u0131rlat\u0131c\u0131 olarak Ahmet Sava\u015f, birbirinden etkileyici a\u015fk masallar\u0131 anlat\u0131yor okuruna.   A\u015fk Eski Bir Masal ayr\u0131 d\u00fc\u015f\u00fclen bir sevgiliye yaz\u0131lan efsunlu sat\u0131rlar\u0131yla kalbinizi diriltecek&#8230; <\/p>\n","protected":false},"excerpt":{"rendered":"<p>Sevgili yokkad\u0131n\u0131m\u2026 Sana yine k\u0131sac\u0131k bir masal anlataca\u011f\u0131m. Y\u00fczy\u0131llard\u0131r anlat\u0131lan ama hi\u00e7 eskimeyen bir masal\u2026 Ruhunla dinle\u2026 Sevmenin unutuldu\u011fu, herkesin sadece sevilmeyi umursad\u0131\u011f\u0131 bu \u00e7a\u011fda, bir<span class=\"excerpt-hellip\"> [\u2026]<\/span><\/p>\n","protected":false},"featured_media":0,"template":"","meta":{"_monsterinsights_skip_tracking":false,"_monsterinsights_sitenote_active":false,"_monsterinsights_sitenote_note":"","_monsterinsights_sitenote_category":0},"product_brand":[],"product_cat":[18545,12291],"product_tag":[],"class_list":{"0":"post-727183","1":"product","2":"type-product","3":"status-publish","5":"product_cat-anlati","6":"product_cat-edebiyat","7":"pa_cilt-ciltsiz","8":"pa_tur-kitap","9":"pa_yayinevi-profil-kitap","10":"pa_yazar-ahmet-savas-ozpinar","12":"first","13":"instock","14":"sale","15":"shipping-taxable","16":"purchasable","17":"product-type-simple"},"_links":{"self":[{"href":"https:\/\/roveyayinevi.com.tr\/index.php\/wp-json\/wp\/v2\/product\/727183","targetHints":{"allow":["GET"]}}],"collection":[{"href":"https:\/\/roveyayinevi.com.tr\/index.php\/wp-json\/wp\/v2\/product"}],"about":[{"href":"https:\/\/roveyayinevi.com.tr\/index.php\/wp-json\/wp\/v2\/types\/product"}],"wp:attachment":[{"href":"https:\/\/roveyayinevi.com.tr\/index.php\/wp-json\/wp\/v2\/media?parent=727183"}],"wp:term":[{"taxonomy":"product_brand","embeddable":true,"href":"https:\/\/roveyayinevi.com.tr\/index.php\/wp-json\/wp\/v2\/product_brand?post=727183"},{"taxonomy":"product_cat","embeddable":true,"href":"https:\/\/roveyayinevi.com.tr\/index.php\/wp-json\/wp\/v2\/product_cat?post=727183"},{"taxonomy":"product_tag","embeddable":true,"href":"https:\/\/roveyayinevi.com.tr\/index.php\/wp-json\/wp\/v2\/product_tag?post=727183"}],"curies":[{"name":"wp","href":"https:\/\/api.w.org\/{rel}","templated":true}]}}