{"id":727180,"date":"2025-08-27T20:18:07","date_gmt":"2025-08-27T17:18:07","guid":{"rendered":"https:\/\/roveyayinevi.com.tr\/index.php\/urun\/salgin-2\/"},"modified":"2026-04-16T02:34:54","modified_gmt":"2026-04-15T23:34:54","slug":"salgin-2","status":"publish","type":"product","link":"https:\/\/roveyayinevi.com.tr\/index.php\/urun\/salgin-2\/","title":{"rendered":"Salg\u0131n"},"content":{"rendered":"<p>D\u00fcnyay\u0131 Kas\u0131p Kavuracak \u00c7in Vir\u00fcs\u00fcn\u00fc \u00d6nceden Tahmin Eden Roman!2018 Kirkus Kurgu \u00d6d\u00fcl\u00fc2018 Locus En \u0130yi \u0130lk Roman \u00d6d\u00fcl\u00fc Aday\u01312019 PEN\/Hemingway En \u0130yi \u00c7\u0131k\u0131\u015f Roman\u0131 \u00d6d\u00fcl\u00fc FinalistiNPR, The New Yorker, Amazon, New York Times The Paris Review, Buzzfeed, Chicago Review of Books, Huffpost, Bustle\u2019a g\u00f6re 2018 Y\u0131l\u0131n\u0131n En \u0130yi Kitaplar\u0131ndan Biri!Salg\u0131n\u0131n Ciddiyeti, Hangi Haber Kayna\u011f\u0131n\u0131n Takip Edildi\u011fine G\u00f6re De\u011fi\u015fiyordu.D\u00fcnyan\u0131n sonu gelmi\u015f olabilir. Ama Y ku\u015fa\u011f\u0131na mensup bir i\u015fkolik olan Candace Chen i\u00e7in bu durumun pek bir \u015fey de\u011fi\u015ftirdi\u011fi s\u00f6ylenemez.G\u00f6\u00e7men anne babas\u0131n\u0131n \u00f6l\u00fcm\u00fcn\u00fcn ard\u0131ndan d\u00fc\u015ft\u00fc\u011f\u00fc bo\u015flu\u011fu doldurmak i\u00e7in kendisini i\u015finin rutinine b\u0131rakan Candace Chen, korkun\u00e7 bir salg\u0131n New York\u2019u kas\u0131p kavurmaya ba\u015flad\u0131\u011f\u0131nda tam da bu sebeple bu duruma pek dikkat etmez. Fakat Shen Hummas\u0131 yay\u0131lmaya devam eder. Aileler \u015fehri terk eder. Metrolar \u00e7al\u0131\u015fmay\u0131 b\u0131rak\u0131r. \u015eirketler, arkas\u0131nda ofisin i\u015flerini halletmesi i\u00e7in bir iki ki\u015fiyi b\u0131rakarak salg\u0131n sonras\u0131 d\u00f6nmek \u00fczere ofislerini kapat\u0131rlar.Chen de b\u00fcy\u00fck bir tazminat vaadiyle ofiste kalmaya karar verenlerdendir. Bir ba\u015f\u0131na kalan Chen, terk edilmi\u015f haldeki \u00fcrk\u00fct\u00fcc\u00fc New York\u2019un bombo\u015f sokaklar\u0131n\u0131 foto\u011fraflamaya ba\u015flar ve bu foto\u011fraflar\u0131 NY Hayaleti ismindeki blo\u011funda payla\u015f\u0131r.Gelgelelim Chen\u2019in tek ba\u015f\u0131na uzun s\u00fcre hayatta kalmas\u0131 m\u00fcmk\u00fcn de\u011fildir. Ba\u015flar\u0131nda iktidar \u00f6zentisi bir bili\u015fimci olan Bob\u2019un bulundu\u011fu bir grupla yolu kesi\u015fen Chen, kendisi ve gelece\u011fi i\u00e7in en iyisinin ne oldu\u011funa karar vermek zorunda kalacakt\u0131r.G\u00fcnl\u00fck rit\u00fcellerin, rutinlerin ve ka\u00e7\u0131r\u0131lan f\u0131rsatlar \u00fczerine d\u00fc\u015f\u00fcnen Salg\u0131n, yeni nesiller i\u00e7in farkl\u0131 bir k\u0131yamet senaryosu sunuyor.\u201cBir salg\u0131n\u0131n insanl\u0131\u011f\u0131n b\u00fcy\u00fck k\u0131sm\u0131n\u0131 yok etmesinin ard\u0131ndan hayatta kalm\u0131\u015f bir kad\u0131n\u0131n hik\u00e2yesi ile salg\u0131n\u0131n \u00f6ncesini d\u00f6n\u00fc\u015f\u00fcml\u00fc olarak anlatan, \u00e7ok iyi yaz\u0131lm\u0131\u015f bir k\u0131yamet sonras\u0131 anlat\u0131s\u0131. \u0130lgi \u00e7ekici, derinlikli bir ba\u015fkarakter.\u201d \u2013Roxane Gay\u201cLing Ma\u2019n\u0131n k\u0131yameti deh\u015fet, mizah, \u00f6fke ve merhametle t\u0131ka basa dolu\u2026 Zekice tasarlanm\u0131\u015f ve akl\u0131n\u0131zdan \u00e7\u0131kmayacak bu kitab\u0131 elinizden d\u00fc\u015f\u00fcrmeyeceksiniz.\u201d \u2013Samantha Hunt\u201cSalg\u0131n, Y ku\u015fa\u011f\u0131 hakk\u0131nda \u015fimdiye dek yaz\u0131lm\u0131\u015f en iyi roman.\u201d \u2013New Yorker<\/p>\n","protected":false},"excerpt":{"rendered":"<p>D\u00fcnyay\u0131 Kas\u0131p Kavuracak \u00c7in Vir\u00fcs\u00fcn\u00fc \u00d6nceden Tahmin Eden Roman!2018 Kirkus Kurgu \u00d6d\u00fcl\u00fc2018 Locus En \u0130yi \u0130lk Roman \u00d6d\u00fcl\u00fc Aday\u01312019 PEN\/Hemingway En \u0130yi \u00c7\u0131k\u0131\u015f Roman\u0131 \u00d6d\u00fcl\u00fc FinalistiNPR,<span class=\"excerpt-hellip\"> [\u2026]<\/span><\/p>\n","protected":false},"featured_media":0,"template":"","meta":{"_monsterinsights_skip_tracking":false,"_monsterinsights_sitenote_active":false,"_monsterinsights_sitenote_note":"","_monsterinsights_sitenote_category":0},"product_brand":[],"product_cat":[12540,12291],"product_tag":[],"class_list":{"0":"post-727180","1":"product","2":"type-product","3":"status-publish","5":"product_cat-bilim-kurgu","6":"product_cat-edebiyat","7":"pa_cilt-ciltsiz","8":"pa_tur-kitap","9":"pa_yayinevi-ithaki-yayinlari","10":"pa_yazar-ling-ma","12":"first","13":"instock","14":"sale","15":"shipping-taxable","16":"purchasable","17":"product-type-simple"},"_links":{"self":[{"href":"https:\/\/roveyayinevi.com.tr\/index.php\/wp-json\/wp\/v2\/product\/727180","targetHints":{"allow":["GET"]}}],"collection":[{"href":"https:\/\/roveyayinevi.com.tr\/index.php\/wp-json\/wp\/v2\/product"}],"about":[{"href":"https:\/\/roveyayinevi.com.tr\/index.php\/wp-json\/wp\/v2\/types\/product"}],"wp:attachment":[{"href":"https:\/\/roveyayinevi.com.tr\/index.php\/wp-json\/wp\/v2\/media?parent=727180"}],"wp:term":[{"taxonomy":"product_brand","embeddable":true,"href":"https:\/\/roveyayinevi.com.tr\/index.php\/wp-json\/wp\/v2\/product_brand?post=727180"},{"taxonomy":"product_cat","embeddable":true,"href":"https:\/\/roveyayinevi.com.tr\/index.php\/wp-json\/wp\/v2\/product_cat?post=727180"},{"taxonomy":"product_tag","embeddable":true,"href":"https:\/\/roveyayinevi.com.tr\/index.php\/wp-json\/wp\/v2\/product_tag?post=727180"}],"curies":[{"name":"wp","href":"https:\/\/api.w.org\/{rel}","templated":true}]}}