{"id":727176,"date":"2025-08-27T20:18:04","date_gmt":"2025-08-27T17:18:04","guid":{"rendered":"https:\/\/roveyayinevi.com.tr\/index.php\/urun\/augustus-2\/"},"modified":"2026-04-16T02:34:54","modified_gmt":"2026-04-15T23:34:54","slug":"augustus-2","status":"publish","type":"product","link":"https:\/\/roveyayinevi.com.tr\/index.php\/urun\/augustus-2\/","title":{"rendered":"Augustus"},"content":{"rendered":"<p>Ge\u00e7 ke\u015ffedilen ba\u015fyap\u0131t\u0131 Stoner\u2019la \u00f6l\u00fcm\u00fcnden sonra d\u00fcnya \u00e7ap\u0131nda \u00fcne kavu\u015fan John Williams tamamlad\u0131\u011f\u0131 son roman\u0131 Augustus\u2019ta, Roma \u0130mparatorlu\u011fu\u2019nun kurucusu Octavius Sezar, nam\u0131di\u011fer Augustus\u2019un gen\u00e7likten ya\u015fl\u0131l\u0131\u011fa uzanan hik\u00e2yesini mektuplar ve ba\u015fka belgeler arac\u0131l\u0131\u011f\u0131yla anlat\u0131yor. Ama Augustus sadece \u201cd\u00fcnya imparatoru\u201dnun de\u011fil, Roma\u2019y\u0131 Roma yapan herkesin, s\u00fcrg\u00fcn devlet adamlar\u0131n\u0131n ve komplocular\u0131n, askerlerin ve \u015fairlerin, k\u00f6lelerin ve kad\u0131nlar\u0131n da hik\u00e2yesi.   Karakter \u00e7e\u015fitlili\u011fi ve g\u00fcndelik hayata dair ayr\u0131nt\u0131lar\u0131yla Antik D\u00fcnya\u2019n\u0131n ayr\u0131nt\u0131l\u0131 bir portresini \u00e7izen Augustus, tarihsel roman t\u00fcr\u00fcn\u00fcn zirvelerinden biri.   Bu \u015fa\u015f\u0131rt\u0131c\u0131 Amerikal\u0131 yazar\u0131n dehas\u0131, b\u00fct\u00fcn\u00fcyle yabanc\u0131 g\u00f6r\u00fcnen hayatlar\u0131n bizimkilere ne kadar benzedi\u011fini g\u00f6stermesinde yat\u0131yor. -John Gray, New Statesman <\/p>\n","protected":false},"excerpt":{"rendered":"<p>Ge\u00e7 ke\u015ffedilen ba\u015fyap\u0131t\u0131 Stoner\u2019la \u00f6l\u00fcm\u00fcnden sonra d\u00fcnya \u00e7ap\u0131nda \u00fcne kavu\u015fan John Williams tamamlad\u0131\u011f\u0131 son roman\u0131 Augustus\u2019ta, Roma \u0130mparatorlu\u011fu\u2019nun kurucusu Octavius Sezar, nam\u0131di\u011fer Augustus\u2019un gen\u00e7likten ya\u015fl\u0131l\u0131\u011fa uzanan<span class=\"excerpt-hellip\"> [\u2026]<\/span><\/p>\n","protected":false},"featured_media":0,"template":"","meta":{"_monsterinsights_skip_tracking":false,"_monsterinsights_sitenote_active":false,"_monsterinsights_sitenote_note":"","_monsterinsights_sitenote_category":0},"product_brand":[],"product_cat":[12291,26797],"product_tag":[],"class_list":{"0":"post-727176","1":"product","2":"type-product","3":"status-publish","5":"product_cat-edebiyat","6":"product_cat-modern-klasikler","7":"pa_cilt-ciltsiz","8":"pa_tur-kitap","9":"pa_yayinevi-yapi-kredi-yayinlari","10":"pa_yazar-john-williams","12":"first","13":"instock","14":"sale","15":"shipping-taxable","16":"purchasable","17":"product-type-simple"},"_links":{"self":[{"href":"https:\/\/roveyayinevi.com.tr\/index.php\/wp-json\/wp\/v2\/product\/727176","targetHints":{"allow":["GET"]}}],"collection":[{"href":"https:\/\/roveyayinevi.com.tr\/index.php\/wp-json\/wp\/v2\/product"}],"about":[{"href":"https:\/\/roveyayinevi.com.tr\/index.php\/wp-json\/wp\/v2\/types\/product"}],"wp:attachment":[{"href":"https:\/\/roveyayinevi.com.tr\/index.php\/wp-json\/wp\/v2\/media?parent=727176"}],"wp:term":[{"taxonomy":"product_brand","embeddable":true,"href":"https:\/\/roveyayinevi.com.tr\/index.php\/wp-json\/wp\/v2\/product_brand?post=727176"},{"taxonomy":"product_cat","embeddable":true,"href":"https:\/\/roveyayinevi.com.tr\/index.php\/wp-json\/wp\/v2\/product_cat?post=727176"},{"taxonomy":"product_tag","embeddable":true,"href":"https:\/\/roveyayinevi.com.tr\/index.php\/wp-json\/wp\/v2\/product_tag?post=727176"}],"curies":[{"name":"wp","href":"https:\/\/api.w.org\/{rel}","templated":true}]}}