{"id":727174,"date":"2025-08-27T20:18:02","date_gmt":"2025-08-27T17:18:02","guid":{"rendered":"https:\/\/roveyayinevi.com.tr\/index.php\/urun\/kronos\/"},"modified":"2026-04-16T02:34:54","modified_gmt":"2026-04-15T23:34:54","slug":"kronos","status":"publish","type":"product","link":"https:\/\/roveyayinevi.com.tr\/index.php\/urun\/kronos\/","title":{"rendered":"Kronos"},"content":{"rendered":"<p>KRONOS\u2019ta, II. D\u00fcnya Sava\u015f\u0131 ba\u015flamadan hemen \u00f6nce Arjantin\u2019e g\u00f6\u00e7 eden yazar\u0131n sa\u011fl\u0131k sorunlar\u0131, cinsel ya\u015fam\u0131, finansal meselelere ilgisi, yaz\u0131nsal \u00fcn sava\u015f\u0131m\u0131 ana izlekleri olu\u015ftururken, cafe\u2019ler, ba\u015fka co\u011frafyalar, iklimler, yazarlarla ve yay\u0131nc\u0131larla ili\u015fkiler, anla\u015fmalar, dostluklar, tart\u0131\u015fmalar, polemikler, mevsimler, kitaplar, plaklar ya\u015fam\u0131n k\u00e2\u011f\u0131da d\u00f6k\u00fclm\u00fc\u015f kan\u0131tlar\u0131n\u0131 temsil ediyor. Bu belge-kitap, Gombrowicz\u2019in, olgunla\u015fma \u00e7a\u011f\u0131 ile ba\u015flay\u0131p \u00f6l\u00fcm\u00fcne dek hayat\u0131n\u0131n kronolojik bir d\u00f6k\u00fcm\u00fc. Bedenin g\u00fcnl\u00fc\u011f\u00fc Kronos, Polonya\u2019n\u0131n en marjinal yazar\u0131 Gombrowicz\u2019in g\u00fcndelik hayat\u0131n\u0131n mahremiyet kayd\u0131. Y\u00fczy\u0131l\u0131m\u0131z\u0131n en b\u00fcy\u00fck roman yazarlar\u0131ndan biri. -Milan Kundera KRONOS&#8217;ta Gombrowicz&#8217;in nas\u0131l bir dil kulland\u0131\u011f\u0131 \u00f6nemlidir. Her \u015feye e\u015fit mesafede ve duygusall\u0131ktan uzak bir anlat\u0131m dilidir bu.  Annesi ya da k\u0131z karde\u015finin \u00f6l\u00fcm\u00fcne ili\u015fkin bilgiye, arkada\u015f toplant\u0131lar\u0131, erotik maceralar ya da finans piyasas\u0131 bilgisiyle e\u015fit derecede yer verilir.  Bu bir duygusuzluk belirtisi de\u011fil, dikkatin ger\u00e7eklere ve davran\u0131\u015flar\u0131na odaklanmas\u0131na izin veren bilin\u00e7li bir ad\u0131md\u0131r. -Jerzy Jarz\u0119bski Polonya yaz\u0131n\u0131 ilk defa onda, insan olman\u0131n trajikomedisi kar\u015f\u0131s\u0131nda Polonyal\u0131 olman\u0131n ac\u0131lar\u0131n\u0131 daha az \u00f6nemseyen bir yazar \u00fcretti. -The Times Literary Supplement Sesi, Leh\u00e7e yazmak gibi tuhaf bir etkinli\u011fe ciddiyet kazand\u0131rd\u0131. Bizi sel gibi al\u0131p g\u00f6t\u00fcren k\u00fc\u00e7\u00fckl\u00fck ve aptall\u0131k kar\u015f\u0131s\u0131nda, Witold\u2019un sesi olmadan kendimi zay\u0131f hissediyorum; o b\u00fcy\u00fck oldu\u011fu i\u00e7in vazge\u00e7ilmezdir. -Czeslaw Mi\u0142osz <\/p>\n","protected":false},"excerpt":{"rendered":"<p>KRONOS\u2019ta, II. D\u00fcnya Sava\u015f\u0131 ba\u015flamadan hemen \u00f6nce Arjantin\u2019e g\u00f6\u00e7 eden yazar\u0131n sa\u011fl\u0131k sorunlar\u0131, cinsel ya\u015fam\u0131, finansal meselelere ilgisi, yaz\u0131nsal \u00fcn sava\u015f\u0131m\u0131 ana izlekleri olu\u015ftururken, cafe\u2019ler, ba\u015fka<span class=\"excerpt-hellip\"> [\u2026]<\/span><\/p>\n","protected":false},"featured_media":0,"template":"","meta":{"_monsterinsights_skip_tracking":false,"_monsterinsights_sitenote_active":false,"_monsterinsights_sitenote_note":"","_monsterinsights_sitenote_category":0},"product_brand":[],"product_cat":[12291,26797],"product_tag":[],"class_list":{"0":"post-727174","1":"product","2":"type-product","3":"status-publish","5":"product_cat-edebiyat","6":"product_cat-modern-klasikler","7":"pa_cilt-ciltsiz","8":"pa_tur-kitap","9":"pa_yayinevi-yapi-kredi-yayinlari","10":"pa_yazar-witold-gombrowicz","12":"first","13":"instock","14":"sale","15":"shipping-taxable","16":"purchasable","17":"product-type-simple"},"_links":{"self":[{"href":"https:\/\/roveyayinevi.com.tr\/index.php\/wp-json\/wp\/v2\/product\/727174","targetHints":{"allow":["GET"]}}],"collection":[{"href":"https:\/\/roveyayinevi.com.tr\/index.php\/wp-json\/wp\/v2\/product"}],"about":[{"href":"https:\/\/roveyayinevi.com.tr\/index.php\/wp-json\/wp\/v2\/types\/product"}],"wp:attachment":[{"href":"https:\/\/roveyayinevi.com.tr\/index.php\/wp-json\/wp\/v2\/media?parent=727174"}],"wp:term":[{"taxonomy":"product_brand","embeddable":true,"href":"https:\/\/roveyayinevi.com.tr\/index.php\/wp-json\/wp\/v2\/product_brand?post=727174"},{"taxonomy":"product_cat","embeddable":true,"href":"https:\/\/roveyayinevi.com.tr\/index.php\/wp-json\/wp\/v2\/product_cat?post=727174"},{"taxonomy":"product_tag","embeddable":true,"href":"https:\/\/roveyayinevi.com.tr\/index.php\/wp-json\/wp\/v2\/product_tag?post=727174"}],"curies":[{"name":"wp","href":"https:\/\/api.w.org\/{rel}","templated":true}]}}