{"id":727173,"date":"2025-08-27T20:18:01","date_gmt":"2025-08-27T17:18:01","guid":{"rendered":"https:\/\/roveyayinevi.com.tr\/index.php\/urun\/suc-dehalari-intikam\/"},"modified":"2026-04-16T02:34:54","modified_gmt":"2026-04-15T23:34:54","slug":"suc-dehalari-intikam","status":"publish","type":"product","link":"https:\/\/roveyayinevi.com.tr\/index.php\/urun\/suc-dehalari-intikam\/","title":{"rendered":"Su\u00e7 Dehalar\u0131 &#8211; \u0130ntikam"},"content":{"rendered":"<p>Su\u00e7 Dehalar\u0131 \/ \u0130ntikam, The New York Times \u00c7ok Satanlar \u00fcnvanl\u0131 Gordon Korman\u2019\u0131n Su\u00e7 Dehalar\u0131 serisinin \u00fc\u00e7\u00fcnc\u00fc ve son cildidir. Osiris Projesi klonlar\u0131 eski arkada\u015flar\u0131ndan birinin ihanetine u\u011frad\u0131ktan sonra bir kez daha ka\u00e7maktad\u0131r. Eli\u2019yle Tori ve Amber\u2019la Malik iki gruba ayr\u0131lm\u0131\u015f, ger\u00e7ek d\u00fcnyada hayatta kalma sava\u015f\u0131 veriyorlard\u0131r. Amber\u2019la Malik, Osiris Projesi\u2019nin varl\u0131\u011f\u0131n\u0131 kan\u0131tlayabilece\u011fine inand\u0131klar\u0131 tek ki\u015finin \u2013Malik\u2019in DNA ba\u011f\u0131\u015f\u00e7\u0131s\u0131 olarak da bilinen az\u0131l\u0131 gangster Gus Alabaster\u2019\u0131n\u2013 pe\u015fine d\u00fc\u015fer. Ancak \u2013ger\u00e7ek bir aile edinme ihtimaliyle bo\u015f umutlara kap\u0131lan\u2013 Malik su\u00e7 d\u00fcnyas\u0131n\u0131n i\u00e7ine \u00e7ekilirken eylemleri Amber\u2019la hayatlar\u0131n\u0131 b\u00fcy\u00fck tehlikeye sokar. Eli\u2019yle Tori ise Osiris Projesi\u2019nin en s\u0131k\u0131 korunan s\u0131rr\u0131n\u0131 \u2013Eli\u2019nin DNA\u2019s\u0131n\u0131n kime ait oldu\u011funu\u2013 \u00f6\u011frenmeye \u00e7al\u0131\u015f\u0131rken kendilerini daha da b\u00fcy\u00fck komplolar\u0131n ortas\u0131nda bulurlar. Yanlar\u0131nda beklenmedik, yeni bir m\u00fcttefikle, bir kez daha \u00fclkeyi ba\u015ftan ba\u015fa a\u015facaklar\u0131 bu maceralar\u0131nda d\u00f6rtl\u00fc, e\u011fer Osiris Projesi\u2019ni tamam\u0131yla sonland\u0131rmak istiyorlarsa, kendi en k\u00f6t\u00fc y\u00f6nlerinin \u00fcstesinden gelmek i\u00e7in el ele vermek zorundalar. Su\u00e7 Dehalar\u0131 Serisine \u00d6vg\u00fcler: \u201cM\u00fcthi\u015f s\u00fcr\u00fckleyici. Beklenmedik s\u00fcrprizlerle dolu bir kitap\u2026 Kemerlerinizi ba\u011flay\u0131n.\u201d \u2013 James Patterson \u201cSu\u00e7 Dehalar\u0131, okurlar\u0131 harika espriler, \u015fa\u015f\u0131rt\u0131c\u0131 gizemler ve sempatik karakterlerle dolu bir yolculu\u011fa \u00e7\u0131kar\u0131yor.\u201d \u2013 New York Times \u00e7ok satan Fablehaven ve Five Kingdoms serilerinin yazar\u0131 Brandon Mull \u201cGizemlerle dolu, sonu tatmin edici, insan\u0131 saran bir kitap.\u201d  \u2013 ALA BOOKLIST. <\/p>\n","protected":false},"excerpt":{"rendered":"<p>Su\u00e7 Dehalar\u0131 \/ \u0130ntikam, The New York Times \u00c7ok Satanlar \u00fcnvanl\u0131 Gordon Korman\u2019\u0131n Su\u00e7 Dehalar\u0131 serisinin \u00fc\u00e7\u00fcnc\u00fc ve son cildidir. Osiris Projesi klonlar\u0131 eski arkada\u015flar\u0131ndan birinin<span class=\"excerpt-hellip\"> [\u2026]<\/span><\/p>\n","protected":false},"featured_media":0,"template":"","meta":{"_monsterinsights_skip_tracking":false,"_monsterinsights_sitenote_active":false,"_monsterinsights_sitenote_note":"","_monsterinsights_sitenote_category":0},"product_brand":[],"product_cat":[12275,12274],"product_tag":[],"class_list":{"0":"post-727173","1":"product","2":"type-product","3":"status-publish","5":"product_cat-6-12-yas-kitaplari","6":"product_cat-cocuk-ve-genclik-kitaplari","7":"pa_cilt-ciltsiz","8":"pa_tur-kitap","9":"pa_yayinevi-bilgi-yayinevi","10":"pa_yazar-gordon-korman","12":"first","13":"instock","14":"sale","15":"shipping-taxable","16":"purchasable","17":"product-type-simple"},"_links":{"self":[{"href":"https:\/\/roveyayinevi.com.tr\/index.php\/wp-json\/wp\/v2\/product\/727173","targetHints":{"allow":["GET"]}}],"collection":[{"href":"https:\/\/roveyayinevi.com.tr\/index.php\/wp-json\/wp\/v2\/product"}],"about":[{"href":"https:\/\/roveyayinevi.com.tr\/index.php\/wp-json\/wp\/v2\/types\/product"}],"wp:attachment":[{"href":"https:\/\/roveyayinevi.com.tr\/index.php\/wp-json\/wp\/v2\/media?parent=727173"}],"wp:term":[{"taxonomy":"product_brand","embeddable":true,"href":"https:\/\/roveyayinevi.com.tr\/index.php\/wp-json\/wp\/v2\/product_brand?post=727173"},{"taxonomy":"product_cat","embeddable":true,"href":"https:\/\/roveyayinevi.com.tr\/index.php\/wp-json\/wp\/v2\/product_cat?post=727173"},{"taxonomy":"product_tag","embeddable":true,"href":"https:\/\/roveyayinevi.com.tr\/index.php\/wp-json\/wp\/v2\/product_tag?post=727173"}],"curies":[{"name":"wp","href":"https:\/\/api.w.org\/{rel}","templated":true}]}}