{"id":727169,"date":"2025-08-27T20:17:58","date_gmt":"2025-08-27T17:17:58","guid":{"rendered":"https:\/\/roveyayinevi.com.tr\/index.php\/urun\/kul-ezgileri\/"},"modified":"2026-04-12T02:41:39","modified_gmt":"2026-04-11T23:41:39","slug":"kul-ezgileri","status":"publish","type":"product","link":"https:\/\/roveyayinevi.com.tr\/index.php\/urun\/kul-ezgileri\/","title":{"rendered":"K\u00fcl Ezgileri"},"content":{"rendered":"<p>\u201cDa\u011f ba\u015flar\u0131nda \u00e7\u0131ld\u0131ran safkan bir r\u00fczg\u00e2r \u00e7\u0131\u011fl\u0131\u011f\u0131 bu, Y\u00fcre\u011fimi omuzlayan ac\u0131lar ustal\u0131\u011f\u0131nda Ufuklar\u0131 bekliyorum papatya \u00e7i\u00e7ekleriyle, Y\u00fcre\u011fimdeki k\u00fcllenmi\u015f sevda iffetleriyle&#8230; Deh\u015fetler an\u0131msayan akl\u0131mda bir tek a\u015fka yer kalm\u0131\u015f Can yorgunlu\u011fuma han\u00e7erler \u00e7eken muazzam eller ger\u00e7ekli\u011fi G\u00fcl kokular\u0131 \u00fcfleyen hayal g\u00fczelli\u011fi akl\u0131ma Damla damla ter gibi d\u00f6k\u00fcl\u00fcyor b\u00fct\u00fcn g\u00fczel y\u00fczler K\u00f6ks\u00fcz g\u00fcnlere, K\u00f6kl\u00fc \u00e7i\u00e7ekler ekiyorum kalbimle. Unuttum b\u00fct\u00fcn zor zamanlar\u0131n \u00f6l\u00fcm korkusunu Usul bir azap s\u0131z\u0131s\u0131 vurunca y\u00fcre\u011fime A\u015fka uyarlad\u0131m sevin\u00e7 saatlerinin kurgusunu.\u201d<\/p>\n","protected":false},"excerpt":{"rendered":"<p>\u201cDa\u011f ba\u015flar\u0131nda \u00e7\u0131ld\u0131ran safkan bir r\u00fczg\u00e2r \u00e7\u0131\u011fl\u0131\u011f\u0131 bu, Y\u00fcre\u011fimi omuzlayan ac\u0131lar ustal\u0131\u011f\u0131nda Ufuklar\u0131 bekliyorum papatya \u00e7i\u00e7ekleriyle, Y\u00fcre\u011fimdeki k\u00fcllenmi\u015f sevda iffetleriyle&#8230; Deh\u015fetler an\u0131msayan akl\u0131mda bir tek a\u015fka<span class=\"excerpt-hellip\"> [\u2026]<\/span><\/p>\n","protected":false},"featured_media":0,"template":"","meta":{"_monsterinsights_skip_tracking":false,"_monsterinsights_sitenote_active":false,"_monsterinsights_sitenote_note":"","_monsterinsights_sitenote_category":0},"product_brand":[],"product_cat":[12364,12376],"product_tag":[],"class_list":{"0":"post-727169","1":"product","2":"type-product","3":"status-publish","5":"product_cat-genel-konular","6":"product_cat-kisisel-gelisim","7":"pa_cilt-ciltsiz","8":"pa_tur-kitap","9":"pa_yayinevi-totem-yayinlari","10":"pa_yazar-mahir-cicek","12":"first","13":"instock","14":"sale","15":"shipping-taxable","16":"purchasable","17":"product-type-simple"},"_links":{"self":[{"href":"https:\/\/roveyayinevi.com.tr\/index.php\/wp-json\/wp\/v2\/product\/727169","targetHints":{"allow":["GET"]}}],"collection":[{"href":"https:\/\/roveyayinevi.com.tr\/index.php\/wp-json\/wp\/v2\/product"}],"about":[{"href":"https:\/\/roveyayinevi.com.tr\/index.php\/wp-json\/wp\/v2\/types\/product"}],"wp:attachment":[{"href":"https:\/\/roveyayinevi.com.tr\/index.php\/wp-json\/wp\/v2\/media?parent=727169"}],"wp:term":[{"taxonomy":"product_brand","embeddable":true,"href":"https:\/\/roveyayinevi.com.tr\/index.php\/wp-json\/wp\/v2\/product_brand?post=727169"},{"taxonomy":"product_cat","embeddable":true,"href":"https:\/\/roveyayinevi.com.tr\/index.php\/wp-json\/wp\/v2\/product_cat?post=727169"},{"taxonomy":"product_tag","embeddable":true,"href":"https:\/\/roveyayinevi.com.tr\/index.php\/wp-json\/wp\/v2\/product_tag?post=727169"}],"curies":[{"name":"wp","href":"https:\/\/api.w.org\/{rel}","templated":true}]}}