{"id":727166,"date":"2025-08-27T20:17:55","date_gmt":"2025-08-27T17:17:55","guid":{"rendered":"https:\/\/roveyayinevi.com.tr\/index.php\/urun\/modern-sanatin-felsefesi\/"},"modified":"2026-03-12T02:45:21","modified_gmt":"2026-03-11T23:45:21","slug":"modern-sanatin-felsefesi","status":"publish","type":"product","link":"https:\/\/roveyayinevi.com.tr\/index.php\/urun\/modern-sanatin-felsefesi\/","title":{"rendered":"Modern Sanat\u0131n Felsefesi"},"content":{"rendered":"<p>Modern Sanat\u0131n Felsefesi, modern sanat ak\u0131mlar\u0131na dair dikkat \u00e7ekici g\u00f6r\u00fc\u015fleriyle yirminci y\u00fczy\u0131l\u0131n ilk yar\u0131s\u0131nda estetik kuram\u0131 alan\u0131nda kendine \u00f6zel bir yer edinen \u0130ngiliz d\u00fc\u015f\u00fcn\u00fcr, ele\u015ftirmen ve \u015fair Herbert Read\u2019in farkl\u0131 tarihlerde yazd\u0131\u011f\u0131 \u00e7e\u015fitli makalelerini ve seminer notlar\u0131n\u0131 bir arada okuma f\u0131rsat\u0131 sunuyor. \u0130lk kez 1952 y\u0131l\u0131nda yay\u0131mlanan kitap, hem Read\u2019in estetik kuram\u0131n\u0131n geli\u015fiminin izlenebilece\u011fi hem de g\u00fcn\u00fcm\u00fczde halen \u00fczerinde yo\u011fun ara\u015ft\u0131rma yap\u0131lan modern sanat\u0131n dinamiklerinin incelenebilece\u011fi i\u00e7eri\u011fiyle g\u00fcncelli\u011fini korumaya devam ediyor. Sanat\u0131n toplum \u00fczerindeki d\u00f6n\u00fc\u015ft\u00fcr\u00fcc\u00fc g\u00fcc\u00fcn\u00fc her zaman \u00f6nemseyen Read\u2019in modern sanat\u0131n sahip oldu\u011fu bu g\u00fcce dair yorumlar\u0131n\u0131n okunabilece\u011fi kitapta, Modernizm\u2019in \u00f6nemli temsilcilerinden Paul Gauguin, Pablo Picasso, Paul Klee, Paul Nash, Henry Moore, Ben Nicholson, Naum Gabo ve Antoine Pevsner\u2019in \u00e7al\u0131\u015fmalar\u0131na ayr\u0131 ba\u015fl\u0131klar alt\u0131nda yer veriliyor. Ayr\u0131ca Herbert Read ile sanat\u00e7\u0131lar\u0131n yaz\u0131\u015fmalar\u0131n\u0131 da i\u00e7eren kitap, bir d\u00f6nemin sanat anlay\u0131\u015f\u0131n\u0131 \u015fekillendiren ak\u0131mlara hem kuramc\u0131n\u0131n hem de sanat\u00e7\u0131n\u0131n g\u00f6z\u00fcnden bakma imk\u00e2n\u0131 sa\u011fl\u0131yor. Modern Sanat\u0131n Felsefesi, okuru yaln\u0131zca sanat de\u011fil medeniyet ve k\u00fclt\u00fcr tarihi \u00fczerinde d\u00fc\u015f\u00fcnmeye de y\u00f6nlendiriyor. <\/p>\n","protected":false},"excerpt":{"rendered":"<p>Modern Sanat\u0131n Felsefesi, modern sanat ak\u0131mlar\u0131na dair dikkat \u00e7ekici g\u00f6r\u00fc\u015fleriyle yirminci y\u00fczy\u0131l\u0131n ilk yar\u0131s\u0131nda estetik kuram\u0131 alan\u0131nda kendine \u00f6zel bir yer edinen \u0130ngiliz d\u00fc\u015f\u00fcn\u00fcr, ele\u015ftirmen ve<span class=\"excerpt-hellip\"> [\u2026]<\/span><\/p>\n","protected":false},"featured_media":0,"template":"","meta":{"_monsterinsights_skip_tracking":false,"_monsterinsights_sitenote_active":false,"_monsterinsights_sitenote_note":"","_monsterinsights_sitenote_category":0},"product_brand":[],"product_cat":[44608,12408],"product_tag":[],"class_list":{"0":"post-727166","1":"product","2":"type-product","3":"status-publish","5":"product_cat-diger-sanat","6":"product_cat-sanat","7":"pa_cilt-ciltsiz","8":"pa_tur-kitap","9":"pa_yayinevi-hayalperest-yayinlari","10":"pa_yazar-herbert-read","12":"first","13":"instock","14":"sale","15":"shipping-taxable","16":"purchasable","17":"product-type-simple"},"_links":{"self":[{"href":"https:\/\/roveyayinevi.com.tr\/index.php\/wp-json\/wp\/v2\/product\/727166","targetHints":{"allow":["GET"]}}],"collection":[{"href":"https:\/\/roveyayinevi.com.tr\/index.php\/wp-json\/wp\/v2\/product"}],"about":[{"href":"https:\/\/roveyayinevi.com.tr\/index.php\/wp-json\/wp\/v2\/types\/product"}],"wp:attachment":[{"href":"https:\/\/roveyayinevi.com.tr\/index.php\/wp-json\/wp\/v2\/media?parent=727166"}],"wp:term":[{"taxonomy":"product_brand","embeddable":true,"href":"https:\/\/roveyayinevi.com.tr\/index.php\/wp-json\/wp\/v2\/product_brand?post=727166"},{"taxonomy":"product_cat","embeddable":true,"href":"https:\/\/roveyayinevi.com.tr\/index.php\/wp-json\/wp\/v2\/product_cat?post=727166"},{"taxonomy":"product_tag","embeddable":true,"href":"https:\/\/roveyayinevi.com.tr\/index.php\/wp-json\/wp\/v2\/product_tag?post=727166"}],"curies":[{"name":"wp","href":"https:\/\/api.w.org\/{rel}","templated":true}]}}