{"id":727165,"date":"2025-08-27T20:17:55","date_gmt":"2025-08-27T17:17:55","guid":{"rendered":"https:\/\/roveyayinevi.com.tr\/index.php\/urun\/gotik-resim-ve-heykel-sanati\/"},"modified":"2026-03-12T02:45:21","modified_gmt":"2026-03-11T23:45:21","slug":"gotik-resim-ve-heykel-sanati","status":"publish","type":"product","link":"https:\/\/roveyayinevi.com.tr\/index.php\/urun\/gotik-resim-ve-heykel-sanati\/","title":{"rendered":"Gotik Resim Ve Heykel Sanat\u0131"},"content":{"rendered":"<p>Bat\u0131 sanat\u0131 tarihinde \u00f6nemli bir yeri olan Orta\u00e7a\u011f, on ikinci y\u00fczy\u0131ldan on be\u015finci y\u00fczy\u0131l\u0131n ortalar\u0131na kadar \u00f6zellikle k\u0131ta Avrupas\u0131\u2019nda \u00fcretilen resim, heykel ve mimari yap\u0131lar\u0131n g\u00fcn\u00fcm\u00fcze ula\u015fan \u00f6rnekleriyle ruhunu halen koruyor. Ha\u00e7l\u0131 seferlerinin, pek \u00e7ok sava\u015f\u0131n, \u00f6l\u00fcmc\u00fcl salg\u0131nlar\u0131n ya\u015fand\u0131\u011f\u0131 s\u00fcre\u00e7te bir teskin ve kontrol mekanizmas\u0131 olarak g\u00fc\u00e7 kazanan Katolik H\u0131ristiyan inanc\u0131n\u0131n gerek sanattaki gerekse kamusal alanlardaki yans\u0131malar\u0131n\u0131n g\u00fcn\u00fcm\u00fcze ula\u015fan \u00f6rnekleri g\u00f6renleri etkisi alt\u0131na almaya devam ediyor. Akademisyen Nil\u00fcfer \u00d6ndin\u2019in yazd\u0131\u011f\u0131 Gotik Resim ve Heykel Sanat\u0131, Bat\u0131 felsefesinin, sanat\u0131n\u0131n ve toplum yap\u0131s\u0131n\u0131n geli\u015fmesinde \u00f6nemli a\u015famalardan biri olan Gotik d\u00f6nemde sanatsal \u00fcretime odaklan\u0131yor. Kitap, d\u00f6nemin ressamlar\u0131, heykelt\u0131ra\u015flar\u0131 ve mimarlar\u0131n\u0131n d\u00fc\u015f\u00fcnce ve hayal d\u00fcnyas\u0131n\u0131 \u015fekillendiren felsefi e\u011filimlerini, bu e\u011filimlerin \u00fcretimleri \u00fczerindeki etkilerini de ayr\u0131nt\u0131yla ele al\u0131n\u0131yor. Orta\u00e7a\u011f zihniyetinin merkezini olu\u015fturan geometri, simya ve inan\u00e7 d\u00fcnyas\u0131 hakk\u0131nda da bilgi veren Gotik Resim ve Heykel Sanat\u0131, Bat\u0131 d\u00fcnyas\u0131n\u0131n ilk ayd\u0131nlanma d\u00f6nemi kabul edilen R\u00f6nesans\u2019\u0131n geli\u015fmesinde ilham kayna\u011f\u0131 olan Cimabue, Giotto, Duccio, Simone Martini, Lorenzetti Karde\u015fler ve daha pek \u00e7ok sanat\u00e7\u0131n\u0131n eserlerini de mercek alt\u0131na al\u0131yor. <\/p>\n","protected":false},"excerpt":{"rendered":"<p>Bat\u0131 sanat\u0131 tarihinde \u00f6nemli bir yeri olan Orta\u00e7a\u011f, on ikinci y\u00fczy\u0131ldan on be\u015finci y\u00fczy\u0131l\u0131n ortalar\u0131na kadar \u00f6zellikle k\u0131ta Avrupas\u0131\u2019nda \u00fcretilen resim, heykel ve mimari yap\u0131lar\u0131n g\u00fcn\u00fcm\u00fcze<span class=\"excerpt-hellip\"> [\u2026]<\/span><\/p>\n","protected":false},"featured_media":0,"template":"","meta":{"_monsterinsights_skip_tracking":false,"_monsterinsights_sitenote_active":false,"_monsterinsights_sitenote_note":"","_monsterinsights_sitenote_category":0},"product_brand":[],"product_cat":[12408,14197],"product_tag":[],"class_list":{"0":"post-727165","1":"product","2":"type-product","3":"status-publish","5":"product_cat-sanat","6":"product_cat-sanat-tarihi","7":"pa_cilt-ciltsiz","8":"pa_tur-kitap","9":"pa_yayinevi-hayalperest-yayinlari","10":"pa_yazar-nilufer-ondin","12":"first","13":"instock","14":"sale","15":"shipping-taxable","16":"purchasable","17":"product-type-simple"},"_links":{"self":[{"href":"https:\/\/roveyayinevi.com.tr\/index.php\/wp-json\/wp\/v2\/product\/727165","targetHints":{"allow":["GET"]}}],"collection":[{"href":"https:\/\/roveyayinevi.com.tr\/index.php\/wp-json\/wp\/v2\/product"}],"about":[{"href":"https:\/\/roveyayinevi.com.tr\/index.php\/wp-json\/wp\/v2\/types\/product"}],"wp:attachment":[{"href":"https:\/\/roveyayinevi.com.tr\/index.php\/wp-json\/wp\/v2\/media?parent=727165"}],"wp:term":[{"taxonomy":"product_brand","embeddable":true,"href":"https:\/\/roveyayinevi.com.tr\/index.php\/wp-json\/wp\/v2\/product_brand?post=727165"},{"taxonomy":"product_cat","embeddable":true,"href":"https:\/\/roveyayinevi.com.tr\/index.php\/wp-json\/wp\/v2\/product_cat?post=727165"},{"taxonomy":"product_tag","embeddable":true,"href":"https:\/\/roveyayinevi.com.tr\/index.php\/wp-json\/wp\/v2\/product_tag?post=727165"}],"curies":[{"name":"wp","href":"https:\/\/api.w.org\/{rel}","templated":true}]}}