{"id":727157,"date":"2025-08-27T20:17:50","date_gmt":"2025-08-27T17:17:50","guid":{"rendered":"https:\/\/roveyayinevi.com.tr\/index.php\/urun\/yatirim-analizi-ve-portfoy-yonetimi\/"},"modified":"2026-04-16T02:34:54","modified_gmt":"2026-04-15T23:34:54","slug":"yatirim-analizi-ve-portfoy-yonetimi","status":"publish","type":"product","link":"https:\/\/roveyayinevi.com.tr\/index.php\/urun\/yatirim-analizi-ve-portfoy-yonetimi\/","title":{"rendered":"Yat\u0131r\u0131m Analizi ve Portf\u00f6y Y\u00f6netimi"},"content":{"rendered":"<p>B\u00d6L\u00dcM I Yat\u0131r\u0131m Ortam\u0131 ve Piyasan\u0131n Oyuncular\u0131 B\u00d6L\u00dcM II Menkul K\u0131ymet Borsalar\u0131 B\u00d6L\u00dcM III T\u00fcrkiye\u2019de Sermaye Piyasas\u0131 Faaliyetleri ve \u0130stanbul Menkul K\u0131ymetler Borsas\u0131 B\u00d6L\u00dcM IV Paran\u0131n Rol\u00fc, Faiz Oranlar\u0131, Getiri E\u011frileri ve Faiz Oran\u0131n\u0131n Yap\u0131s\u0131n\u0131 A\u00e7\u0131klayan Teoriler B\u00d6L\u00dcM V Portf\u00f6y Risk ve Getirisi B\u00d6L\u00dcM VI Etkin S\u0131n\u0131r ve Portf\u00f6y Se\u00e7imi B\u00d6L\u00dcM VII Sermaye Varl\u0131klar\u0131n\u0131 Fiyatlama Modeli (CAPM) B\u00d6L\u00dcM VIII Fakt\u00f6r Modelleri ve Arbitraj Fiyatlama Teorisi B\u00d6L\u00dcM IX Etkin Piyasalar Hipotezi B\u00d6L\u00dcM X Hisse Senetleri ve Borsa \u0130stanbul ve Hisse Senetleri Piyasas\u0131nda Al\u0131m Sat\u0131m \u0130\u015flemleri B\u00d6L\u00dcM XI Hisse Senetlerinin De\u011ferlemesi B\u00d6L\u00dcM XII Tahviller ve Di\u011fer Sabit Getirili Menkul K\u0131ymetler B\u00d6L\u00dcM XIII Tahviller ve Di\u011fer Sabit Getirili Menkul K\u0131ymetlerin De\u011ferlemesi B\u00d6L\u00dcM XIV Temel Analiz B\u00d6L\u00dcM XV Finansal Tablolar Analizi B\u00d6L\u00dcM XVI Teknik Analiz B\u00d6L\u00dcM XVII Portf\u00f6y Y\u00f6netim Stratejileri B\u00d6L\u00dcM XVIII Vadeli \u0130\u015flem S\u00f6zle\u015fmeleri B\u00d6L\u00dcM XIX Opsiyon S\u00f6zle\u015fmeleri ve Opsiyon Piyasalar\u0131 B\u00d6L\u00dcM XX Opsiyon De\u011ferlemesi B\u00d6L\u00dcM XXI Portf\u00f6y Performans\u0131n\u0131n \u00d6l\u00e7\u00fclmesi B\u00d6L\u00dcM XXII Davran\u0131\u015fsal Finans ve Bireysel Yat\u0131r\u0131mc\u0131lar B\u00d6L\u00dcM XXIII Risk Y\u00f6netimi<\/p>\n","protected":false},"excerpt":{"rendered":"<p>B\u00d6L\u00dcM I Yat\u0131r\u0131m Ortam\u0131 ve Piyasan\u0131n Oyuncular\u0131 B\u00d6L\u00dcM II Menkul K\u0131ymet Borsalar\u0131 B\u00d6L\u00dcM III T\u00fcrkiye\u2019de Sermaye Piyasas\u0131 Faaliyetleri ve \u0130stanbul Menkul K\u0131ymetler Borsas\u0131 B\u00d6L\u00dcM IV Paran\u0131n<span class=\"excerpt-hellip\"> [\u2026]<\/span><\/p>\n","protected":false},"featured_media":0,"template":"","meta":{"_monsterinsights_skip_tracking":false,"_monsterinsights_sitenote_active":false,"_monsterinsights_sitenote_note":"","_monsterinsights_sitenote_category":0},"product_brand":[],"product_cat":[13043,14381],"product_tag":[],"class_list":{"0":"post-727157","1":"product","2":"type-product","3":"status-publish","5":"product_cat-ekonomi","6":"product_cat-isletme-muhasebe-maliye","7":"pa_cilt-ciltsiz","8":"pa_tur-kitap","9":"pa_yayinevi-gazi-kitabevi","10":"pa_yazar-mehmet-baha-karan","12":"first","13":"instock","14":"sale","15":"shipping-taxable","16":"purchasable","17":"product-type-simple"},"_links":{"self":[{"href":"https:\/\/roveyayinevi.com.tr\/index.php\/wp-json\/wp\/v2\/product\/727157","targetHints":{"allow":["GET"]}}],"collection":[{"href":"https:\/\/roveyayinevi.com.tr\/index.php\/wp-json\/wp\/v2\/product"}],"about":[{"href":"https:\/\/roveyayinevi.com.tr\/index.php\/wp-json\/wp\/v2\/types\/product"}],"wp:attachment":[{"href":"https:\/\/roveyayinevi.com.tr\/index.php\/wp-json\/wp\/v2\/media?parent=727157"}],"wp:term":[{"taxonomy":"product_brand","embeddable":true,"href":"https:\/\/roveyayinevi.com.tr\/index.php\/wp-json\/wp\/v2\/product_brand?post=727157"},{"taxonomy":"product_cat","embeddable":true,"href":"https:\/\/roveyayinevi.com.tr\/index.php\/wp-json\/wp\/v2\/product_cat?post=727157"},{"taxonomy":"product_tag","embeddable":true,"href":"https:\/\/roveyayinevi.com.tr\/index.php\/wp-json\/wp\/v2\/product_tag?post=727157"}],"curies":[{"name":"wp","href":"https:\/\/api.w.org\/{rel}","templated":true}]}}