{"id":727155,"date":"2025-08-27T20:17:49","date_gmt":"2025-08-27T17:17:49","guid":{"rendered":"https:\/\/roveyayinevi.com.tr\/index.php\/urun\/stratejik-pandemi-yonetimi-covid19-ile-ilgili-sektorel-gorgul-arastirmalar\/"},"modified":"2026-04-16T02:34:54","modified_gmt":"2026-04-15T23:34:54","slug":"stratejik-pandemi-yonetimi-covid19-ile-ilgili-sektorel-gorgul-arastirmalar","status":"publish","type":"product","link":"https:\/\/roveyayinevi.com.tr\/index.php\/urun\/stratejik-pandemi-yonetimi-covid19-ile-ilgili-sektorel-gorgul-arastirmalar\/","title":{"rendered":"Stratejik Pandemi Y\u00f6netimi Co*vid19 ile \u0130lgili Sekt\u00f6rel G\u00f6rg\u00fcl Ara\u015ft\u0131rmalar"},"content":{"rendered":"<p>Stratejik Pandemi Y\u00f6netimi Co*vid 19 ile \u0130lgili Sekt\u00f6rel G\u00f6rg\u00fcl Ara\u015ft\u0131rmalar.<\/p>\n","protected":false},"excerpt":{"rendered":"<p>Stratejik Pandemi Y\u00f6netimi Co*vid 19 ile \u0130lgili Sekt\u00f6rel G\u00f6rg\u00fcl Ara\u015ft\u0131rmalar.<\/p>\n","protected":false},"featured_media":0,"template":"","meta":{"_monsterinsights_skip_tracking":false,"_monsterinsights_sitenote_active":false,"_monsterinsights_sitenote_note":"","_monsterinsights_sitenote_category":0},"product_brand":[],"product_cat":[12365,12364],"product_tag":[],"class_list":{"0":"post-727155","1":"product","2":"type-product","3":"status-publish","5":"product_cat-diger-genel-konular","6":"product_cat-genel-konular","7":"pa_cilt-ciltsiz","8":"pa_tur-kitap","9":"pa_yayinevi-gazi-kitabevi","10":"pa_yazar-muhammet-ali-yetgin","12":"first","13":"instock","14":"sale","15":"shipping-taxable","16":"purchasable","17":"product-type-simple"},"_links":{"self":[{"href":"https:\/\/roveyayinevi.com.tr\/index.php\/wp-json\/wp\/v2\/product\/727155","targetHints":{"allow":["GET"]}}],"collection":[{"href":"https:\/\/roveyayinevi.com.tr\/index.php\/wp-json\/wp\/v2\/product"}],"about":[{"href":"https:\/\/roveyayinevi.com.tr\/index.php\/wp-json\/wp\/v2\/types\/product"}],"wp:attachment":[{"href":"https:\/\/roveyayinevi.com.tr\/index.php\/wp-json\/wp\/v2\/media?parent=727155"}],"wp:term":[{"taxonomy":"product_brand","embeddable":true,"href":"https:\/\/roveyayinevi.com.tr\/index.php\/wp-json\/wp\/v2\/product_brand?post=727155"},{"taxonomy":"product_cat","embeddable":true,"href":"https:\/\/roveyayinevi.com.tr\/index.php\/wp-json\/wp\/v2\/product_cat?post=727155"},{"taxonomy":"product_tag","embeddable":true,"href":"https:\/\/roveyayinevi.com.tr\/index.php\/wp-json\/wp\/v2\/product_tag?post=727155"}],"curies":[{"name":"wp","href":"https:\/\/api.w.org\/{rel}","templated":true}]}}