{"id":727151,"date":"2025-08-27T20:17:46","date_gmt":"2025-08-27T17:17:46","guid":{"rendered":"https:\/\/roveyayinevi.com.tr\/index.php\/urun\/psiko-motor-gelisim\/"},"modified":"2026-04-16T02:34:53","modified_gmt":"2026-04-15T23:34:53","slug":"psiko-motor-gelisim","status":"publish","type":"product","link":"https:\/\/roveyayinevi.com.tr\/index.php\/urun\/psiko-motor-gelisim\/","title":{"rendered":"Psiko Motor Geli\u015fim"},"content":{"rendered":"<p>\u0130\u00e7indekiler B\u00d6L\u00dcM I: PS\u0130KO-MOTOR GEL\u0130\u015e\u0130ME G\u0130R\u0130\u015e B\u00d6L\u00dcM II: TEMEL KAVRAMLAR B\u00d6L\u00dcM III: GEL\u0130\u015e\u0130M KURAMLARI B\u00d6L\u00dcM IV: DO\u011eUM \u00d6NCES\u0130 D\u00d6NEM B\u00d6L\u00dcM V: BEBEKL\u0130K D\u00d6NEM\u0130(UTERUS \u0130\u00c7\u0130 VE 0-12 AYLAR) B\u00d6L\u00dcM VI: \u0130LKEL HAREKETLER D\u00d6NEM\u0130(0-2 YA\u015e) B\u00d6L\u00dcM VII: GENEL HAREKETLER D\u00d6NEM\u0130 (3-6 YA\u015e) B\u00d6L\u00dcM VIII: SPORA Y\u00d6NEL\u0130K HAREKETLER D\u00d6NEM\u0130 (7-14 YA\u015e) B\u00d6L\u00dcM IX: ERGENL\u0130K D\u00d6NEM\u0130 (11-17 YA\u015e) B\u00d6L\u00dcM X: GEN\u00c7L\u0130K D\u00d6NEM\u0130 (13-20 YA\u015e) B\u00d6L\u00dcM XI: YET\u0130\u015eK\u0130NL\u0130K D\u00d6NEM\u0130 (20-30\/40 YA\u015e) B\u00d6L\u00dcM XII: ORTA YILLAR D\u00d6NEM\u0130 (30-40\/65 YA\u015e) B\u00d6L\u00dcM XIII: YA\u015eILIK (65-85 YA\u015e) VE \u0130LER\u0130 YA\u015eLILIK D\u00d6NEM\u0130 ( 85 YA\u015e VE \u00dcST\u00dc<\/p>\n","protected":false},"excerpt":{"rendered":"<p>\u0130\u00e7indekiler B\u00d6L\u00dcM I: PS\u0130KO-MOTOR GEL\u0130\u015e\u0130ME G\u0130R\u0130\u015e B\u00d6L\u00dcM II: TEMEL KAVRAMLAR B\u00d6L\u00dcM III: GEL\u0130\u015e\u0130M KURAMLARI B\u00d6L\u00dcM IV: DO\u011eUM \u00d6NCES\u0130 D\u00d6NEM B\u00d6L\u00dcM V: BEBEKL\u0130K D\u00d6NEM\u0130(UTERUS \u0130\u00c7\u0130 VE 0-12<span class=\"excerpt-hellip\"> [\u2026]<\/span><\/p>\n","protected":false},"featured_media":0,"template":"","meta":{"_monsterinsights_skip_tracking":false,"_monsterinsights_sitenote_active":false,"_monsterinsights_sitenote_note":"","_monsterinsights_sitenote_category":0},"product_brand":[],"product_cat":[20313,13365],"product_tag":[],"class_list":{"0":"post-727151","1":"product","2":"type-product","3":"status-publish","5":"product_cat-basvuru-kitaplari-saglik","6":"product_cat-saglik","7":"pa_cilt-ciltsiz","8":"pa_tur-kitap","9":"pa_yayinevi-gazi-kitabevi","10":"pa_yazar-hakki-coknaz","12":"first","13":"instock","14":"sale","15":"shipping-taxable","16":"purchasable","17":"product-type-simple"},"_links":{"self":[{"href":"https:\/\/roveyayinevi.com.tr\/index.php\/wp-json\/wp\/v2\/product\/727151","targetHints":{"allow":["GET"]}}],"collection":[{"href":"https:\/\/roveyayinevi.com.tr\/index.php\/wp-json\/wp\/v2\/product"}],"about":[{"href":"https:\/\/roveyayinevi.com.tr\/index.php\/wp-json\/wp\/v2\/types\/product"}],"wp:attachment":[{"href":"https:\/\/roveyayinevi.com.tr\/index.php\/wp-json\/wp\/v2\/media?parent=727151"}],"wp:term":[{"taxonomy":"product_brand","embeddable":true,"href":"https:\/\/roveyayinevi.com.tr\/index.php\/wp-json\/wp\/v2\/product_brand?post=727151"},{"taxonomy":"product_cat","embeddable":true,"href":"https:\/\/roveyayinevi.com.tr\/index.php\/wp-json\/wp\/v2\/product_cat?post=727151"},{"taxonomy":"product_tag","embeddable":true,"href":"https:\/\/roveyayinevi.com.tr\/index.php\/wp-json\/wp\/v2\/product_tag?post=727151"}],"curies":[{"name":"wp","href":"https:\/\/api.w.org\/{rel}","templated":true}]}}