{"id":727150,"date":"2025-08-27T20:17:45","date_gmt":"2025-08-27T17:17:45","guid":{"rendered":"https:\/\/roveyayinevi.com.tr\/index.php\/urun\/kaskay-turkcesi-grameri\/"},"modified":"2026-04-16T02:34:53","modified_gmt":"2026-04-15T23:34:53","slug":"kaskay-turkcesi-grameri","status":"publish","type":"product","link":"https:\/\/roveyayinevi.com.tr\/index.php\/urun\/kaskay-turkcesi-grameri\/","title":{"rendered":"Ka\u015fkay T\u00fcrk\u00e7esi Grameri"},"content":{"rendered":"<p>Giri\u015f 1.Ka\u015fkaylar Ve Ka\u015fkay T\u00fcrk\u00e7esi Ses Bilgisi 1. \u00dcnl\u00fcler 2. \u00dcns\u00fczler \u015eekil Bilgisi 1. Ekler 2. Kelime T\u00fcrleri Sonu\u00e7 1. Ka\u015fkay T\u00fcrk\u00e7esinin Baz\u0131 Karakteristik \u00d6zellikleri Kaynak\u00e7a Ekler 1. Ka\u015fkaylar Ve Ka\u015fkay T\u00fcrk\u00e7esi \u0130le \u0130lgili T\u00fcrkiye\u2019de Yap\u0131lan Baz\u0131 \u00c7al\u0131\u015fmalar 2. Foto\u011fraflar <\/p>\n","protected":false},"excerpt":{"rendered":"<p>Giri\u015f 1.Ka\u015fkaylar Ve Ka\u015fkay T\u00fcrk\u00e7esi Ses Bilgisi 1. \u00dcnl\u00fcler 2. \u00dcns\u00fczler \u015eekil Bilgisi 1. Ekler 2. Kelime T\u00fcrleri Sonu\u00e7 1. Ka\u015fkay T\u00fcrk\u00e7esinin Baz\u0131 Karakteristik \u00d6zellikleri Kaynak\u00e7a<span class=\"excerpt-hellip\"> [\u2026]<\/span><\/p>\n","protected":false},"featured_media":0,"template":"","meta":{"_monsterinsights_skip_tracking":false,"_monsterinsights_sitenote_active":false,"_monsterinsights_sitenote_note":"","_monsterinsights_sitenote_category":0},"product_brand":[],"product_cat":[20225,12291],"product_tag":[],"class_list":{"0":"post-727150","1":"product","2":"type-product","3":"status-publish","5":"product_cat-dil-bilim","6":"product_cat-edebiyat","7":"pa_cilt-ciltsiz","8":"pa_tur-kitap","9":"pa_yayinevi-gazi-kitabevi","10":"pa_yazar-muhittin-celik","12":"first","13":"instock","14":"sale","15":"shipping-taxable","16":"purchasable","17":"product-type-simple"},"_links":{"self":[{"href":"https:\/\/roveyayinevi.com.tr\/index.php\/wp-json\/wp\/v2\/product\/727150","targetHints":{"allow":["GET"]}}],"collection":[{"href":"https:\/\/roveyayinevi.com.tr\/index.php\/wp-json\/wp\/v2\/product"}],"about":[{"href":"https:\/\/roveyayinevi.com.tr\/index.php\/wp-json\/wp\/v2\/types\/product"}],"wp:attachment":[{"href":"https:\/\/roveyayinevi.com.tr\/index.php\/wp-json\/wp\/v2\/media?parent=727150"}],"wp:term":[{"taxonomy":"product_brand","embeddable":true,"href":"https:\/\/roveyayinevi.com.tr\/index.php\/wp-json\/wp\/v2\/product_brand?post=727150"},{"taxonomy":"product_cat","embeddable":true,"href":"https:\/\/roveyayinevi.com.tr\/index.php\/wp-json\/wp\/v2\/product_cat?post=727150"},{"taxonomy":"product_tag","embeddable":true,"href":"https:\/\/roveyayinevi.com.tr\/index.php\/wp-json\/wp\/v2\/product_tag?post=727150"}],"curies":[{"name":"wp","href":"https:\/\/api.w.org\/{rel}","templated":true}]}}