{"id":727149,"date":"2025-08-27T20:17:45","date_gmt":"2025-08-27T17:17:45","guid":{"rendered":"https:\/\/roveyayinevi.com.tr\/index.php\/urun\/ekolojik-iktisatta-kalkinma-sorunu-karsilastirmali-bir-inceleme\/"},"modified":"2026-04-16T02:34:53","modified_gmt":"2026-04-15T23:34:53","slug":"ekolojik-iktisatta-kalkinma-sorunu-karsilastirmali-bir-inceleme","status":"publish","type":"product","link":"https:\/\/roveyayinevi.com.tr\/index.php\/urun\/ekolojik-iktisatta-kalkinma-sorunu-karsilastirmali-bir-inceleme\/","title":{"rendered":"Ekolojik \u0130ktisatta Kalk\u0131nma Sorunu &#8211; Kar\u015f\u0131la\u015ft\u0131rmal\u0131 Bir \u0130nceleme"},"content":{"rendered":"<p>D\u00fcnyadaki iktisad\u00ee yakla\u015f\u0131mlar\u0131 ekoloji ile uyumu a\u00e7\u0131s\u0131ndan ele alarak irdeleyen Ekolojik \u0130ktisatta Kalk\u0131nma Sorunu, 1970\u2019lerden g\u00fcn\u00fcm\u00fcze kalk\u0131nma konusundaki g\u00f6r\u00fc\u015fleri kar\u015f\u0131la\u015ft\u0131rmal\u0131 olarak ele al\u0131yor, ele\u015ftiriyor ve derinlemesine analiz ederek bir senteze varmaya \u00e7al\u0131\u015f\u0131yor. Bunu yaparken ekolojik iktisad\u0131n \u2018b\u00fcy\u00fcmeme\u2019 (degrowth) gibi kavramlar\u0131n\u0131 yeniden ele al\u0131yor ve tan\u0131mlar\u0131n\u0131 sorguluyor. Kitapta \u00f6zellikle do\u011fa kavram\u0131n\u0131n kalk\u0131nma iktisad\u0131 yakla\u015f\u0131mlar\u0131nda yer edinememesi, canl\u0131 ve d\u00f6ng\u00fcsel bir varl\u0131k olarak yer bulamamas\u0131 \u00fczerine ayr\u0131nt\u0131l\u0131 analizler yer al\u0131yor.Kitap, ana ak\u0131m iktisad\u0131n yan\u0131 s\u0131ra, ana ak\u0131m iktisada ele\u015ftirel yakla\u015fan di\u011fer iktisad\u00ee g\u00f6r\u00fc\u015fleri de ekolojik iktisat penceresinden ele\u015ftiriyor. Kalk\u0131nma okullar\u0131n\u0131n \u00e7evre ve do\u011fa hakk\u0131ndaki analizlerinin ne kadar farkl\u0131la\u015fsalar da ekolojik a\u00e7\u0131dan yoksunluk noktas\u0131nda nas\u0131l birle\u015ftiklerini ortaya koyuyor. Kitap, 21. y\u00fczy\u0131lda g\u00fcncel geli\u015fmeler \u0131\u015f\u0131\u011f\u0131nda ekolojik bak\u0131\u015f a\u00e7\u0131s\u0131n\u0131n iktisad\u00ee d\u00fc\u015f\u00fcnce \u00fczerinde ne kadar m\u00fchim etkiler yarataca\u011f\u0131n\u0131n sinyallerini a\u00e7\u0131k\u00e7a g\u00f6steriyor.Ekolojik \u0130ktisatta Kalk\u0131nma Sorunu, s\u00fcrd\u00fcr\u00fclebilir kalk\u0131nma mefhumunu yepyeni bir ekolojik iktisat bak\u0131\u015f a\u00e7\u0131s\u0131yla \u00f6zg\u00fcn bir \u015fekilde yorumluyor ve iktisad\u00ee d\u00fc\u015f\u00fcncede yeni ufuklar aray\u0131\u015f\u0131na giriyor.<\/p>\n","protected":false},"excerpt":{"rendered":"<p>D\u00fcnyadaki iktisad\u00ee yakla\u015f\u0131mlar\u0131 ekoloji ile uyumu a\u00e7\u0131s\u0131ndan ele alarak irdeleyen Ekolojik \u0130ktisatta Kalk\u0131nma Sorunu, 1970\u2019lerden g\u00fcn\u00fcm\u00fcze kalk\u0131nma konusundaki g\u00f6r\u00fc\u015fleri kar\u015f\u0131la\u015ft\u0131rmal\u0131 olarak ele al\u0131yor, ele\u015ftiriyor ve derinlemesine<span class=\"excerpt-hellip\"> [\u2026]<\/span><\/p>\n","protected":false},"featured_media":0,"template":"","meta":{"_monsterinsights_skip_tracking":false,"_monsterinsights_sitenote_active":false,"_monsterinsights_sitenote_note":"","_monsterinsights_sitenote_category":0},"product_brand":[],"product_cat":[20333,13043],"product_tag":[],"class_list":{"0":"post-727149","1":"product","2":"type-product","3":"status-publish","5":"product_cat-diger-ekonomi","6":"product_cat-ekonomi","7":"pa_cilt-ciltsiz","8":"pa_tur-kitap","9":"pa_yayinevi-astana-yayinlari","10":"pa_yazar-armagan-canan","12":"first","13":"instock","14":"sale","15":"shipping-taxable","16":"purchasable","17":"product-type-simple"},"_links":{"self":[{"href":"https:\/\/roveyayinevi.com.tr\/index.php\/wp-json\/wp\/v2\/product\/727149","targetHints":{"allow":["GET"]}}],"collection":[{"href":"https:\/\/roveyayinevi.com.tr\/index.php\/wp-json\/wp\/v2\/product"}],"about":[{"href":"https:\/\/roveyayinevi.com.tr\/index.php\/wp-json\/wp\/v2\/types\/product"}],"wp:attachment":[{"href":"https:\/\/roveyayinevi.com.tr\/index.php\/wp-json\/wp\/v2\/media?parent=727149"}],"wp:term":[{"taxonomy":"product_brand","embeddable":true,"href":"https:\/\/roveyayinevi.com.tr\/index.php\/wp-json\/wp\/v2\/product_brand?post=727149"},{"taxonomy":"product_cat","embeddable":true,"href":"https:\/\/roveyayinevi.com.tr\/index.php\/wp-json\/wp\/v2\/product_cat?post=727149"},{"taxonomy":"product_tag","embeddable":true,"href":"https:\/\/roveyayinevi.com.tr\/index.php\/wp-json\/wp\/v2\/product_tag?post=727149"}],"curies":[{"name":"wp","href":"https:\/\/api.w.org\/{rel}","templated":true}]}}