{"id":727148,"date":"2025-08-27T20:17:44","date_gmt":"2025-08-27T17:17:44","guid":{"rendered":"https:\/\/roveyayinevi.com.tr\/index.php\/urun\/ibn-cubeyr-seyahatnamesi\/"},"modified":"2026-04-16T02:34:53","modified_gmt":"2026-04-15T23:34:53","slug":"ibn-cubeyr-seyahatnamesi","status":"publish","type":"product","link":"https:\/\/roveyayinevi.com.tr\/index.php\/urun\/ibn-cubeyr-seyahatnamesi\/","title":{"rendered":"\u0130bn C\u00fcbeyr Seyahatnamesi"},"content":{"rendered":"<p>Elinizdeki bu eserde; XIII. yy. \u0130slam d\u00fcnyas\u0131n\u0131n kutsal \u015fehirleri Mekke-Medine\u2019nin yan\u0131 s\u0131ra M\u0131s\u0131r, Irak ve Suriye b\u00f6lgelerinde yer alan \u015fehirler, End\u00fcl\u00fcsl\u00fc seyyah \u0130bn C\u00fcbeyr\u2019in g\u00f6z\u00fcnden son derece canl\u0131 bir \u015fekilde tasvir edilmektedir. Bu anlat\u0131mlara m\u00fcellifin seyahat rotas\u0131 \u00fczerinde bulunan Ha\u00e7l\u0131lara ait Suriye sahilindeki \u015fehirler ile Sicilya da dahil edilmi\u015ftir. D\u00f6nemin siyasi-askeri kaynaklar\u0131ndan tamamen farkl\u0131 olarak bahse konu yerlerin sosyo-k\u00fclt\u00fcrel ve ekonomik tarihine dair aktard\u0131\u011f\u0131 \u00e7ok de\u011ferli bilgiler \u0130bn C\u00fcbeyr Seyahatnamesi\u2019ni zaman\u0131n\u0131n en \u00f6nemli kaynaklar\u0131ndan biri haline getirmektedir.  <\/p>\n","protected":false},"excerpt":{"rendered":"<p>Elinizdeki bu eserde; XIII. yy. \u0130slam d\u00fcnyas\u0131n\u0131n kutsal \u015fehirleri Mekke-Medine\u2019nin yan\u0131 s\u0131ra M\u0131s\u0131r, Irak ve Suriye b\u00f6lgelerinde yer alan \u015fehirler, End\u00fcl\u00fcsl\u00fc seyyah \u0130bn C\u00fcbeyr\u2019in g\u00f6z\u00fcnden son<span class=\"excerpt-hellip\"> [\u2026]<\/span><\/p>\n","protected":false},"featured_media":0,"template":"","meta":{"_monsterinsights_skip_tracking":false,"_monsterinsights_sitenote_active":false,"_monsterinsights_sitenote_note":"","_monsterinsights_sitenote_category":0},"product_brand":[],"product_cat":[12370,12304],"product_tag":[],"class_list":{"0":"post-727148","1":"product","2":"type-product","3":"status-publish","5":"product_cat-arastirma-inceleme","6":"product_cat-tarih","7":"pa_cilt-ciltsiz","8":"pa_tur-kitap","9":"pa_yayinevi-yeditepe-yayinevi","10":"pa_yazar-ibni-cubeyr","12":"first","13":"instock","14":"sale","15":"shipping-taxable","16":"purchasable","17":"product-type-simple"},"_links":{"self":[{"href":"https:\/\/roveyayinevi.com.tr\/index.php\/wp-json\/wp\/v2\/product\/727148","targetHints":{"allow":["GET"]}}],"collection":[{"href":"https:\/\/roveyayinevi.com.tr\/index.php\/wp-json\/wp\/v2\/product"}],"about":[{"href":"https:\/\/roveyayinevi.com.tr\/index.php\/wp-json\/wp\/v2\/types\/product"}],"wp:attachment":[{"href":"https:\/\/roveyayinevi.com.tr\/index.php\/wp-json\/wp\/v2\/media?parent=727148"}],"wp:term":[{"taxonomy":"product_brand","embeddable":true,"href":"https:\/\/roveyayinevi.com.tr\/index.php\/wp-json\/wp\/v2\/product_brand?post=727148"},{"taxonomy":"product_cat","embeddable":true,"href":"https:\/\/roveyayinevi.com.tr\/index.php\/wp-json\/wp\/v2\/product_cat?post=727148"},{"taxonomy":"product_tag","embeddable":true,"href":"https:\/\/roveyayinevi.com.tr\/index.php\/wp-json\/wp\/v2\/product_tag?post=727148"}],"curies":[{"name":"wp","href":"https:\/\/api.w.org\/{rel}","templated":true}]}}