{"id":727145,"date":"2025-08-27T20:17:42","date_gmt":"2025-08-27T17:17:42","guid":{"rendered":"https:\/\/roveyayinevi.com.tr\/index.php\/urun\/herkes-icin-cin-tarihi\/"},"modified":"2026-02-03T02:51:04","modified_gmt":"2026-02-02T23:51:04","slug":"herkes-icin-cin-tarihi","status":"publish","type":"product","link":"https:\/\/roveyayinevi.com.tr\/index.php\/urun\/herkes-icin-cin-tarihi\/","title":{"rendered":"Herkes \u0130\u00e7in \u00c7in Tarihi"},"content":{"rendered":"<p>Herkes \u0130\u00e7in \u00c7in Tarihi, ad\u0131ndan da anla\u015f\u0131ld\u0131\u011f\u0131 gibi \u00c7in k\u00fclt\u00fcr ve medeniyetini herkese anlatabilmeyi hedefleyerek yaz\u0131lm\u0131\u015f bir kitapt\u0131r. Hi\u00e7 \u015f\u00fcphesiz gunumuzde bir \u00fclkeyi anlayabilmek i\u00e7in \u00f6nce o \u00fclkenin tarihsel bilgi altyap\u0131s\u0131na sahip olmak gerekir. Bu gereklilik, \u00c7in gibi yakla\u015f\u0131k 3600 y\u0131ld\u0131r &#8220;k\u00fclt\u00fcrel s\u00fcreklili\u011fi&#8221; kesintiye u\u011framadan varl\u0131\u011f\u0131n\u0131 devam ettirme e\u015fsizli\u011fine sahip olan bir \u00fclke i\u00e7in \u00e7ok daha \u00f6nemlidir.Kitab\u0131 yazma karar\u0131m ba\u015flang\u0131\u00e7ta \u00c7in&#8217;i anlama ihtiyac\u0131m sayesinde oldu. Mesleki nedenlerle y\u0131llarca \u00c7in&#8217;de ya\u015fam\u0131\u015f, \u00c7ince konu\u015fabilen ve \u00c7in ile ilgili her konuda okumalar yapan biri olarak, \u00c7in tarihi ve k\u00fclt\u00fcr\u00fc hakk\u0131nda herhangi bir bilgisi olmayan ki\u015filere y\u00f6nelik, sade ancak yeterli bir kitap olmad\u0131\u011f\u0131n\u0131 fark ettim. \u00d6zellikle T\u00fcrk\u00e7e kaynaklar, ya bir gezi kitab\u0131n\u0131n tarih b\u00f6l\u00fcm\u00fc gibi y\u00fczeysel ya da akademik bir monografi gibi ba\u015flang\u0131\u00e7 seviyesi i\u00e7in fazla spesifik geldi. Kald\u0131 ki kitap\u00e7\u0131lardaki hemen hemen t\u00fcm \u00c7in Tarihi kitaplar\u0131n\u0131n di\u011fer dillerden T\u00fcrk\u00e7eye \u00e7eviri olmas\u0131 nedeniyle \u00e7o\u011funun, kavramlar\u0131 a\u00e7\u0131klamakta yetersiz kald\u0131\u011f\u0131n\u0131 g\u00f6rd\u00fcm. Bu nedenle kendimden hareketle &#8220;herkes i\u00e7in bir \u00c7in tarihi&#8221; kaleme almaya karar verdim.Fark etti\u011fim ilk zorluk, k\u00fclt\u00fcrel olarak \u00e7ok derin bir medeniyetin \u00e7ok geni\u015f bir \u00e7al\u0131\u015fma sahas\u0131 olmas\u0131 ve herkesin anlayabilece\u011fi \u015fekilde \u00f6zetlenmesinin g\u00fc\u00e7l\u00fc\u011f\u00fc oldu. Ara\u015ft\u0131rmalar\u0131m\u0131n birinci y\u0131l\u0131 sonuna do\u011fru \u00c7in h\u00fck\u00fbmetine, \u00e7al\u0131\u015fmam\u0131 destekleyecek bir e\u011fitim bursu ba\u015fvurusu yapt\u0131m. \u015eanghay \u015fehri Fudan \u00dcniversitesinde tez a\u015famas\u0131z bir master program\u0131 kazanarak 2014-15 akademik y\u0131l\u0131nda \u00c7in Tarihi e\u011fitimi ald\u0131m. \u00c7in&#8217;de kat\u0131ld\u0131\u011f\u0131m programlar\u0131n yan\u0131 s\u0131ra toplamda iki y\u0131ll\u0131k bir \u00e7al\u0131\u015fma sonras\u0131nda, ara\u015ft\u0131rmam ama\u00e7lad\u0131\u011f\u0131m d\u00fczeye ula\u015ft\u0131. Yazar\u0131 olarak kitab\u0131n kapsam\u0131n\u0131 tek c\u00fcmleyle a\u00e7\u0131klamam gerekirse &#8220;Arkeolojik bulgularla ispat edilmi\u015f ba\u015flang\u0131c\u0131ndan, bug\u00fcnk\u00fc \u00c7in Halk Cumhuriyeti&#8217;nin kurulmas\u0131na kadar ge\u00e7en 3600 y\u0131ll\u0131k \u00c7in Tarihi&#8217;nin; k\u00fclt\u00fcrel ve siyasi a\u00e7\u0131dan en \u00f6nemli olaylar\u0131n\u0131n, aralar\u0131ndaki tarihsel ba\u011flar\u0131n kurulmas\u0131na da \u00f6zen g\u00f6sterilerek tek bir eserde toplanmaya \u00e7al\u0131\u015f\u0131lm\u0131\u015f olmas\u0131d\u0131r,&#8221; diyebilirim.Kitab\u0131 &#8220;s\u0131k\u0131c\u0131 olmadan \u00f6\u011freten&#8221; bir tarzda yazmaya \u00f6zellikle gayret ettim. Kavray\u0131\u015f s\u00fcreklili\u011fi sa\u011flayabilmek i\u00e7in baz\u0131 \u00f6nemli kavramlar\u0131 gerekli olan yerlerde ayr\u0131 bir metin kutusu i\u00e7inde a\u00e7\u0131klad\u0131m. Tarih kitaplar\u0131nda pek rastlan\u0131lmayan bir yakla\u015f\u0131m\u0131m da okuyucuma film se\u00e7kisi sunmu\u015f olmamd\u0131r. \u015eahsen seyretti\u011fim y\u00fczlerce film aras\u0131ndan, tarihsel ger\u00e7eklere uygun olarak \u00e7ekilmi\u015f ve keyifle izlenebilece\u011fini d\u00fc\u015f\u00fcnd\u00fc\u011f\u00fcm 25 \u00f6nemli eseri se\u00e7tim. Ve kitab\u0131m\u0131n ak\u0131\u015f\u0131 i\u00e7inde yer alan konularla alakal\u0131 filmleri, ilgili konu bitiminde k\u0131sa bir paragrafta tan\u0131tt\u0131m. Bu sayede okuyucuma, tavsiye etti\u011fim filmleri seyrederek okuduklar\u0131n\u0131 g\u00f6rsel olarak da peki\u015ftirme f\u0131rsat\u0131 sa\u011flamak istedim. Tarihte ya\u015fanan tart\u0131\u015fmal\u0131 konular da benim i\u00e7in \u00fczerinde d\u00fc\u015f\u00fcn\u00fclmesi gereken bir konuydu. Tart\u0131\u015fmal\u0131 konularda bir g\u00f6r\u00fc\u015f ortaya koymak yerine, konuya ili\u015fkin tezlere ve antitezlere yer vermeyi tercih ettim.\u00d6zellikle \u00c7in&#8217;e turistik ya da i\u015f amac\u0131yla seyahat eden ki\u015filerin faydalanabilece\u011fini d\u00fc\u015f\u00fcnd\u00fc\u011f\u00fcm bu kitab\u0131n, \u00c7in ile ilgilenen herkes i\u00e7in faydal\u0131 bir el kitab\u0131 olmas\u0131n\u0131 \u00fcmit ediyorum.S. Can Yola\u00e7<\/p>\n","protected":false},"excerpt":{"rendered":"<p>Herkes \u0130\u00e7in \u00c7in Tarihi, ad\u0131ndan da anla\u015f\u0131ld\u0131\u011f\u0131 gibi \u00c7in k\u00fclt\u00fcr ve medeniyetini herkese anlatabilmeyi hedefleyerek yaz\u0131lm\u0131\u015f bir kitapt\u0131r. Hi\u00e7 \u015f\u00fcphesiz gunumuzde bir \u00fclkeyi anlayabilmek i\u00e7in \u00f6nce<span class=\"excerpt-hellip\"> [\u2026]<\/span><\/p>\n","protected":false},"featured_media":0,"template":"","meta":{"_monsterinsights_skip_tracking":false,"_monsterinsights_sitenote_active":false,"_monsterinsights_sitenote_note":"","_monsterinsights_sitenote_category":0},"product_brand":[],"product_cat":[12370,12304],"product_tag":[],"class_list":{"0":"post-727145","1":"product","2":"type-product","3":"status-publish","5":"product_cat-arastirma-inceleme","6":"product_cat-tarih","7":"pa_cilt-ciltsiz","8":"pa_tur-kitap","9":"pa_yayinevi-e-yayinlari","10":"pa_yazar-s-can-yolac","12":"first","13":"instock","14":"sale","15":"shipping-taxable","16":"purchasable","17":"product-type-simple"},"_links":{"self":[{"href":"https:\/\/roveyayinevi.com.tr\/index.php\/wp-json\/wp\/v2\/product\/727145","targetHints":{"allow":["GET"]}}],"collection":[{"href":"https:\/\/roveyayinevi.com.tr\/index.php\/wp-json\/wp\/v2\/product"}],"about":[{"href":"https:\/\/roveyayinevi.com.tr\/index.php\/wp-json\/wp\/v2\/types\/product"}],"wp:attachment":[{"href":"https:\/\/roveyayinevi.com.tr\/index.php\/wp-json\/wp\/v2\/media?parent=727145"}],"wp:term":[{"taxonomy":"product_brand","embeddable":true,"href":"https:\/\/roveyayinevi.com.tr\/index.php\/wp-json\/wp\/v2\/product_brand?post=727145"},{"taxonomy":"product_cat","embeddable":true,"href":"https:\/\/roveyayinevi.com.tr\/index.php\/wp-json\/wp\/v2\/product_cat?post=727145"},{"taxonomy":"product_tag","embeddable":true,"href":"https:\/\/roveyayinevi.com.tr\/index.php\/wp-json\/wp\/v2\/product_tag?post=727145"}],"curies":[{"name":"wp","href":"https:\/\/api.w.org\/{rel}","templated":true}]}}