{"id":727144,"date":"2025-08-27T20:17:41","date_gmt":"2025-08-27T17:17:41","guid":{"rendered":"https:\/\/roveyayinevi.com.tr\/index.php\/urun\/kirpiginde-daragaci\/"},"modified":"2026-04-16T02:34:53","modified_gmt":"2026-04-15T23:34:53","slug":"kirpiginde-daragaci","status":"publish","type":"product","link":"https:\/\/roveyayinevi.com.tr\/index.php\/urun\/kirpiginde-daragaci\/","title":{"rendered":"Kirpi\u011finde Dara\u011fac\u0131"},"content":{"rendered":"<p>\u0130\u015fte o an Tenimin s\u0131ca\u011f\u0131na iner kutuplar\u0131n ayaz\u0131 Kurur yapraklar\u0131m Savrulur ilkbaharda G\u00f6\u00e7men ku\u015flar\u0131n tela\u015f\u0131 b\u00fcy\u00fcr g\u00f6zlerimde \u00c7\u0131rpt\u0131k\u00e7a kanatlar\u0131n\u0131 Kan nehirleri akar i\u00e7imden <\/p>\n","protected":false},"excerpt":{"rendered":"<p>\u0130\u015fte o an Tenimin s\u0131ca\u011f\u0131na iner kutuplar\u0131n ayaz\u0131 Kurur yapraklar\u0131m Savrulur ilkbaharda G\u00f6\u00e7men ku\u015flar\u0131n tela\u015f\u0131 b\u00fcy\u00fcr g\u00f6zlerimde \u00c7\u0131rpt\u0131k\u00e7a kanatlar\u0131n\u0131 Kan nehirleri akar i\u00e7imden<\/p>\n","protected":false},"featured_media":0,"template":"","meta":{"_monsterinsights_skip_tracking":false,"_monsterinsights_sitenote_active":false,"_monsterinsights_sitenote_note":"","_monsterinsights_sitenote_category":0},"product_brand":[],"product_cat":[12291,12509],"product_tag":[],"class_list":{"0":"post-727144","1":"product","2":"type-product","3":"status-publish","5":"product_cat-edebiyat","6":"product_cat-siir","7":"pa_cilt-ciltsiz","8":"pa_tur-kitap","9":"pa_yayinevi-kuytu-yayinlari","10":"pa_yazar-sukru-canku","12":"first","13":"instock","14":"sale","15":"shipping-taxable","16":"purchasable","17":"product-type-simple"},"_links":{"self":[{"href":"https:\/\/roveyayinevi.com.tr\/index.php\/wp-json\/wp\/v2\/product\/727144","targetHints":{"allow":["GET"]}}],"collection":[{"href":"https:\/\/roveyayinevi.com.tr\/index.php\/wp-json\/wp\/v2\/product"}],"about":[{"href":"https:\/\/roveyayinevi.com.tr\/index.php\/wp-json\/wp\/v2\/types\/product"}],"wp:attachment":[{"href":"https:\/\/roveyayinevi.com.tr\/index.php\/wp-json\/wp\/v2\/media?parent=727144"}],"wp:term":[{"taxonomy":"product_brand","embeddable":true,"href":"https:\/\/roveyayinevi.com.tr\/index.php\/wp-json\/wp\/v2\/product_brand?post=727144"},{"taxonomy":"product_cat","embeddable":true,"href":"https:\/\/roveyayinevi.com.tr\/index.php\/wp-json\/wp\/v2\/product_cat?post=727144"},{"taxonomy":"product_tag","embeddable":true,"href":"https:\/\/roveyayinevi.com.tr\/index.php\/wp-json\/wp\/v2\/product_tag?post=727144"}],"curies":[{"name":"wp","href":"https:\/\/api.w.org\/{rel}","templated":true}]}}