{"id":727142,"date":"2025-08-27T20:17:39","date_gmt":"2025-08-27T17:17:39","guid":{"rendered":"https:\/\/roveyayinevi.com.tr\/index.php\/urun\/yetiskin-olmak\/"},"modified":"2026-04-16T02:34:53","modified_gmt":"2026-04-15T23:34:53","slug":"yetiskin-olmak","status":"publish","type":"product","link":"https:\/\/roveyayinevi.com.tr\/index.php\/urun\/yetiskin-olmak\/","title":{"rendered":"Yeti\u015fkin Olmak"},"content":{"rendered":"<p>Yeti\u015fkin olmak kolay de\u011fil. \u00dcniversiteden mezun olmu\u015f, hayata at\u0131lm\u0131\u015f, anne baba olmu\u015f, maddi olanaklara kavu\u015fmu\u015f olabilirsiniz ama yeti\u015fkin olmak bunlardan biraz daha fazlas\u0131. Duygu ve d\u00fc\u015f\u00fcnce d\u00fcnyan\u0131zda tam bir yeti\u015fkin gibi davrand\u0131\u011f\u0131n\u0131za emin misiniz?Hepimizde kendimize tuzaklar kurmam\u0131za yol a\u00e7an psikolojik \u00f6r\u00fcnt\u00fcler var. Bunlar\u0131 \u00e7\u00f6z\u00fcmlemeye, ho\u015flanmad\u0131\u011f\u0131m\u0131z bu duygu ve davran\u0131\u015f kal\u0131plar\u0131ndan kurtulmaya ne dersiniz?Yeti\u015fkin Olmak\u2019la kendinizi \u00e7\u00f6z\u00fcmleyip duygu ve davran\u0131\u015flar\u0131n\u0131z\u0131 a\u00e7\u0131k\u00e7a g\u00f6rmek gibi cesaret gerektiren bir i\u015fe giri\u015feceksiniz. Stres ve duygularla ilgili sorunlar\u0131 \u00e7\u00f6zmeyi ama\u00e7layan fark\u0131ndal\u0131\u011fa dayal\u0131 bili\u015fsel davran\u0131\u015f terapileriyle tan\u0131\u015facaks\u0131n\u0131z.Duygular\u0131 fark\u0131ndal\u0131kla y\u00f6netme konusundaki ara\u015ft\u0131rmalar\u0131na y\u0131llar\u0131n\u0131 veren uzman psikolog Lara E. Fielding, Yeti\u015fkin Olmak\u2019ta kendinizi tan\u0131man\u0131z\u0131, duygu ve davran\u0131\u015flar\u0131n\u0131z\u0131n direksiyonuna ge\u00e7menizi sa\u011flayacak a\u015famal\u0131 becerileri kullanman\u0131z\u0131 sa\u011fl\u0131yor.<\/p>\n","protected":false},"excerpt":{"rendered":"<p>Yeti\u015fkin olmak kolay de\u011fil. \u00dcniversiteden mezun olmu\u015f, hayata at\u0131lm\u0131\u015f, anne baba olmu\u015f, maddi olanaklara kavu\u015fmu\u015f olabilirsiniz ama yeti\u015fkin olmak bunlardan biraz daha fazlas\u0131. Duygu ve d\u00fc\u015f\u00fcnce<span class=\"excerpt-hellip\"> [\u2026]<\/span><\/p>\n","protected":false},"featured_media":0,"template":"","meta":{"_monsterinsights_skip_tracking":false,"_monsterinsights_sitenote_active":false,"_monsterinsights_sitenote_note":"","_monsterinsights_sitenote_category":0},"product_brand":[],"product_cat":[12364,12376],"product_tag":[],"class_list":{"0":"post-727142","1":"product","2":"type-product","3":"status-publish","5":"product_cat-genel-konular","6":"product_cat-kisisel-gelisim","7":"pa_cilt-ciltsiz","8":"pa_tur-kitap","9":"pa_yayinevi-aganta","10":"pa_yazar-lara-e-fielding","12":"first","13":"instock","14":"sale","15":"shipping-taxable","16":"purchasable","17":"product-type-simple"},"_links":{"self":[{"href":"https:\/\/roveyayinevi.com.tr\/index.php\/wp-json\/wp\/v2\/product\/727142","targetHints":{"allow":["GET"]}}],"collection":[{"href":"https:\/\/roveyayinevi.com.tr\/index.php\/wp-json\/wp\/v2\/product"}],"about":[{"href":"https:\/\/roveyayinevi.com.tr\/index.php\/wp-json\/wp\/v2\/types\/product"}],"wp:attachment":[{"href":"https:\/\/roveyayinevi.com.tr\/index.php\/wp-json\/wp\/v2\/media?parent=727142"}],"wp:term":[{"taxonomy":"product_brand","embeddable":true,"href":"https:\/\/roveyayinevi.com.tr\/index.php\/wp-json\/wp\/v2\/product_brand?post=727142"},{"taxonomy":"product_cat","embeddable":true,"href":"https:\/\/roveyayinevi.com.tr\/index.php\/wp-json\/wp\/v2\/product_cat?post=727142"},{"taxonomy":"product_tag","embeddable":true,"href":"https:\/\/roveyayinevi.com.tr\/index.php\/wp-json\/wp\/v2\/product_tag?post=727142"}],"curies":[{"name":"wp","href":"https:\/\/api.w.org\/{rel}","templated":true}]}}