{"id":727140,"date":"2025-08-27T20:17:38","date_gmt":"2025-08-27T17:17:38","guid":{"rendered":"https:\/\/roveyayinevi.com.tr\/index.php\/urun\/kanuni-sultan-suleyman-5\/"},"modified":"2026-04-16T02:34:53","modified_gmt":"2026-04-15T23:34:53","slug":"kanuni-sultan-suleyman-5","status":"publish","type":"product","link":"https:\/\/roveyayinevi.com.tr\/index.php\/urun\/kanuni-sultan-suleyman-5\/","title":{"rendered":"Kanuni Sultan S\u00fcleyman"},"content":{"rendered":"<p>Kanun\u00ee Sultan S\u00fcleyman Osmanl\u0131 Devleti\u2019nin g\u00fcc\u00fcn\u00fcn ve \u015fan\u0131n\u0131n zirveye \u00e7\u0131kt\u0131\u011f\u0131 d\u00f6nemin padi\u015fah\u0131d\u0131r. 46 y\u0131l s\u00fcren saltanat\u0131 boyunca 13 b\u00fcy\u00fck sefer yapm\u0131\u015f ve pek \u00e7ok \u015fehir ve kaleleri Macaristan, Erdel, Belgrad, Trablusgarp, Cezayir, Ba\u011fdad\u2019a kadar Irak topraklar\u0131, Anadolu\u2019nun bat\u0131s\u0131nda bulunan Rodos ve Sak\u0131z adas\u0131 dahil pek \u00e7ok yeri fethederek T\u00fcrk topraklar\u0131na katm\u0131\u015ft\u0131r. Kanun\u00ee Sultan S\u00fcleyman, hem fetihleriyle hem de uzun ya\u015fam\u0131 s\u00fcresince b\u0131rakt\u0131\u011f\u0131 eserleri ile Seyahatn\u00e2me\u2019de geni\u015f yer bulabilmi\u015f padi\u015fahlardan biridir.  Kanun\u00ee Sultan S\u00fcleyman hakk\u0131ndaki bu kitap, T\u00fcrklerin b\u00fcy\u00fck seyyah\u0131 ve d\u00fcnyan\u0131n en b\u00fcy\u00fck seyahat yazarlar\u0131ndan olan Evliy\u00e2 \u00c7elebi\u2019nin Seyahatn\u00e2me\u2019sinde onun hakk\u0131nda ge\u00e7en bahislerden se\u00e7ilmi\u015ftir. 46 y\u0131l s\u00fcren saltanat\u0131 boyunca \u00e7o\u011funlu\u011fu \u0130stanbul\u2019da olmak \u00fczere Osmanl\u0131 topraklar\u0131nda pek \u00e7ok eser b\u0131rakm\u0131\u015f olan Kanun\u00ee Sultan S\u00fcleyman\u2019\u0131n padi\u015fahl\u0131k \u00f6ncesi bilgileri, sava\u015flar\u0131, kanunlar\u0131, eserleri ve zaman\u0131nda ya\u015fam\u0131\u015f me\u015fhurlara ait b\u00fct\u00fcn bilgiler yer almaktad\u0131r. <\/p>\n","protected":false},"excerpt":{"rendered":"<p>Kanun\u00ee Sultan S\u00fcleyman Osmanl\u0131 Devleti\u2019nin g\u00fcc\u00fcn\u00fcn ve \u015fan\u0131n\u0131n zirveye \u00e7\u0131kt\u0131\u011f\u0131 d\u00f6nemin padi\u015fah\u0131d\u0131r. 46 y\u0131l s\u00fcren saltanat\u0131 boyunca 13 b\u00fcy\u00fck sefer yapm\u0131\u015f ve pek \u00e7ok \u015fehir ve<span class=\"excerpt-hellip\"> [\u2026]<\/span><\/p>\n","protected":false},"featured_media":0,"template":"","meta":{"_monsterinsights_skip_tracking":false,"_monsterinsights_sitenote_active":false,"_monsterinsights_sitenote_note":"","_monsterinsights_sitenote_category":0},"product_brand":[],"product_cat":[13946,12304],"product_tag":[],"class_list":{"0":"post-727140","1":"product","2":"type-product","3":"status-publish","5":"product_cat-biyografi-otobiyografi","6":"product_cat-tarih","7":"pa_cilt-ciltsiz","8":"pa_tur-kitap","9":"pa_yayinevi-yeditepe-yayinevi","10":"pa_yazar-seyit-ali-kahraman","12":"first","13":"instock","14":"sale","15":"shipping-taxable","16":"purchasable","17":"product-type-simple"},"_links":{"self":[{"href":"https:\/\/roveyayinevi.com.tr\/index.php\/wp-json\/wp\/v2\/product\/727140","targetHints":{"allow":["GET"]}}],"collection":[{"href":"https:\/\/roveyayinevi.com.tr\/index.php\/wp-json\/wp\/v2\/product"}],"about":[{"href":"https:\/\/roveyayinevi.com.tr\/index.php\/wp-json\/wp\/v2\/types\/product"}],"wp:attachment":[{"href":"https:\/\/roveyayinevi.com.tr\/index.php\/wp-json\/wp\/v2\/media?parent=727140"}],"wp:term":[{"taxonomy":"product_brand","embeddable":true,"href":"https:\/\/roveyayinevi.com.tr\/index.php\/wp-json\/wp\/v2\/product_brand?post=727140"},{"taxonomy":"product_cat","embeddable":true,"href":"https:\/\/roveyayinevi.com.tr\/index.php\/wp-json\/wp\/v2\/product_cat?post=727140"},{"taxonomy":"product_tag","embeddable":true,"href":"https:\/\/roveyayinevi.com.tr\/index.php\/wp-json\/wp\/v2\/product_tag?post=727140"}],"curies":[{"name":"wp","href":"https:\/\/api.w.org\/{rel}","templated":true}]}}