{"id":727139,"date":"2025-08-27T20:17:37","date_gmt":"2025-08-27T17:17:37","guid":{"rendered":"https:\/\/roveyayinevi.com.tr\/index.php\/urun\/our-solar-system\/"},"modified":"2026-04-16T02:34:53","modified_gmt":"2026-04-15T23:34:53","slug":"our-solar-system","status":"publish","type":"product","link":"https:\/\/roveyayinevi.com.tr\/index.php\/urun\/our-solar-system\/","title":{"rendered":"Our Solar System"},"content":{"rendered":"<p>Discovering the World serisi ile \u0130ngilizcenizi geli\u015ftirirken bir yandan da \u015fa\u015f\u0131rt\u0131c\u0131 bilgiler edinebilirsiniz! Bu seride, her bir kitap ve bu kitaplar\u0131n al\u0131\u015ft\u0131rmalar\u0131 farkl\u0131 seviyelere g\u00f6re haz\u0131rland\u0131. Size uygun \u0130ngilizce seviyeyi se\u00e7in ve okumaya ba\u015flay\u0131n&#8230;<\/p>\n","protected":false},"excerpt":{"rendered":"<p>Discovering the World serisi ile \u0130ngilizcenizi geli\u015ftirirken bir yandan da \u015fa\u015f\u0131rt\u0131c\u0131 bilgiler edinebilirsiniz! Bu seride, her bir kitap ve bu kitaplar\u0131n al\u0131\u015ft\u0131rmalar\u0131 farkl\u0131 seviyelere g\u00f6re haz\u0131rland\u0131.<span class=\"excerpt-hellip\"> [\u2026]<\/span><\/p>\n","protected":false},"featured_media":0,"template":"","meta":{"_monsterinsights_skip_tracking":false,"_monsterinsights_sitenote_active":false,"_monsterinsights_sitenote_note":"","_monsterinsights_sitenote_category":0},"product_brand":[],"product_cat":[12472],"product_tag":[],"class_list":{"0":"post-727139","1":"product","2":"type-product","3":"status-publish","5":"product_cat-yabanci-dilde-kitaplar","6":"pa_cilt-ciltsiz","7":"pa_tur-kitap","8":"pa_yayinevi-redhouse-kidz-yayinlari","9":"pa_yazar-sarah-sweeney","11":"first","12":"instock","13":"sale","14":"shipping-taxable","15":"purchasable","16":"product-type-simple"},"_links":{"self":[{"href":"https:\/\/roveyayinevi.com.tr\/index.php\/wp-json\/wp\/v2\/product\/727139","targetHints":{"allow":["GET"]}}],"collection":[{"href":"https:\/\/roveyayinevi.com.tr\/index.php\/wp-json\/wp\/v2\/product"}],"about":[{"href":"https:\/\/roveyayinevi.com.tr\/index.php\/wp-json\/wp\/v2\/types\/product"}],"wp:attachment":[{"href":"https:\/\/roveyayinevi.com.tr\/index.php\/wp-json\/wp\/v2\/media?parent=727139"}],"wp:term":[{"taxonomy":"product_brand","embeddable":true,"href":"https:\/\/roveyayinevi.com.tr\/index.php\/wp-json\/wp\/v2\/product_brand?post=727139"},{"taxonomy":"product_cat","embeddable":true,"href":"https:\/\/roveyayinevi.com.tr\/index.php\/wp-json\/wp\/v2\/product_cat?post=727139"},{"taxonomy":"product_tag","embeddable":true,"href":"https:\/\/roveyayinevi.com.tr\/index.php\/wp-json\/wp\/v2\/product_tag?post=727139"}],"curies":[{"name":"wp","href":"https:\/\/api.w.org\/{rel}","templated":true}]}}