{"id":727135,"date":"2025-08-27T20:17:34","date_gmt":"2025-08-27T17:17:34","guid":{"rendered":"https:\/\/roveyayinevi.com.tr\/index.php\/urun\/insan-ve-makine\/"},"modified":"2026-04-16T02:34:53","modified_gmt":"2026-04-15T23:34:53","slug":"insan-ve-makine","status":"publish","type":"product","link":"https:\/\/roveyayinevi.com.tr\/index.php\/urun\/insan-ve-makine\/","title":{"rendered":"\u0130nsan ve Makine"},"content":{"rendered":"<p>Yapay zeka, ak\u0131ll\u0131 otomasyon ve robotik sistemler taraf\u0131ndan y\u00f6nlendirilen gelece\u011fimiz, makineler taraf\u0131ndan istila edilecek mi? Robotlar insanlar\u0131 kullan\u0131\u015fs\u0131z hale getirecek mi?\u0130nsan ve Makine, makinelerle ortak bir \u015fekilde nas\u0131l \u00e7al\u0131\u015faca\u011f\u0131m\u0131z\u0131 ara\u015ft\u0131r\u0131yor. Kurumlar\u0131n, \u015firketlerin, bireylerin ve e\u011fitimcilerin yeni teknolojilerle sorunsuz bir \u015fekilde entegre olmak i\u00e7in nas\u0131l geli\u015fece\u011fini detayland\u0131r\u0131yor. \u00dczerinde durulan \u00f6zel konularla bu kitap, gelece\u011fe bir bak\u0131\u015f sunuyor ve en iyi \u015firketlerin nas\u0131l geli\u015fti\u011fini inceliyor. Tedarik zincirinde sorunlar ortaya \u00e7\u0131kmadan \u00f6nce \u00e7\u00f6zen botlar ve \u00f6ng\u00f6r\u00fcc\u00fc teknolojilerle entegre edilmi\u015f proje y\u00f6netimi ekiplerine kadar yazarlar, otomasyon ve yapay zekan\u0131n benimsenmesi i\u00e7in g\u00fc\u00e7l\u00fc bir manifesto sunuyorlar. \u00c7ok daha ak\u0131c\u0131, becerilere dayal\u0131 bir ekonomide, hepimizin de\u011ferimizi ve beceri taban\u0131m\u0131z\u0131 gelece\u011fe kan\u0131tlamam\u0131z gerekecek. Bu kitap, geride kalmaktan ka\u00e7\u0131nmak ve insan-makine ortakl\u0131\u011f\u0131 ekosistemlerine \u00f6zg\u00fc f\u0131rsatlar\u0131 ortaya \u00e7\u0131karmak i\u00e7in bir fikir sunuyor.<\/p>\n","protected":false},"excerpt":{"rendered":"<p>Yapay zeka, ak\u0131ll\u0131 otomasyon ve robotik sistemler taraf\u0131ndan y\u00f6nlendirilen gelece\u011fimiz, makineler taraf\u0131ndan istila edilecek mi? Robotlar insanlar\u0131 kullan\u0131\u015fs\u0131z hale getirecek mi?\u0130nsan ve Makine, makinelerle ortak bir<span class=\"excerpt-hellip\"> [\u2026]<\/span><\/p>\n","protected":false},"featured_media":0,"template":"","meta":{"_monsterinsights_skip_tracking":false,"_monsterinsights_sitenote_active":false,"_monsterinsights_sitenote_note":"","_monsterinsights_sitenote_category":0},"product_brand":[],"product_cat":[13005,13006],"product_tag":[],"class_list":{"0":"post-727135","1":"product","2":"type-product","3":"status-publish","5":"product_cat-bilim-muhendislik","6":"product_cat-populer-bilim","7":"pa_cilt-ciltsiz","8":"pa_tur-kitap","9":"pa_yayinevi-orenda","10":"pa_yazar-daniel-newman-olivier-blanchard","12":"first","13":"instock","14":"sale","15":"shipping-taxable","16":"purchasable","17":"product-type-simple"},"_links":{"self":[{"href":"https:\/\/roveyayinevi.com.tr\/index.php\/wp-json\/wp\/v2\/product\/727135","targetHints":{"allow":["GET"]}}],"collection":[{"href":"https:\/\/roveyayinevi.com.tr\/index.php\/wp-json\/wp\/v2\/product"}],"about":[{"href":"https:\/\/roveyayinevi.com.tr\/index.php\/wp-json\/wp\/v2\/types\/product"}],"wp:attachment":[{"href":"https:\/\/roveyayinevi.com.tr\/index.php\/wp-json\/wp\/v2\/media?parent=727135"}],"wp:term":[{"taxonomy":"product_brand","embeddable":true,"href":"https:\/\/roveyayinevi.com.tr\/index.php\/wp-json\/wp\/v2\/product_brand?post=727135"},{"taxonomy":"product_cat","embeddable":true,"href":"https:\/\/roveyayinevi.com.tr\/index.php\/wp-json\/wp\/v2\/product_cat?post=727135"},{"taxonomy":"product_tag","embeddable":true,"href":"https:\/\/roveyayinevi.com.tr\/index.php\/wp-json\/wp\/v2\/product_tag?post=727135"}],"curies":[{"name":"wp","href":"https:\/\/api.w.org\/{rel}","templated":true}]}}