{"id":727134,"date":"2025-08-27T20:17:33","date_gmt":"2025-08-27T17:17:33","guid":{"rendered":"https:\/\/roveyayinevi.com.tr\/index.php\/urun\/hayvanlarin-duygusal-dunyasi\/"},"modified":"2026-04-16T02:34:53","modified_gmt":"2026-04-15T23:34:53","slug":"hayvanlarin-duygusal-dunyasi","status":"publish","type":"product","link":"https:\/\/roveyayinevi.com.tr\/index.php\/urun\/hayvanlarin-duygusal-dunyasi\/","title":{"rendered":"Hayvanlar\u0131n Duygusal D\u00fcnyas\u0131"},"content":{"rendered":"<p>Sahip oldu\u011fumuz duygular bize atalar\u0131m\u0131zdan arma\u011fand\u0131r. Hayvanlar da benzer duygulara sahiptir. Peki t\u00fcm hayvanlar ayn\u0131 \u015feyleri mi hissederler? Ara\u015ft\u0131rmalar g\u00f6steriyor ki fareler sadece empatik kemirgenler de\u011fil, ayn\u0131 zamanda e\u011flenceyi seven canl\u0131lard\u0131r. Bir fil kal\u0131n derisinin alt\u0131nda hassas bir kalp ta\u015f\u0131r. Zevk d\u00fc\u015fk\u00fcn\u00fc iguanalar, mizah duygusu olan atlar, \u00e2\u015f\u0131k balinalar, travma sonras\u0131 stres bozuklu\u011fu ya\u015fayan filler, yas tutan susamurlar\u0131, ac\u0131 \u00e7ekmekte olan e\u015fekler, k\u0131zg\u0131n babunlar, duygusal bal\u0131klara dair hik\u00e2yeler okumaya haz\u0131r m\u0131s\u0131n\u0131z? Otuz y\u0131l\u0131 a\u015fk\u0131n bir s\u00fcredir hayvanlar\u0131n tutkular\u0131n\u0131 ve hayvani erdemlerini inceleyen \u00f6d\u00fcll\u00fc bilimadam\u0131 Biyoloji Profes\u00f6r\u00fc Marc Bekoff\u2019un, \u00e7e\u015fitli t\u00fcrlerin sosyal ileti\u015fimini inceledi\u011fi bu \u00f6nemli kitap, hayvanlar\u0131n zengin bir duygusal d\u00fcnyas\u0131 oldu\u011funun ispat\u0131 niteli\u011finde. Bekoff, hayvan sevinci, empatisi, kederi, utanc\u0131, \u00f6fkesi ve sevgisinin ola\u011fan\u00fcst\u00fc hik\u00e2yelerini, sa\u011fduyu ve deneyimle birlikte son bilimsel ara\u015ft\u0131rmalarla ustaca harmanl\u0131yor. Bekoff\u2019un, mizahi ve dokunakl\u0131 hik\u00e2yelerle dolu olan HAYVANLARIN DUYGUSAL D\u00dcNYASI adl\u0131 bu kitab\u0131 hem hayvanlar\u0131 nas\u0131l g\u00f6rd\u00fc\u011f\u00fcm\u00fcz\u00fc hem de onlara nas\u0131l davrand\u0131\u011f\u0131m\u0131z\u0131 yeniden de\u011ferlendirme \u00fczerine a\u00e7\u0131k bir \u00e7a\u011fr\u0131d\u0131r. Hayvan duygular\u0131n\u0131n b\u00fcy\u00fcleyici d\u00fcnyas\u0131na ho\u015f geldiniz.   \u201cHayvanlar\u0131n Duygusal D\u00fcnyas\u0131, d\u00fcnyam\u0131z\u0131 payla\u015ft\u0131\u011f\u0131m\u0131z hayvanlara kar\u015f\u0131 tutumlar\u0131n\u0131 de\u011fi\u015ftirmeye \u00e7al\u0131\u015fan insanlar\u0131n g\u00fcn ge\u00e7tik\u00e7e kalabal\u0131kla\u015fan korosuna g\u00fc\u00e7l\u00fc bir ses kat\u0131yor.\u201d \u2013 Jane Goodall   \u201c\u00c7ekici, meydan okuyucu ve okunas\u0131 bir kitap&#8230;\u201d \u2013 Booklist   \u201cBu d\u00fc\u015f\u00fcnd\u00fcr\u00fcc\u00fc kitap, muhtemelen hayat\u0131n\u0131z\u0131 de\u011fi\u015ftirecek.\u201d \u2013 The Animals Voice<\/p>\n","protected":false},"excerpt":{"rendered":"<p>Sahip oldu\u011fumuz duygular bize atalar\u0131m\u0131zdan arma\u011fand\u0131r. Hayvanlar da benzer duygulara sahiptir. Peki t\u00fcm hayvanlar ayn\u0131 \u015feyleri mi hissederler? Ara\u015ft\u0131rmalar g\u00f6steriyor ki fareler sadece empatik kemirgenler de\u011fil,<span class=\"excerpt-hellip\"> [\u2026]<\/span><\/p>\n","protected":false},"featured_media":0,"template":"","meta":{"_monsterinsights_skip_tracking":false,"_monsterinsights_sitenote_active":false,"_monsterinsights_sitenote_note":"","_monsterinsights_sitenote_category":0},"product_brand":[],"product_cat":[13005,37328],"product_tag":[],"class_list":{"0":"post-727134","1":"product","2":"type-product","3":"status-publish","5":"product_cat-bilim-muhendislik","6":"product_cat-diger-bilim-muhendislik","7":"pa_cilt-ciltsiz","8":"pa_tur-kitap","9":"pa_yayinevi-beyaz-baykus-yayinlari","10":"pa_yazar-marc-bekoff","12":"first","13":"instock","14":"sale","15":"shipping-taxable","16":"purchasable","17":"product-type-simple"},"_links":{"self":[{"href":"https:\/\/roveyayinevi.com.tr\/index.php\/wp-json\/wp\/v2\/product\/727134","targetHints":{"allow":["GET"]}}],"collection":[{"href":"https:\/\/roveyayinevi.com.tr\/index.php\/wp-json\/wp\/v2\/product"}],"about":[{"href":"https:\/\/roveyayinevi.com.tr\/index.php\/wp-json\/wp\/v2\/types\/product"}],"wp:attachment":[{"href":"https:\/\/roveyayinevi.com.tr\/index.php\/wp-json\/wp\/v2\/media?parent=727134"}],"wp:term":[{"taxonomy":"product_brand","embeddable":true,"href":"https:\/\/roveyayinevi.com.tr\/index.php\/wp-json\/wp\/v2\/product_brand?post=727134"},{"taxonomy":"product_cat","embeddable":true,"href":"https:\/\/roveyayinevi.com.tr\/index.php\/wp-json\/wp\/v2\/product_cat?post=727134"},{"taxonomy":"product_tag","embeddable":true,"href":"https:\/\/roveyayinevi.com.tr\/index.php\/wp-json\/wp\/v2\/product_tag?post=727134"}],"curies":[{"name":"wp","href":"https:\/\/api.w.org\/{rel}","templated":true}]}}