{"id":727130,"date":"2025-08-27T20:17:30","date_gmt":"2025-08-27T17:17:30","guid":{"rendered":"https:\/\/roveyayinevi.com.tr\/index.php\/urun\/bergen-katiline-asik-bir-kadin\/"},"modified":"2026-04-16T02:34:53","modified_gmt":"2026-04-15T23:34:53","slug":"bergen-katiline-asik-bir-kadin","status":"publish","type":"product","link":"https:\/\/roveyayinevi.com.tr\/index.php\/urun\/bergen-katiline-asik-bir-kadin\/","title":{"rendered":"Bergen &#8211; Katiline A\u015f\u0131k Bir Kad\u0131n"},"content":{"rendered":"<p>\u201cKezzap bile bu kad\u0131n\u0131 \u00e7irkinle\u015ftirememi\u015f.\u201d \u2013 Sezen Aksu Kad\u0131na \u015fiddetin ac\u0131kl\u0131 bir simgesidir Bergen&#8230; Toplumun g\u00f6z\u00fc \u00f6n\u00fcnde kendi \u00f6l\u00fcm\u00fcne y\u00fcr\u00fcm\u00fc\u015f, ailesini korumak u\u011fruna kendini feda etmi\u015f, korkusuz, cesur bir kad\u0131n&#8230; Ya\u015fam sava\u015f\u0131n\u0131n tam ortas\u0131nda yer alm\u0131\u015f, hayat\u0131n b\u00fct\u00fcn zorluklar\u0131na ra\u011fmen umudunu yitirmeden \u015fark\u0131lara tutunmu\u015f bir gazino y\u0131ld\u0131z\u0131&#8230; Saplant\u0131l\u0131 bir a\u015fk\u0131n pen\u00e7esinde k\u0131vran\u0131p durmu\u015f bir krali\u00e7e&#8230; Arabeskin Krali\u00e7esi hem de&#8230; Kocas\u0131n\u0131n y\u00fcz\u00fcne att\u0131\u011f\u0131 kezzapla bir g\u00f6z\u00fcn\u00fc yitiren ama g\u00fczelli\u011finden hi\u00e7 \u00f6d\u00fcn vermeyen bir ikon&#8230;   Sanat hayat\u0131 \u00f6d\u00fcllerle dolup ta\u015fan Bergen, bir d\u00f6nemin arabesk yasaklar\u0131n\u0131 delmesiyle de m\u00fczik tarihine imza atm\u0131\u015f, de\u011ferli simgelerden biridir. Ya\u015flan\u0131ncaya kadar \u015fark\u0131 s\u00f6ylemek istiyordu sadece. Bir de insan gibi sevilmek&#8230; Olmad\u0131 ama! Zalimce i\u015flenmi\u015f bir cinayete kurban gitti. \u00dcstelik kan\u0131 da yerde kald\u0131! Bu kitapta sadece Bergen\u2019in ba\u015f\u0131na gelenlere de\u011fil, son nefesine kadar verdi\u011fi m\u00fccadelesine, \u015fiddetin kar\u015f\u0131s\u0131ndaki onurlu direni\u015fine ve hayata her g\u00fcn yeni bir umutla uyanman\u0131n de\u011ferine de tan\u0131kl\u0131k edeceksiniz. <\/p>\n","protected":false},"excerpt":{"rendered":"<p>\u201cKezzap bile bu kad\u0131n\u0131 \u00e7irkinle\u015ftirememi\u015f.\u201d \u2013 Sezen Aksu Kad\u0131na \u015fiddetin ac\u0131kl\u0131 bir simgesidir Bergen&#8230; Toplumun g\u00f6z\u00fc \u00f6n\u00fcnde kendi \u00f6l\u00fcm\u00fcne y\u00fcr\u00fcm\u00fc\u015f, ailesini korumak u\u011fruna kendini feda etmi\u015f,<span class=\"excerpt-hellip\"> [\u2026]<\/span><\/p>\n","protected":false},"featured_media":0,"template":"","meta":{"_monsterinsights_skip_tracking":false,"_monsterinsights_sitenote_active":false,"_monsterinsights_sitenote_note":"","_monsterinsights_sitenote_category":0},"product_brand":[],"product_cat":[14009,12291],"product_tag":[],"class_list":{"0":"post-727130","1":"product","2":"type-product","3":"status-publish","5":"product_cat-biyografi-otobiyografi-edebiyat","6":"product_cat-edebiyat","7":"pa_cilt-ciltsiz","8":"pa_tur-kitap","9":"pa_yayinevi-destek-yayinlari","10":"pa_yazar-yesim-demir","12":"first","13":"instock","14":"sale","15":"shipping-taxable","16":"purchasable","17":"product-type-simple"},"_links":{"self":[{"href":"https:\/\/roveyayinevi.com.tr\/index.php\/wp-json\/wp\/v2\/product\/727130","targetHints":{"allow":["GET"]}}],"collection":[{"href":"https:\/\/roveyayinevi.com.tr\/index.php\/wp-json\/wp\/v2\/product"}],"about":[{"href":"https:\/\/roveyayinevi.com.tr\/index.php\/wp-json\/wp\/v2\/types\/product"}],"wp:attachment":[{"href":"https:\/\/roveyayinevi.com.tr\/index.php\/wp-json\/wp\/v2\/media?parent=727130"}],"wp:term":[{"taxonomy":"product_brand","embeddable":true,"href":"https:\/\/roveyayinevi.com.tr\/index.php\/wp-json\/wp\/v2\/product_brand?post=727130"},{"taxonomy":"product_cat","embeddable":true,"href":"https:\/\/roveyayinevi.com.tr\/index.php\/wp-json\/wp\/v2\/product_cat?post=727130"},{"taxonomy":"product_tag","embeddable":true,"href":"https:\/\/roveyayinevi.com.tr\/index.php\/wp-json\/wp\/v2\/product_tag?post=727130"}],"curies":[{"name":"wp","href":"https:\/\/api.w.org\/{rel}","templated":true}]}}