{"id":727126,"date":"2025-08-27T20:17:28","date_gmt":"2025-08-27T17:17:28","guid":{"rendered":"https:\/\/roveyayinevi.com.tr\/index.php\/urun\/deli-tarla\/"},"modified":"2026-04-16T02:34:53","modified_gmt":"2026-04-15T23:34:53","slug":"deli-tarla","status":"publish","type":"product","link":"https:\/\/roveyayinevi.com.tr\/index.php\/urun\/deli-tarla\/","title":{"rendered":"Deli Tarla"},"content":{"rendered":"<p>Bazen hayat gizler kendini\u2026 S\u0131ms\u0131k\u0131 \u00e7ekilmi\u015f perdelerin ard\u0131na saklanan utanga\u00e7 evi\u00e7lerinde, kap\u0131lar\u0131n ard\u0131nda, g\u00fcne\u015fin terk etti\u011fi sokaklarda, o b\u0131y\u0131kalt\u0131 g\u00fcl\u00fc\u015flerde, m\u00fch\u00fcrlenmi\u015f a\u011f\u0131zlarda, y\u00fcze d\u00fc\u015fen g\u00f6lgelerde, ketum y\u00fcreklerde, harflerin k\u0131vr\u0131mlar\u0131nda, kelimelerin dilsizli\u011finde, sonsuz susu\u015flarda, hi\u00e7 d\u00fc\u015f\u00fclmeyen yollarda, hep beklenen a\u015fklarda, hi\u00e7 beklenmedik sonlarda gizler kendini hayat\u2026 Ta ki bir yazar onu bulup \u00e7\u0131kar\u0131ncaya dek. Ta ki bir yazar onu bize anlat\u0131ncaya dek. \u015eermin Ya\u015far\u2019dan \u201cyeniden g\u00fclmeyi ba\u015farabilen insanlar\u0131n muammas\u0131\u201d i\u00e7in \u00f6yk\u00fcler. Deli Tarla gibi co\u015fkulu, beklenmedik ve merhamete muhta\u00e7\u2026 <\/p>\n","protected":false},"excerpt":{"rendered":"<p>Bazen hayat gizler kendini\u2026 S\u0131ms\u0131k\u0131 \u00e7ekilmi\u015f perdelerin ard\u0131na saklanan utanga\u00e7 evi\u00e7lerinde, kap\u0131lar\u0131n ard\u0131nda, g\u00fcne\u015fin terk etti\u011fi sokaklarda, o b\u0131y\u0131kalt\u0131 g\u00fcl\u00fc\u015flerde, m\u00fch\u00fcrlenmi\u015f a\u011f\u0131zlarda, y\u00fcze d\u00fc\u015fen g\u00f6lgelerde, ketum<span class=\"excerpt-hellip\"> [\u2026]<\/span><\/p>\n","protected":false},"featured_media":0,"template":"","meta":{"_monsterinsights_skip_tracking":false,"_monsterinsights_sitenote_active":false,"_monsterinsights_sitenote_note":"","_monsterinsights_sitenote_category":0},"product_brand":[],"product_cat":[13835],"product_tag":[],"class_list":{"0":"post-727126","1":"product","2":"type-product","3":"status-publish","5":"product_cat-cok-satanlar","6":"pa_cilt-ciltsiz","7":"pa_tur-kitap","8":"pa_yayinevi-dogan-kitap","9":"pa_yazar-sermin-yasar","11":"first","12":"instock","13":"sale","14":"shipping-taxable","15":"purchasable","16":"product-type-simple"},"_links":{"self":[{"href":"https:\/\/roveyayinevi.com.tr\/index.php\/wp-json\/wp\/v2\/product\/727126","targetHints":{"allow":["GET"]}}],"collection":[{"href":"https:\/\/roveyayinevi.com.tr\/index.php\/wp-json\/wp\/v2\/product"}],"about":[{"href":"https:\/\/roveyayinevi.com.tr\/index.php\/wp-json\/wp\/v2\/types\/product"}],"wp:attachment":[{"href":"https:\/\/roveyayinevi.com.tr\/index.php\/wp-json\/wp\/v2\/media?parent=727126"}],"wp:term":[{"taxonomy":"product_brand","embeddable":true,"href":"https:\/\/roveyayinevi.com.tr\/index.php\/wp-json\/wp\/v2\/product_brand?post=727126"},{"taxonomy":"product_cat","embeddable":true,"href":"https:\/\/roveyayinevi.com.tr\/index.php\/wp-json\/wp\/v2\/product_cat?post=727126"},{"taxonomy":"product_tag","embeddable":true,"href":"https:\/\/roveyayinevi.com.tr\/index.php\/wp-json\/wp\/v2\/product_tag?post=727126"}],"curies":[{"name":"wp","href":"https:\/\/api.w.org\/{rel}","templated":true}]}}