{"id":727125,"date":"2025-08-27T20:17:27","date_gmt":"2025-08-27T17:17:27","guid":{"rendered":"https:\/\/roveyayinevi.com.tr\/index.php\/urun\/chp-istanbul-il-yonetim-kurulu-uyeleri-1928-1980\/"},"modified":"2026-04-16T02:34:53","modified_gmt":"2026-04-15T23:34:53","slug":"chp-istanbul-il-yonetim-kurulu-uyeleri-1928-1980","status":"publish","type":"product","link":"https:\/\/roveyayinevi.com.tr\/index.php\/urun\/chp-istanbul-il-yonetim-kurulu-uyeleri-1928-1980\/","title":{"rendered":"Chp \u0130stanbul \u0130l Y\u00f6netim Kurulu \u00dcyeleri 1928-1980"},"content":{"rendered":"<p>&#8220;\u0130stanbul, siyasal hayat\u0131m\u0131z\u0131n Ankara\u2019dan sonra en \u00f6nemli merkezidir. Birileri taraf\u0131ndan me\u015fru ya da gayrime\u015fru yollarla al\u0131nm\u0131\u015f olsun, bir g\u00fcn CHP Grup Tutanaklar\u0131 ve \u0130stanbul Karar Defterleri\u2019nin ortaya \u00e7\u0131kmas\u0131, tek parti d\u00f6neminden 1980 y\u0131l\u0131na kadar T\u00fcrkiye siyasi tarihinin ortaya konulmas\u0131n\u0131 ve anla\u015f\u0131lmas\u0131n\u0131 kolayla\u015ft\u0131racakt\u0131r.&#8221; Tarhan Erdem, 1968 y\u0131l\u0131nda CHP \u0130stanbul \u0130l Y\u00f6netim Kurulu Sekreter \u00dcyesi oldu\u011funda, \u0130l Merkezi\u2019nde eksiksiz bulunan ciltli Karar Defterleri\u2019nden, \u0130l Y\u00f6netim Kurulu \u00fcyelerine ve kongre tarihlerine dair temel bilgileri derlemi\u015fti. 1980 darbe idaresi karar\u0131 gere\u011fince CHP\u2019nin t\u00fcm evrak\u0131na  el kondu. Parti tekrar a\u00e7\u0131ld\u0131\u011f\u0131nda bu defterler iade edilmedi.  Bu kitapta, kurulu\u015fundan kapan\u0131\u015f\u0131na kadar CHP \u0130l Y\u00f6netim Kurulu\u2019nda Kongre veya Genel Merkez karar\u0131yla g\u00f6rev alm\u0131\u015f ki\u015filer k\u0131saca tan\u0131t\u0131l\u0131yor. \u00d6zellikle d\u00f6nemin tarihi \u00fczerinde \u00e7al\u0131\u015facak ara\u015ft\u0131rmac\u0131lara  yararl\u0131 olacak bir kaynak. <\/p>\n","protected":false},"excerpt":{"rendered":"<p>&#8220;\u0130stanbul, siyasal hayat\u0131m\u0131z\u0131n Ankara\u2019dan sonra en \u00f6nemli merkezidir. Birileri taraf\u0131ndan me\u015fru ya da gayrime\u015fru yollarla al\u0131nm\u0131\u015f olsun, bir g\u00fcn CHP Grup Tutanaklar\u0131 ve \u0130stanbul Karar Defterleri\u2019nin<span class=\"excerpt-hellip\"> [\u2026]<\/span><\/p>\n","protected":false},"featured_media":0,"template":"","meta":{"_monsterinsights_skip_tracking":false,"_monsterinsights_sitenote_active":false,"_monsterinsights_sitenote_note":"","_monsterinsights_sitenote_category":0},"product_brand":[],"product_cat":[12370,12304],"product_tag":[],"class_list":{"0":"post-727125","1":"product","2":"type-product","3":"status-publish","5":"product_cat-arastirma-inceleme","6":"product_cat-tarih","7":"pa_cilt-ciltsiz","8":"pa_tur-kitap","9":"pa_yayinevi-dogan-kitap","10":"pa_yazar-tarhan-erdem","12":"first","13":"instock","14":"sale","15":"shipping-taxable","16":"purchasable","17":"product-type-simple"},"_links":{"self":[{"href":"https:\/\/roveyayinevi.com.tr\/index.php\/wp-json\/wp\/v2\/product\/727125","targetHints":{"allow":["GET"]}}],"collection":[{"href":"https:\/\/roveyayinevi.com.tr\/index.php\/wp-json\/wp\/v2\/product"}],"about":[{"href":"https:\/\/roveyayinevi.com.tr\/index.php\/wp-json\/wp\/v2\/types\/product"}],"wp:attachment":[{"href":"https:\/\/roveyayinevi.com.tr\/index.php\/wp-json\/wp\/v2\/media?parent=727125"}],"wp:term":[{"taxonomy":"product_brand","embeddable":true,"href":"https:\/\/roveyayinevi.com.tr\/index.php\/wp-json\/wp\/v2\/product_brand?post=727125"},{"taxonomy":"product_cat","embeddable":true,"href":"https:\/\/roveyayinevi.com.tr\/index.php\/wp-json\/wp\/v2\/product_cat?post=727125"},{"taxonomy":"product_tag","embeddable":true,"href":"https:\/\/roveyayinevi.com.tr\/index.php\/wp-json\/wp\/v2\/product_tag?post=727125"}],"curies":[{"name":"wp","href":"https:\/\/api.w.org\/{rel}","templated":true}]}}