{"id":727123,"date":"2025-08-27T20:17:25","date_gmt":"2025-08-27T17:17:25","guid":{"rendered":"https:\/\/roveyayinevi.com.tr\/index.php\/urun\/o-yildizin-altinda\/"},"modified":"2026-04-16T02:34:53","modified_gmt":"2026-04-15T23:34:53","slug":"o-yildizin-altinda","status":"publish","type":"product","link":"https:\/\/roveyayinevi.com.tr\/index.php\/urun\/o-yildizin-altinda\/","title":{"rendered":"O Y\u0131ld\u0131z\u0131n Alt\u0131nda"},"content":{"rendered":"<p>D\u00fc\u015f\u00fcn\u00fcn\u2026 Fazlas\u0131yla bo\u011fucu bir aile ya\u015fant\u0131n\u0131z var ve kar\u015f\u0131n\u0131za ans\u0131z\u0131n yak\u0131\u015f\u0131kl\u0131 Amerikal\u0131 bir adam \u00e7\u0131k\u0131yor. E tabii siz de hemen evlenip heyecan i\u00e7inde, hi\u00e7 g\u00f6rmedi\u011finiz bir k\u0131taya yelken a\u00e7\u0131yorsunuz. Fakat d\u00fcnyan\u0131n bir ucundaki bu kasaba hayli k\u00fc\u00e7\u00fck, kocan\u0131z s\u0131k\u0131c\u0131 ve tutucu; dindar kay\u0131npederiniz hep sizinle ya\u015fayacak hatta \u00f6lm\u00fc\u015f kay\u0131nvalideniz ruhu ve e\u015fyalar\u0131yla hayat\u0131n\u0131zdan \u00e7\u0131kmayacak\u2026 Ve t\u00fcm bunlar\u0131n k\u0131skac\u0131nda ya\u015farken, biri \u00e7\u0131k\u0131p y\u00f6neticilerin destekledi\u011fi bir projeden bahsediyor, \u201cAtl\u0131 K\u00fct\u00fcphaneci\u201d olmaktan\u2026  Yani d\u00f6rt be\u015f kad\u0131n heybelere kitaplar\u0131 dolduracak ve da\u011f tepe dola\u015f\u0131p kitap da\u011f\u0131tacak. Siz olsan\u0131z, ne yapard\u0131n\u0131z? Kim der ki, tek amac\u0131 s\u0131k\u0131nt\u0131s\u0131n\u0131 atmaya \u00e7al\u0131\u015fan bir kad\u0131n\u0131n hem \u00f6zg\u00fcrl\u00fc\u011f\u00fc hem arkada\u015fl\u0131\u011f\u0131 hem a\u015fk\u0131 b\u00f6yle bulaca\u011f\u0131n\u0131\u2026 Senden \u00d6nce Ben efsanesinin yazar\u0131ndan yine klasik olacak, en az \u201cLou Clark\u201d kadar ilham verici be\u015f ola\u011fan\u00fcst\u00fc kad\u0131n\u0131n ve yapt\u0131klar\u0131 yolcu\u011fun nefes kesici, umut verici ve dokunakl\u0131 hik\u00e2yesi. 1930\u2019lar\u0131n Amerika\u2019s\u0131nda ger\u00e7ekten ya\u015fanm\u0131\u015f bir olaya dayanan O Y\u0131ld\u0131z\u0131n Alt\u0131nda adalet ve sadakatin tutkuyla dans\u0131<\/p>\n","protected":false},"excerpt":{"rendered":"<p>D\u00fc\u015f\u00fcn\u00fcn\u2026 Fazlas\u0131yla bo\u011fucu bir aile ya\u015fant\u0131n\u0131z var ve kar\u015f\u0131n\u0131za ans\u0131z\u0131n yak\u0131\u015f\u0131kl\u0131 Amerikal\u0131 bir adam \u00e7\u0131k\u0131yor. E tabii siz de hemen evlenip heyecan i\u00e7inde, hi\u00e7 g\u00f6rmedi\u011finiz bir<span class=\"excerpt-hellip\"> [\u2026]<\/span><\/p>\n","protected":false},"featured_media":0,"template":"","meta":{"_monsterinsights_skip_tracking":false,"_monsterinsights_sitenote_active":false,"_monsterinsights_sitenote_note":"","_monsterinsights_sitenote_category":0},"product_brand":[],"product_cat":[14643,12291],"product_tag":[],"class_list":{"0":"post-727123","1":"product","2":"type-product","3":"status-publish","5":"product_cat-ask","6":"product_cat-edebiyat","7":"pa_cilt-ciltsiz","8":"pa_tur-kitap","9":"pa_yayinevi-dex-yayinevi","10":"pa_yazar-jojo-moyes","12":"first","13":"instock","14":"sale","15":"shipping-taxable","16":"purchasable","17":"product-type-simple"},"_links":{"self":[{"href":"https:\/\/roveyayinevi.com.tr\/index.php\/wp-json\/wp\/v2\/product\/727123","targetHints":{"allow":["GET"]}}],"collection":[{"href":"https:\/\/roveyayinevi.com.tr\/index.php\/wp-json\/wp\/v2\/product"}],"about":[{"href":"https:\/\/roveyayinevi.com.tr\/index.php\/wp-json\/wp\/v2\/types\/product"}],"wp:attachment":[{"href":"https:\/\/roveyayinevi.com.tr\/index.php\/wp-json\/wp\/v2\/media?parent=727123"}],"wp:term":[{"taxonomy":"product_brand","embeddable":true,"href":"https:\/\/roveyayinevi.com.tr\/index.php\/wp-json\/wp\/v2\/product_brand?post=727123"},{"taxonomy":"product_cat","embeddable":true,"href":"https:\/\/roveyayinevi.com.tr\/index.php\/wp-json\/wp\/v2\/product_cat?post=727123"},{"taxonomy":"product_tag","embeddable":true,"href":"https:\/\/roveyayinevi.com.tr\/index.php\/wp-json\/wp\/v2\/product_tag?post=727123"}],"curies":[{"name":"wp","href":"https:\/\/api.w.org\/{rel}","templated":true}]}}