{"id":727119,"date":"2025-08-27T20:17:22","date_gmt":"2025-08-27T17:17:22","guid":{"rendered":"https:\/\/roveyayinevi.com.tr\/index.php\/urun\/kefenlenen-sir\/"},"modified":"2025-11-21T06:23:12","modified_gmt":"2025-11-21T03:23:12","slug":"kefenlenen-sir","status":"publish","type":"product","link":"https:\/\/roveyayinevi.com.tr\/index.php\/urun\/kefenlenen-sir\/","title":{"rendered":"Kefenlenen S\u0131r"},"content":{"rendered":"<p>Y\u00fczy\u0131llard\u0131r bu topraklarda s\u00fcregelen bir davan\u0131n ad\u0131yd\u0131 namus davas\u0131&#8230; Sadece kad\u0131nlara \u00f6zg\u00fc oldu\u011funa inan\u0131lan bu y\u00fczden de kendilerini \u00fcst\u00fcn g\u00f6ren erkeklerin \u00fcst\u00fcne s\u00f6z s\u00f6yledikleri, hatta u\u011fruna kan d\u00f6kt\u00fckleri bir davayd\u0131 bu. Namusun nas\u0131l korunmas\u0131(!) gerekti\u011fine dair kurallar\u0131 da yine kendilerince i\u00e7lerinde vicdan k\u0131r\u0131nt\u0131s\u0131 olmadan koymu\u015flard\u0131. T\u00f6re&#8230; Hi\u00e7bir vicdan\u0131n kabul etmedi\u011fi fakat u\u011fruna namus cinayetleri i\u015flenilen t\u00f6re de neyin nesiydi? Kimin i\u00e7in hakt\u0131 bu t\u00f6re? Kad\u0131n\u0131 belli kal\u0131plara sokan, aldatmaktan \u00e7ekinmeyen ve bunu ahlaks\u0131zl\u0131k olarak g\u00f6rmeyen, ba\u015ftan sona baya\u011f\u0131l\u0131k kokan hi\u00e7bir vicdanda ge\u00e7meyen kurallard\u0131 bunlar. Kad\u0131n\u0131n her davran\u0131\u015f\u0131na bir kulp takan ama 14-15 ya\u015f\u0131ndaki &#8220;\u00e7ocuklara&#8221; g\u00f6z dikmeyi kendilerine hak g\u00f6renlerin t\u00f6resiydi a\u015fik\u00e2r&#8230; Peki, kad\u0131n\u0131n her f\u0131rsatta de\u011fersizle\u015ftirildi\u011fi, erke\u011fin ise do\u011fru yanl\u0131\u015f fark etmeksizin yapt\u0131\u011f\u0131 her harekette y\u00fcceltildi\u011fi bir yerde namustan bahsedilebilir miydi?  \u0130\u015fte t\u00fcm bu sorular i\u00e7erisinde d\u00fc\u015fm\u00fc\u015ft\u00fc t\u00f6renin ellerine G\u00fclnaz. Kurtar\u0131lmay\u0131 bekleyen y\u00fczlerce \u00e7ocuktan biriydi sadece&#8230; Ailesi de kahrolurken ba\u011flam\u0131\u015flard\u0131 a\u011f\u0131zlar\u0131n\u0131 t\u00f6re diye&#8230; Babas\u0131 \u00e7aresizlik i\u00e7inde y\u00fczerken bir c\u00fcmle dokunmu\u015ftu i\u00e7ine. &#8220;Yazg\u0131y\u0131 insan\u0131n kendisi de\u011fi\u015ftir.&#8221; demi\u015flerdi. Acaba de\u011fi\u015fir miydi kendi k\u0131z\u0131n\u0131n da yazg\u0131s\u0131?<\/p>\n","protected":false},"excerpt":{"rendered":"<p>Y\u00fczy\u0131llard\u0131r bu topraklarda s\u00fcregelen bir davan\u0131n ad\u0131yd\u0131 namus davas\u0131&#8230; Sadece kad\u0131nlara \u00f6zg\u00fc oldu\u011funa inan\u0131lan bu y\u00fczden de kendilerini \u00fcst\u00fcn g\u00f6ren erkeklerin \u00fcst\u00fcne s\u00f6z s\u00f6yledikleri, hatta u\u011fruna<span class=\"excerpt-hellip\"> [\u2026]<\/span><\/p>\n","protected":false},"featured_media":0,"template":"","meta":{"_monsterinsights_skip_tracking":false,"_monsterinsights_sitenote_active":false,"_monsterinsights_sitenote_note":"","_monsterinsights_sitenote_category":0},"product_brand":[],"product_cat":[12291,12711],"product_tag":[],"class_list":{"0":"post-727119","1":"product","2":"type-product","3":"status-publish","5":"product_cat-edebiyat","6":"product_cat-roman-oyku","7":"pa_cilt-ciltsiz","8":"pa_tur-kitap","9":"pa_yayinevi-perseus","10":"pa_yazar-hayriye-goztas","12":"first","13":"instock","14":"sale","15":"shipping-taxable","16":"purchasable","17":"product-type-simple"},"_links":{"self":[{"href":"https:\/\/roveyayinevi.com.tr\/index.php\/wp-json\/wp\/v2\/product\/727119","targetHints":{"allow":["GET"]}}],"collection":[{"href":"https:\/\/roveyayinevi.com.tr\/index.php\/wp-json\/wp\/v2\/product"}],"about":[{"href":"https:\/\/roveyayinevi.com.tr\/index.php\/wp-json\/wp\/v2\/types\/product"}],"wp:attachment":[{"href":"https:\/\/roveyayinevi.com.tr\/index.php\/wp-json\/wp\/v2\/media?parent=727119"}],"wp:term":[{"taxonomy":"product_brand","embeddable":true,"href":"https:\/\/roveyayinevi.com.tr\/index.php\/wp-json\/wp\/v2\/product_brand?post=727119"},{"taxonomy":"product_cat","embeddable":true,"href":"https:\/\/roveyayinevi.com.tr\/index.php\/wp-json\/wp\/v2\/product_cat?post=727119"},{"taxonomy":"product_tag","embeddable":true,"href":"https:\/\/roveyayinevi.com.tr\/index.php\/wp-json\/wp\/v2\/product_tag?post=727119"}],"curies":[{"name":"wp","href":"https:\/\/api.w.org\/{rel}","templated":true}]}}