{"id":727117,"date":"2025-08-27T20:17:20","date_gmt":"2025-08-27T17:17:20","guid":{"rendered":"https:\/\/roveyayinevi.com.tr\/index.php\/urun\/salla-gitsin\/"},"modified":"2026-04-16T02:34:53","modified_gmt":"2026-04-15T23:34:53","slug":"salla-gitsin","status":"publish","type":"product","link":"https:\/\/roveyayinevi.com.tr\/index.php\/urun\/salla-gitsin\/","title":{"rendered":"Salla Gitsin"},"content":{"rendered":"<p>Mutlu olmak istiyor musunuz? Mutluluk e\u011frisinin neresindesiniz? Yoksa siz \u201cSalla Gitsin!\u201d d\u00fc\u011fmesine hen\u00fcz basmad\u0131n\u0131z m\u0131? Peki, bir Duygu Vampirini tan\u0131yabilir misiniz? Memnun olma oyununu biliyor musunuz? Tedx konu\u015fmac\u0131lar\u0131ndan Mirian Goldenberg, zihnimizin arka plan\u0131nda rahats\u0131z edici bir bi\u00e7imde d\u00f6n\u00fcp duran ancak \u00e7o\u011fu zaman bast\u0131rd\u0131\u011f\u0131m\u0131z ve bir kez ya\u015fama hakk\u0131na sahip oldu\u011fumuz k\u0131ymetli hayatlar\u0131m\u0131z\u0131 kimi zaman cehenneme \u00e7evirmemize sebep olan sorular\u0131, sorunlar\u0131 \u00f6n\u00fcm\u00fcze boca ediyor. El \u00e2lem ne der? Hay\u0131r dersem nas\u0131l bir tepki al\u0131r\u0131m? O \u0131\u015f\u0131lt\u0131l\u0131 ya\u015famlar\u0131 k\u0131skand\u0131\u011f\u0131m\u0131 belli etmemeliyim. Bedenim genel g\u00fczellik alg\u0131s\u0131yla uyu\u015fmuyor. Ya\u015flanmaktan korkuyorum. B\u00f6yle olumsuz d\u00fc\u015f\u00fcncelerden birisini bile bu zamana kadar akl\u0131n\u0131zdan ge\u00e7irdiyseniz \u2013ki ge\u00e7irmemek imk\u00e2ns\u0131z\u2013 Goldenberg ile hayat\u0131 zorla\u015ft\u0131ran ne varsa hafife almak, SALLA G\u0130TS\u0130N demek, daha basit ve huzurlu bir ya\u015fam tarz\u0131n\u0131 ke\u015ffetmek i\u00e7in \u00e7\u0131kaca\u011f\u0131n\u0131z yolculu\u011fa ho\u015f geldiniz. <\/p>\n","protected":false},"excerpt":{"rendered":"<p>Mutlu olmak istiyor musunuz? Mutluluk e\u011frisinin neresindesiniz? Yoksa siz \u201cSalla Gitsin!\u201d d\u00fc\u011fmesine hen\u00fcz basmad\u0131n\u0131z m\u0131? Peki, bir Duygu Vampirini tan\u0131yabilir misiniz? Memnun olma oyununu biliyor musunuz?<span class=\"excerpt-hellip\"> [\u2026]<\/span><\/p>\n","protected":false},"featured_media":0,"template":"","meta":{"_monsterinsights_skip_tracking":false,"_monsterinsights_sitenote_active":false,"_monsterinsights_sitenote_note":"","_monsterinsights_sitenote_category":0},"product_brand":[],"product_cat":[12364,12376],"product_tag":[],"class_list":{"0":"post-727117","1":"product","2":"type-product","3":"status-publish","5":"product_cat-genel-konular","6":"product_cat-kisisel-gelisim","7":"pa_cilt-ciltsiz","8":"pa_tur-kitap","9":"pa_yayinevi-fol-kitap","10":"pa_yazar-mirian-goldenberg","12":"first","13":"instock","14":"sale","15":"shipping-taxable","16":"purchasable","17":"product-type-simple"},"_links":{"self":[{"href":"https:\/\/roveyayinevi.com.tr\/index.php\/wp-json\/wp\/v2\/product\/727117","targetHints":{"allow":["GET"]}}],"collection":[{"href":"https:\/\/roveyayinevi.com.tr\/index.php\/wp-json\/wp\/v2\/product"}],"about":[{"href":"https:\/\/roveyayinevi.com.tr\/index.php\/wp-json\/wp\/v2\/types\/product"}],"wp:attachment":[{"href":"https:\/\/roveyayinevi.com.tr\/index.php\/wp-json\/wp\/v2\/media?parent=727117"}],"wp:term":[{"taxonomy":"product_brand","embeddable":true,"href":"https:\/\/roveyayinevi.com.tr\/index.php\/wp-json\/wp\/v2\/product_brand?post=727117"},{"taxonomy":"product_cat","embeddable":true,"href":"https:\/\/roveyayinevi.com.tr\/index.php\/wp-json\/wp\/v2\/product_cat?post=727117"},{"taxonomy":"product_tag","embeddable":true,"href":"https:\/\/roveyayinevi.com.tr\/index.php\/wp-json\/wp\/v2\/product_tag?post=727117"}],"curies":[{"name":"wp","href":"https:\/\/api.w.org\/{rel}","templated":true}]}}