{"id":727116,"date":"2025-08-27T20:17:19","date_gmt":"2025-08-27T17:17:19","guid":{"rendered":"https:\/\/roveyayinevi.com.tr\/index.php\/urun\/arzu-ve-olum\/"},"modified":"2026-04-16T02:34:53","modified_gmt":"2026-04-15T23:34:53","slug":"arzu-ve-olum","status":"publish","type":"product","link":"https:\/\/roveyayinevi.com.tr\/index.php\/urun\/arzu-ve-olum\/","title":{"rendered":"Arzu ve \u00d6l\u00fcm"},"content":{"rendered":"<p>Bu kitapta, Hegel, Heidegger ve Deleuze felsefesinde \u2018arzu\u2019 ve \u2018\u00f6l\u00fcm\u2019\u00fcn tuttu\u011fu yer, filozoflar\u0131n temel metinleri \u00fczerinden ele al\u0131nmaktad\u0131r. Heidegger\u2019in \u00f6l\u00fcm izah\u0131nda deneyim, eksiklik ve melankoli ba\u011flant\u0131s\u0131 sorgulanmakta; Hegel\u2019in Tinin Fenomenolojisi\u2019nden hareketle ele al\u0131nan \u00f6l\u00fcm izah\u0131, yas, bilincin geli\u015fimi ve olumsuzlama aras\u0131ndaki ba\u011f\u0131nt\u0131 incelenmektedir. Deleuze\u2019\u00fcn \u2018\u00fcretkenlik olarak arzu\u2019 izah\u0131 ve Freudcu \u2018\u00f6l\u00fcm arzusu\u2019 modelinden \u2018arzulanan \u00f6l\u00fcm\u2019 modeline ge\u00e7i\u015f ele al\u0131nmaktad\u0131r. Arzu ve \u00d6l\u00fcm ba\u015fl\u0131\u011f\u0131na ra\u011fmen bu kitap, ya\u015fam \u00fczerine d\u00fc\u015f\u00fcn\u00fcm\u00fcn \u00fcr\u00fcn\u00fcd\u00fcr. \u2018\u00d6l\u00fcm\u2019den ya\u015fam\u0131 ve ya\u015fama yollar\u0131n\u0131 \u00e7\u0131karan \u00fc\u00e7 filozofun \u00f6yk\u00fcs\u00fcd\u00fcr. Hegel, Heidegger ve Deleuze\u2019\u00fcn \u2018arzu\u2019, \u2018eksiklik\u2019 ve \u2018yas\u2019\u0131n patikalar\u0131nda, Freud, Lacan ve Zizek\u2019le kesi\u015ftikleri, ayr\u0131\u015ft\u0131klar\u0131 yerleri imleyen bir felsefe tarihi okumas\u0131d\u0131r. Hegel i\u00e7selle\u015ftirilmi\u015f kederli bir \u00f6l\u00fcm \u015fark\u0131s\u0131 s\u00f6ylerken, Heidegger melankolik bir \u00f6l\u00fcm \u015fark\u0131s\u0131 s\u00f6yler. Deleuze\u2019le Guattari\u2019ye g\u00f6re ise hem psikanaliz hem de felsefenin temel ba\u015far\u0131s\u0131zl\u0131\u011f\u0131, her ikisinin de ya\u015fam\u0131n \u015fark\u0131s\u0131 olamay\u0131\u015f\u0131d\u0131r. Ya\u015fam\u0131n kendisi olan bir dizi arzu birle\u015fimleri ve ayr\u0131\u015f\u0131mlar\u0131ndan ibarettir. Felsefenin \u015fark\u0131s\u0131 ise t\u00fcm o karma\u015f\u0131kl\u0131\u011f\u0131 ve canavarl\u0131\u011f\u0131yla, ya\u015fam\u0131n olumlanmas\u0131d\u0131r.<\/p>\n","protected":false},"excerpt":{"rendered":"<p>Bu kitapta, Hegel, Heidegger ve Deleuze felsefesinde \u2018arzu\u2019 ve \u2018\u00f6l\u00fcm\u2019\u00fcn tuttu\u011fu yer, filozoflar\u0131n temel metinleri \u00fczerinden ele al\u0131nmaktad\u0131r. Heidegger\u2019in \u00f6l\u00fcm izah\u0131nda deneyim, eksiklik ve melankoli ba\u011flant\u0131s\u0131<span class=\"excerpt-hellip\"> [\u2026]<\/span><\/p>\n","protected":false},"featured_media":0,"template":"","meta":{"_monsterinsights_skip_tracking":false,"_monsterinsights_sitenote_active":false,"_monsterinsights_sitenote_note":"","_monsterinsights_sitenote_category":0},"product_brand":[],"product_cat":[12388,13555],"product_tag":[],"class_list":{"0":"post-727116","1":"product","2":"type-product","3":"status-publish","5":"product_cat-felsefe","6":"product_cat-genel-felsefe","7":"pa_cilt-ciltsiz","8":"pa_tur-kitap","9":"pa_yayinevi-fol-kitap","10":"pa_yazar-brent-adkins","12":"first","13":"instock","14":"sale","15":"shipping-taxable","16":"purchasable","17":"product-type-simple"},"_links":{"self":[{"href":"https:\/\/roveyayinevi.com.tr\/index.php\/wp-json\/wp\/v2\/product\/727116","targetHints":{"allow":["GET"]}}],"collection":[{"href":"https:\/\/roveyayinevi.com.tr\/index.php\/wp-json\/wp\/v2\/product"}],"about":[{"href":"https:\/\/roveyayinevi.com.tr\/index.php\/wp-json\/wp\/v2\/types\/product"}],"wp:attachment":[{"href":"https:\/\/roveyayinevi.com.tr\/index.php\/wp-json\/wp\/v2\/media?parent=727116"}],"wp:term":[{"taxonomy":"product_brand","embeddable":true,"href":"https:\/\/roveyayinevi.com.tr\/index.php\/wp-json\/wp\/v2\/product_brand?post=727116"},{"taxonomy":"product_cat","embeddable":true,"href":"https:\/\/roveyayinevi.com.tr\/index.php\/wp-json\/wp\/v2\/product_cat?post=727116"},{"taxonomy":"product_tag","embeddable":true,"href":"https:\/\/roveyayinevi.com.tr\/index.php\/wp-json\/wp\/v2\/product_tag?post=727116"}],"curies":[{"name":"wp","href":"https:\/\/api.w.org\/{rel}","templated":true}]}}