{"id":727113,"date":"2025-08-27T20:17:16","date_gmt":"2025-08-27T17:17:16","guid":{"rendered":"https:\/\/roveyayinevi.com.tr\/index.php\/urun\/raki-sisesinde-genc-werther\/"},"modified":"2026-04-16T02:34:53","modified_gmt":"2026-04-15T23:34:53","slug":"raki-sisesinde-genc-werther","status":"publish","type":"product","link":"https:\/\/roveyayinevi.com.tr\/index.php\/urun\/raki-sisesinde-genc-werther\/","title":{"rendered":"Rak\u0131 \u015ei\u015fesinde Gen\u00e7 Werther"},"content":{"rendered":"<p>\u201cYutkunamad\u0131\u011f\u0131m bu nefes borusuyla, Kadeh kadeh t\u00fcm y\u0131ld\u0131zlar\u0131 i\u00e7tik; \u015eair sand\u0131\u011f\u0131m t\u00fcm insanl\u0131\u011fa, \u0130sa\u2019n\u0131n son \u015farap kadehi gibi g\u00fcl\u00fcp ge\u00e7tik.\u201d \u015eair Veli Atalay, \u015fiirlerinde kimi zaman Tanr\u0131\u2019ya sesleniyor, kimi zaman ise i\u00e7imizdeki isyan ate\u015finden bir k\u00f6z al\u0131p koyuyor sat\u0131rlar\u0131n\u0131n aras\u0131na. \u00c7\u0131kaca\u011f\u0131n\u0131z bu k\u00fc\u00e7\u00fck ama sars\u0131c\u0131 yolculukta, okuyaca\u011f\u0131n\u0131z \u015fiirlerin t\u0131n\u0131s\u0131na her \u015fiir i\u00e7in \u00f6zenle se\u00e7ilmi\u015f, birbirinden g\u00fczel m\u00fczik par\u00e7alar\u0131 e\u015flik edecek. <\/p>\n","protected":false},"excerpt":{"rendered":"<p>\u201cYutkunamad\u0131\u011f\u0131m bu nefes borusuyla, Kadeh kadeh t\u00fcm y\u0131ld\u0131zlar\u0131 i\u00e7tik; \u015eair sand\u0131\u011f\u0131m t\u00fcm insanl\u0131\u011fa, \u0130sa\u2019n\u0131n son \u015farap kadehi gibi g\u00fcl\u00fcp ge\u00e7tik.\u201d \u015eair Veli Atalay, \u015fiirlerinde kimi zaman<span class=\"excerpt-hellip\"> [\u2026]<\/span><\/p>\n","protected":false},"featured_media":0,"template":"","meta":{"_monsterinsights_skip_tracking":false,"_monsterinsights_sitenote_active":false,"_monsterinsights_sitenote_note":"","_monsterinsights_sitenote_category":0},"product_brand":[],"product_cat":[12291,12509],"product_tag":[],"class_list":{"0":"post-727113","1":"product","2":"type-product","3":"status-publish","5":"product_cat-edebiyat","6":"product_cat-siir","7":"pa_cilt-ciltsiz","8":"pa_tur-kitap","9":"pa_yayinevi-luna-yayinlari","10":"pa_yazar-veli-atalay","12":"first","13":"instock","14":"sale","15":"shipping-taxable","16":"purchasable","17":"product-type-simple"},"_links":{"self":[{"href":"https:\/\/roveyayinevi.com.tr\/index.php\/wp-json\/wp\/v2\/product\/727113","targetHints":{"allow":["GET"]}}],"collection":[{"href":"https:\/\/roveyayinevi.com.tr\/index.php\/wp-json\/wp\/v2\/product"}],"about":[{"href":"https:\/\/roveyayinevi.com.tr\/index.php\/wp-json\/wp\/v2\/types\/product"}],"wp:attachment":[{"href":"https:\/\/roveyayinevi.com.tr\/index.php\/wp-json\/wp\/v2\/media?parent=727113"}],"wp:term":[{"taxonomy":"product_brand","embeddable":true,"href":"https:\/\/roveyayinevi.com.tr\/index.php\/wp-json\/wp\/v2\/product_brand?post=727113"},{"taxonomy":"product_cat","embeddable":true,"href":"https:\/\/roveyayinevi.com.tr\/index.php\/wp-json\/wp\/v2\/product_cat?post=727113"},{"taxonomy":"product_tag","embeddable":true,"href":"https:\/\/roveyayinevi.com.tr\/index.php\/wp-json\/wp\/v2\/product_tag?post=727113"}],"curies":[{"name":"wp","href":"https:\/\/api.w.org\/{rel}","templated":true}]}}