{"id":727112,"date":"2025-08-27T20:17:16","date_gmt":"2025-08-27T17:17:16","guid":{"rendered":"https:\/\/roveyayinevi.com.tr\/index.php\/urun\/gokyuzune-ugurladim-cocuklugumu\/"},"modified":"2026-04-16T02:34:53","modified_gmt":"2026-04-15T23:34:53","slug":"gokyuzune-ugurladim-cocuklugumu","status":"publish","type":"product","link":"https:\/\/roveyayinevi.com.tr\/index.php\/urun\/gokyuzune-ugurladim-cocuklugumu\/","title":{"rendered":"G\u00f6ky\u00fcz\u00fcne U\u011furlad\u0131m \u00c7ocuklu\u011fumu"},"content":{"rendered":"<p>Hep mi sessiz ge\u00e7er bu \u00e7ocukluk, Hep mi yar\u0131da kal\u0131r o masumane hayaller, Hep mi izi kal\u0131r d\u00fc\u015ft\u00fc\u011f\u00fcnde kanayan yaran\u0131n?   \u00c7ocukluk diyorum&#8230; Ne kadar da hevesliydi b\u00fcy\u00fcmeye\u2026 Oysaki b\u00fcy\u00fcmek dedi\u011fin, Bir kuru r\u00fczg\u00e2rdan ba\u015fka neydi ki? Yeri geldi hayallerini, Yeri geldi g\u00fcl\u00fc\u015flerini savurdu uzaklara. Bir \u00e7aresiz \u00f6zlemden ba\u015fka neydi ki b\u00fcy\u00fcmek? <\/p>\n","protected":false},"excerpt":{"rendered":"<p>Hep mi sessiz ge\u00e7er bu \u00e7ocukluk, Hep mi yar\u0131da kal\u0131r o masumane hayaller, Hep mi izi kal\u0131r d\u00fc\u015ft\u00fc\u011f\u00fcnde kanayan yaran\u0131n? \u00c7ocukluk diyorum&#8230; Ne kadar da hevesliydi<span class=\"excerpt-hellip\"> [\u2026]<\/span><\/p>\n","protected":false},"featured_media":0,"template":"","meta":{"_monsterinsights_skip_tracking":false,"_monsterinsights_sitenote_active":false,"_monsterinsights_sitenote_note":"","_monsterinsights_sitenote_category":0},"product_brand":[],"product_cat":[12291,12509],"product_tag":[],"class_list":{"0":"post-727112","1":"product","2":"type-product","3":"status-publish","5":"product_cat-edebiyat","6":"product_cat-siir","7":"pa_cilt-ciltsiz","8":"pa_tur-kitap","9":"pa_yayinevi-luna-yayinlari","10":"pa_yazar-ayse-ovali","12":"first","13":"instock","14":"sale","15":"shipping-taxable","16":"purchasable","17":"product-type-simple"},"_links":{"self":[{"href":"https:\/\/roveyayinevi.com.tr\/index.php\/wp-json\/wp\/v2\/product\/727112","targetHints":{"allow":["GET"]}}],"collection":[{"href":"https:\/\/roveyayinevi.com.tr\/index.php\/wp-json\/wp\/v2\/product"}],"about":[{"href":"https:\/\/roveyayinevi.com.tr\/index.php\/wp-json\/wp\/v2\/types\/product"}],"wp:attachment":[{"href":"https:\/\/roveyayinevi.com.tr\/index.php\/wp-json\/wp\/v2\/media?parent=727112"}],"wp:term":[{"taxonomy":"product_brand","embeddable":true,"href":"https:\/\/roveyayinevi.com.tr\/index.php\/wp-json\/wp\/v2\/product_brand?post=727112"},{"taxonomy":"product_cat","embeddable":true,"href":"https:\/\/roveyayinevi.com.tr\/index.php\/wp-json\/wp\/v2\/product_cat?post=727112"},{"taxonomy":"product_tag","embeddable":true,"href":"https:\/\/roveyayinevi.com.tr\/index.php\/wp-json\/wp\/v2\/product_tag?post=727112"}],"curies":[{"name":"wp","href":"https:\/\/api.w.org\/{rel}","templated":true}]}}